{"id":9987,"date":"2023-01-18T18:24:30","date_gmt":"2023-01-18T16:24:30","guid":{"rendered":"https:\/\/dev.zezz.ee\/garden\/toode\/hemerocallis-sammy-russell\/"},"modified":"2026-02-25T18:31:35","modified_gmt":"2026-02-25T16:31:35","slug":"hemerocallis-sammy-russell","status":"publish","type":"product","link":"https:\/\/dev.garden.ee\/en\/product\/hemerocallis-sammy-russell\/","title":{"rendered":"Hemerocallis &#8216;Sammy Russell&#8217;"},"content":{"rendered":"<input class=\"fooboxshare_post_id\" type=\"hidden\" value=\"9987\"\/>","protected":false},"excerpt":{"rendered":"<p>Sordil on v\u00e4ga kaunid burgundiapunased trompetja kuju ning kuldkollase s\u00fcdamikuga \u00f5ied. \u00d5ievarsi \u00fcmbritseb v\u00e4ga kitsas ning pehmelt kaarduv lehestik. Iga \u00f5is p\u00fcsib varrel u. 24 tundi. \u00dche \u00f5ie n\u00e4rtsides avaneb aga uus, seega kuigi \u00f5ied p\u00fcsivad l\u00fchikest aega on neid vartel piisavalt palju, seega \u00f5ieilu saab tegelikult p\u00e4ris pikalt nautida. Suurep\u00e4rase p\u00f5uataluvusega. Meelitab aega liblikaid ja mesilasi. Kompaktse vormiga p\u00fcsik sobib nii v\u00e4iksemasse aeda kui konteinerisse. Sort p\u00e4rineb 1951. aastast, aretajaks ameeriklane H.M. Russell, kes p\u00fchendaski oma elu p\u00e4evaliiliate aretusele.<\/p>\n<p>Hooldus: Peale \u00f5ite n\u00e4rbumist tuleks nad eemaldada, et ergutada taime veel uusi \u00f5isi looma. Kui k\u00f5ik \u00f5ied on \u00f5itsenud v\u00f5ib \u00f5ievarred maani maha l\u00f5igata. S\u00fcgisel tuleks koledakas muutunud lehestik eemaldada.<\/p>","protected":false},"featured_media":9988,"template":"","meta":[],"product_brand":[],"product_cat":[4415,4401,4409,4392,22],"product_tag":[],"class_list":{"0":"post-9987","1":"product","2":"type-product","3":"status-publish","4":"has-post-thumbnail","6":"product_cat-lilleaed","7":"product_cat-pusikud","8":"product_cat-tiigiaed","9":"product_cat-tiigitaimed","10":"product_cat-taimed","11":"pa_moodud-k-50-cm-l-50-cm","12":"pa_oie-varv-punane","13":"pa_oitsemise-aeg-juuli-august","14":"pa_talvekindlus-vaga-hea","15":"pa_tsoon-z-3-9","16":"pa_variatsioon-suurem-pott","17":"pa_variatsioon-suurem-pott-soodushind-70","18":"pa_variatsioon-vaiksem-pott","20":"first","21":"instock","22":"sale","23":"purchasable","24":"product-type-variable"},"acf":[],"_links":{"self":[{"href":"https:\/\/dev.garden.ee\/en\/wp-json\/wp\/v2\/product\/9987","targetHints":{"allow":["GET"]}}],"collection":[{"href":"https:\/\/dev.garden.ee\/en\/wp-json\/wp\/v2\/product"}],"about":[{"href":"https:\/\/dev.garden.ee\/en\/wp-json\/wp\/v2\/types\/product"}],"wp:featuredmedia":[{"embeddable":true,"href":"https:\/\/dev.garden.ee\/en\/wp-json\/wp\/v2\/media\/9988"}],"wp:attachment":[{"href":"https:\/\/dev.garden.ee\/en\/wp-json\/wp\/v2\/media?parent=9987"}],"wp:term":[{"taxonomy":"product_brand","embeddable":true,"href":"https:\/\/dev.garden.ee\/en\/wp-json\/wp\/v2\/product_brand?post=9987"},{"taxonomy":"product_cat","embeddable":true,"href":"https:\/\/dev.garden.ee\/en\/wp-json\/wp\/v2\/product_cat?post=9987"},{"taxonomy":"product_tag","embeddable":true,"href":"https:\/\/dev.garden.ee\/en\/wp-json\/wp\/v2\/product_tag?post=9987"}],"curies":[{"name":"wp","href":"https:\/\/api.w.org\/{rel}","templated":true}]}}