{"id":9941,"date":"2023-01-18T18:24:01","date_gmt":"2023-01-18T16:24:01","guid":{"rendered":"https:\/\/dev.zezz.ee\/garden\/toode\/equisetum-japonicum\/"},"modified":"2026-02-23T18:49:32","modified_gmt":"2026-02-23T16:49:32","slug":"equisetum-japonicum","status":"publish","type":"product","link":"https:\/\/dev.garden.ee\/en\/product\/equisetum-japonicum\/","title":{"rendered":"Equisetum japonicum"},"content":{"rendered":"<input class=\"fooboxshare_post_id\" type=\"hidden\" value=\"9941\"\/>","protected":false},"excerpt":{"rendered":"<p>See \u00fclimalt eksootilise v\u00e4limusega taim sarnaneb bambusele. Pikad, mahlaselt rohelised lehetud kasvud on kaunistatud p\u00f5ikiasetsevate tumedamate r\u00f5ngastega. Taime saab kasvatada nii aiamaal kui ka veekogudes. Arvestama peab nii, et taime kasv peab j\u00e4\u00e4ma 15 cm vee kohale. Samuti saab istutada taime ka istutuskasti. Veelembesele taimele tuleb kindlustada niiske, peaaegu m\u00e4rg muld ja p\u00e4ikeseline aianurk. Taim paljuneb risoomide abil, mida piirates saab ka taime meelep\u00e4raselt vaos hoida.<\/p>","protected":false},"featured_media":9942,"template":"","meta":[],"product_brand":[],"product_cat":[9637,4401,4409,4392,22],"product_tag":[],"class_list":{"0":"post-9941","1":"product","2":"type-product","3":"status-publish","4":"has-post-thumbnail","6":"product_cat-istutuskast","7":"product_cat-pusikud","8":"product_cat-tiigiaed","9":"product_cat-tiigitaimed","10":"product_cat-taimed","11":"pa_kasvukorgus-90-100-cm","12":"pa_laius-100-cm","13":"pa_lisainfo-sobilik-istutuskasti-jaoks","14":"pa_lisainfo-veetaim","15":"pa_talvekindlus-hea","16":"pa_tingimused-niiske","17":"pa_tsoon-3-11","18":"pa_valguse-tingimused-paike","19":"pa_variatsioon-suurem-pott","20":"pa_variatsioon-vaiksem-pott","22":"first","23":"instock","24":"purchasable","25":"product-type-variable"},"acf":[],"_links":{"self":[{"href":"https:\/\/dev.garden.ee\/en\/wp-json\/wp\/v2\/product\/9941","targetHints":{"allow":["GET"]}}],"collection":[{"href":"https:\/\/dev.garden.ee\/en\/wp-json\/wp\/v2\/product"}],"about":[{"href":"https:\/\/dev.garden.ee\/en\/wp-json\/wp\/v2\/types\/product"}],"wp:featuredmedia":[{"embeddable":true,"href":"https:\/\/dev.garden.ee\/en\/wp-json\/wp\/v2\/media\/9942"}],"wp:attachment":[{"href":"https:\/\/dev.garden.ee\/en\/wp-json\/wp\/v2\/media?parent=9941"}],"wp:term":[{"taxonomy":"product_brand","embeddable":true,"href":"https:\/\/dev.garden.ee\/en\/wp-json\/wp\/v2\/product_brand?post=9941"},{"taxonomy":"product_cat","embeddable":true,"href":"https:\/\/dev.garden.ee\/en\/wp-json\/wp\/v2\/product_cat?post=9941"},{"taxonomy":"product_tag","embeddable":true,"href":"https:\/\/dev.garden.ee\/en\/wp-json\/wp\/v2\/product_tag?post=9941"}],"curies":[{"name":"wp","href":"https:\/\/api.w.org\/{rel}","templated":true}]}}