{"id":9930,"date":"2023-01-18T18:23:54","date_gmt":"2023-01-18T16:23:54","guid":{"rendered":"https:\/\/dev.zezz.ee\/garden\/toode\/helleborus-x-hybridus-double-ellen-picotee\/"},"modified":"2026-02-24T21:48:07","modified_gmt":"2026-02-24T19:48:07","slug":"helleborus-orientalis-double-ellen-picotee","status":"publish","type":"product","link":"https:\/\/dev.garden.ee\/en\/product\/helleborus-orientalis-double-ellen-picotee\/","title":{"rendered":"Helleborus orientalis &#8216;Double Ellen Picotee&#8217;"},"content":{"rendered":"<input class=\"fooboxshare_post_id\" type=\"hidden\" value=\"9930\"\/>","protected":false},"excerpt":{"rendered":"<p>\u00dcks k\u00f5ige varasem kevadine \u00f5itseja. Soojema talve puhul v\u00f5ib juba m\u00e4rtsis r\u00f5\u00f5mustada kreemikate, purpurse \u00e4\u00e4ristusega topelt\u00f5ite \u00fcle. Lumeroos on kompaktne, tugevate \u00f5ievartega, tiheda lehestikuga, talvehaljas taim. \u00d5ied seevastu on aga \u00f5rnad, vallatu kollase s\u00fcdamikuga ja armsate tolmukatega. Kasvamiseks eelistab lumeroos viljaka huumusrikka ning parasniiske pinnasega poolvarjulist kasvukohta. Kui pinnas on niiske, v\u00f5ib kasvada ka p\u00e4ikeselisel kasvukohal. \u00a0Ei talu pikemaajalist liigniiskust. Aastatega kasvab lumeroos suureks puhmikuks, seet\u00f5ttu j\u00e4tke taimede vahele 60 cm. Parim \u00fcmberistutusaeg on kevadel v\u00f5i augustis. S\u00fcgisel v\u00f5ib aga kogemata h\u00e4irida \u00f5iepungade moodustumist ning j\u00e4rgmisel kevadel on \u00f5itsemine tagasihoidlikum. Lumeroosi juured ei armasta kuumust, seet\u00f5ttu tuleb taime \u00fcmbrus mult\u0161ida turba v\u00f5i kompostiga. Mulla v\u00f5ib katta ka kividega. Nad ei vaja just eraldi v\u00e4etamist, aga mult\u0161imine kompostiga on neile v\u00e4gagi meeltm\u00f6\u00f6da. Lumeroos on hea l\u00f5ikelill, mis p\u00fcsib vaasis isegi kuni paar n\u00e4dalat. Aga ettevaatust: lumeroosi k\u00f5ik osad on m\u00fcrgised!<\/p>","protected":false},"featured_media":9931,"template":"","meta":[],"product_brand":[],"product_cat":[6934,4406,4401,4412,22],"product_tag":[],"class_list":{"0":"post-9930","1":"product","2":"type-product","3":"status-publish","4":"has-post-thumbnail","6":"product_cat-mesilassobralik-aed","7":"product_cat-park","8":"product_cat-pusikud","9":"product_cat-varjuaed","10":"product_cat-taimed","11":"pa_haiguskindlus-vaga-hea","12":"pa_moodud-k-35-40-cm-l-60-cm","13":"pa_oie-varv-kreemjas","14":"pa_oitsemise-aeg-marts-aprill","15":"pa_talvekindlus-vaga-hea","16":"pa_tsoon-4-8","17":"pa_variatsioon-suurem-pott","18":"pa_variatsioon-vaiksem-pott","20":"first","21":"onbackorder","22":"purchasable","23":"product-type-variable"},"acf":[],"_links":{"self":[{"href":"https:\/\/dev.garden.ee\/en\/wp-json\/wp\/v2\/product\/9930","targetHints":{"allow":["GET"]}}],"collection":[{"href":"https:\/\/dev.garden.ee\/en\/wp-json\/wp\/v2\/product"}],"about":[{"href":"https:\/\/dev.garden.ee\/en\/wp-json\/wp\/v2\/types\/product"}],"wp:featuredmedia":[{"embeddable":true,"href":"https:\/\/dev.garden.ee\/en\/wp-json\/wp\/v2\/media\/9931"}],"wp:attachment":[{"href":"https:\/\/dev.garden.ee\/en\/wp-json\/wp\/v2\/media?parent=9930"}],"wp:term":[{"taxonomy":"product_brand","embeddable":true,"href":"https:\/\/dev.garden.ee\/en\/wp-json\/wp\/v2\/product_brand?post=9930"},{"taxonomy":"product_cat","embeddable":true,"href":"https:\/\/dev.garden.ee\/en\/wp-json\/wp\/v2\/product_cat?post=9930"},{"taxonomy":"product_tag","embeddable":true,"href":"https:\/\/dev.garden.ee\/en\/wp-json\/wp\/v2\/product_tag?post=9930"}],"curies":[{"name":"wp","href":"https:\/\/api.w.org\/{rel}","templated":true}]}}