{"id":993,"date":"2023-01-18T16:59:27","date_gmt":"2023-01-18T14:59:27","guid":{"rendered":"https:\/\/dev.zezz.ee\/garden\/toode\/prince-jardinier-schloss-ippenburg\/"},"modified":"2026-02-08T21:05:33","modified_gmt":"2026-02-08T19:05:33","slug":"prince-jardinier","status":"publish","type":"product","link":"https:\/\/dev.garden.ee\/en\/product\/prince-jardinier\/","title":{"rendered":"Prince Jardinier\u00ae"},"content":{"rendered":"<input class=\"fooboxshare_post_id\" type=\"hidden\" value=\"993\"\/>","protected":false},"excerpt":{"rendered":"<p>See erakordne roosip\u00f5\u00f5sas r\u00f5\u00f5mustab nii silmi kui ka nina oma v\u00f5imsa ja keeruka aroomiga. Selle puuviljase roosi, lit\u0161i ja vaarika noodid loovad imelise l\u00f5hna, mis t\u00e4idab aia joovastava atmosf\u00e4\u00e4riga. Uhked \u00fclisuured (13cm) t\u00e4idetud \u00f5ied (80 kroonlehega) on kahev\u00e4rvilised &#8211; serva poolt kreemikasvalge, mida \u00f5rnalt t\u00e4iustab roosa keskosa. Meenutab kuningliku portselani peenust. See majesteetlik \u00f5itsemine uueneb pidevalt varakult kuni esimeste k\u00fclmadeni. Suured, l\u00e4ikivad, tumerohelised lehed t\u00e4iendavad ideaalselt \u00f5ite s\u00e4ra. V\u00e4ga haiguskindel, terve, erakordselt vastupidav ja tugeva kasvuga roos, mist\u00f5ttu sobib h\u00e4sti kasutamiseks ka massina.<\/p>\n<p>\u00d5itsemise ergutamiseks ja l\u00f5hna intensiivistamiseks kasutage kevadel ja p\u00e4rast iga \u00f5itsemist spetsiaalset roosiv\u00e4etist. Eemaldage regulaarselt n\u00e4rtsinud \u00f5ied, et soodustada korduv\u00f5itsemist. Igal kevadel kolmandiku v\u00f5rra p\u00fcgamine soodustab j\u00f5uliste uute v\u00f5rsete ja veelgi suurejoonelisemate \u00f5ite kasvu.<\/p>\n<p>Auhinnad: Perfume Buenos Aires; suure\u00f5ieliste rooside h\u00f5bemedal Baden Baden&#8217;is; ADR.<\/p>\n<p><span style=\"color: #ff0000;\">ETTETELLIMINE, V\u00c4LJASTAMINE ALATES APRILLI KESKPAIGAST<\/span><\/p>","protected":false},"featured_media":25046,"template":"","meta":[],"product_brand":[],"product_cat":[4415,4414,4413,4406,4416,4402,22],"product_tag":[9418],"class_list":{"0":"post-993","1":"product","2":"type-product","3":"status-publish","4":"has-post-thumbnail","6":"product_cat-lilleaed","7":"product_cat-lohnaaed","8":"product_cat-loikelilleaed","9":"product_cat-park","10":"product_cat-roosiaed","11":"product_cat-roosid","12":"product_cat-taimed","13":"product_tag-adr-roos","14":"pa_adr-jah","15":"pa_aretus-meilland","16":"pa_avalikustamisaasta-prantsusmaa-2008","17":"pa_haiguskindlus-vaga-hea","18":"pa_kasvukorgus-100-cm","19":"pa_kollektsioon-perfumella","20":"pa_laius-75-cm","21":"pa_lisainfo-sobib-lohnaaeda","22":"pa_lisainfo-sobib-loikelilleks","23":"pa_lohn-tugev","24":"pa_oie-suurus-ulisuur","25":"pa_oie-varv-kreemikasvalge","26":"pa_oie-varv-roosa","27":"pa_oietuup-taidisois","28":"pa_oitsemine-korduvalt-oitsev","29":"pa_sort-teehubriidroos","30":"pa_taimede-arvestus-ruutmeetri-9216","31":"pa_talvekindlus-vaga-hea","32":"pa_variatsioon-paljasjuurne-ainult-kevadel","33":"pa_variatsioon-potis-4-6l-suvel-ja-sugisel","35":"first","36":"outofstock","37":"purchasable","38":"product-type-variable"},"acf":[],"_links":{"self":[{"href":"https:\/\/dev.garden.ee\/en\/wp-json\/wp\/v2\/product\/993","targetHints":{"allow":["GET"]}}],"collection":[{"href":"https:\/\/dev.garden.ee\/en\/wp-json\/wp\/v2\/product"}],"about":[{"href":"https:\/\/dev.garden.ee\/en\/wp-json\/wp\/v2\/types\/product"}],"wp:featuredmedia":[{"embeddable":true,"href":"https:\/\/dev.garden.ee\/en\/wp-json\/wp\/v2\/media\/25046"}],"wp:attachment":[{"href":"https:\/\/dev.garden.ee\/en\/wp-json\/wp\/v2\/media?parent=993"}],"wp:term":[{"taxonomy":"product_brand","embeddable":true,"href":"https:\/\/dev.garden.ee\/en\/wp-json\/wp\/v2\/product_brand?post=993"},{"taxonomy":"product_cat","embeddable":true,"href":"https:\/\/dev.garden.ee\/en\/wp-json\/wp\/v2\/product_cat?post=993"},{"taxonomy":"product_tag","embeddable":true,"href":"https:\/\/dev.garden.ee\/en\/wp-json\/wp\/v2\/product_tag?post=993"}],"curies":[{"name":"wp","href":"https:\/\/api.w.org\/{rel}","templated":true}]}}