{"id":9903,"date":"2023-01-18T18:23:38","date_gmt":"2023-01-18T16:23:38","guid":{"rendered":"https:\/\/dev.zezz.ee\/garden\/toode\/lamiastrum-galeobdolon-hermanns-pride\/"},"modified":"2026-03-01T13:23:14","modified_gmt":"2026-03-01T11:23:14","slug":"lamiastrum-galeobdolon-hermanns-pride","status":"publish","type":"product","link":"https:\/\/dev.garden.ee\/en\/product\/lamiastrum-galeobdolon-hermanns-pride\/","title":{"rendered":"Lamiastrum galeobdolon &#8216;Hermann&#8217;s Pride&#8217;"},"content":{"rendered":"<input class=\"fooboxshare_post_id\" type=\"hidden\" value=\"9903\"\/>","protected":false},"excerpt":{"rendered":"<p>Taim moodustab madala dekoratiivse puhma t\u00e4nu oma rohelise ning h\u00f5beda segusele lehestkule. Tegemist ei ole agresiivse taimega, mist\u00f5ttu pole hirmu, et ta teised taimed v\u00e4lja s\u00f6\u00f6ks. Kohanenud taim saab suurep\u00e4raselt hakkama ka p\u00f5uastes tingimustes.<\/p>\n<p>Hooldus: Kesksuvel v\u00f5ib v\u00e4ljaveninud taime tagasi l\u00f5igata, et hoida tema head vormi. Jagamist saab teha nii kevadel kui ka s\u00fcgisel.<\/p>","protected":false},"featured_media":9904,"template":"","meta":[],"product_brand":[],"product_cat":[4406,9200,4401,4412,22],"product_tag":[],"class_list":{"0":"post-9903","1":"product","2":"type-product","3":"status-publish","4":"has-post-thumbnail","6":"product_cat-park","7":"product_cat-pinnakatjad","8":"product_cat-pusikud","9":"product_cat-varjuaed","10":"product_cat-taimed","11":"pa_moodud-k-25-cm-l-35-cm","12":"pa_oie-varv-kollane","13":"pa_oitsemise-aeg-mai-juuni","14":"pa_talvekindlus-vaga-hea","15":"pa_tsoon-2-9","16":"pa_variatsioon-suurem-pott","17":"pa_variatsioon-vaiksem-pott","19":"first","20":"outofstock","21":"purchasable","22":"product-type-variable"},"acf":[],"_links":{"self":[{"href":"https:\/\/dev.garden.ee\/en\/wp-json\/wp\/v2\/product\/9903","targetHints":{"allow":["GET"]}}],"collection":[{"href":"https:\/\/dev.garden.ee\/en\/wp-json\/wp\/v2\/product"}],"about":[{"href":"https:\/\/dev.garden.ee\/en\/wp-json\/wp\/v2\/types\/product"}],"wp:featuredmedia":[{"embeddable":true,"href":"https:\/\/dev.garden.ee\/en\/wp-json\/wp\/v2\/media\/9904"}],"wp:attachment":[{"href":"https:\/\/dev.garden.ee\/en\/wp-json\/wp\/v2\/media?parent=9903"}],"wp:term":[{"taxonomy":"product_brand","embeddable":true,"href":"https:\/\/dev.garden.ee\/en\/wp-json\/wp\/v2\/product_brand?post=9903"},{"taxonomy":"product_cat","embeddable":true,"href":"https:\/\/dev.garden.ee\/en\/wp-json\/wp\/v2\/product_cat?post=9903"},{"taxonomy":"product_tag","embeddable":true,"href":"https:\/\/dev.garden.ee\/en\/wp-json\/wp\/v2\/product_tag?post=9903"}],"curies":[{"name":"wp","href":"https:\/\/api.w.org\/{rel}","templated":true}]}}