{"id":9895,"date":"2023-01-18T18:23:33","date_gmt":"2023-01-18T16:23:33","guid":{"rendered":"https:\/\/dev.zezz.ee\/garden\/toode\/lathyrus-latifolius-pink-pearl\/"},"modified":"2026-03-01T13:50:15","modified_gmt":"2026-03-01T11:50:15","slug":"lathyrus-latifolius-pink-pearl","status":"publish","type":"product","link":"https:\/\/dev.garden.ee\/en\/product\/lathyrus-latifolius-pink-pearl\/","title":{"rendered":"Lathyrus latifolius &#8216;Pink Pearl&#8217;"},"content":{"rendered":"<input class=\"fooboxshare_post_id\" type=\"hidden\" value=\"9895\"\/>","protected":false},"excerpt":{"rendered":"<p>Suvest s\u00fcgiseni katavad taime purpurroosad \u00f5ied taustaks hallikasroheline lehestik. J\u00f5ulise kasvuga k\u00fclmakindel rohtne ronitaim. Selleks et taim saaks kenasti oma harunevate v\u00f5rsetega soovitud madalamat v\u00f5re v\u00f5i seina katta tuleks teda vastavalt soovile ka siduda. Erinevalt lillhernestest on seaherned l\u00f5hnatud.\u00a0Hea l\u00f5ikelill v\u00e4ikesteks kimpudeks. Tuule, p\u00f5ua ning soola kindel taim.<\/p>\n<p>Hooldus: eelistab poolvarju v\u00f5i valget kohta (kuid mitte l\u00f5unapoolset) h\u00e4sti s\u00fcgavalt haritud, piisavalt niisket mulda. Talvitub ilma katteta.\u00a0Kevadel vanadel taimedel pealsed maha l\u00f5igata.\u00a0\u00d5itseb rikkalikult m\u00f5\u00f5dukal temperatuuril ja piisava niiskuse korral, vajab \u00fclessidumist ja regulaarset kastmist, iga 2-3 n\u00e4dala tagant v\u00e4etamist kompleksv\u00e4etisega.\u00a0Istikuid soovitatakse v\u00e4etada l\u00e4mmastiku v\u00f5i orgaanilise v\u00e4etisega. Hargnevuse suurendamiseks n\u00e4pistatakse taime latv peale 3-4 lehte \u00e4ra. Istikud istutatakse avamaale juuni algul koos mullapalliga kergesse, viljakasse mulda.<\/p>","protected":false},"featured_media":9896,"template":"","meta":[],"product_brand":[],"product_cat":[4415,4413,4401,4397,4408,22],"product_tag":[],"class_list":{"0":"post-9895","1":"product","2":"type-product","3":"status-publish","4":"has-post-thumbnail","6":"product_cat-lilleaed","7":"product_cat-loikelilleaed","8":"product_cat-pusikud","9":"product_cat-ronitaimed","10":"product_cat-vaike-aed","11":"product_cat-taimed","12":"pa_haiguskindlus-hea","13":"pa_lisainfo-ronitaim","14":"pa_lisainfo-sobib-loikelilleks","15":"pa_lisainfo-talub-ka-tuulisemat-kasvukohta","16":"pa_lisainfo-talub-pouda","17":"pa_lisainfo-talub-soola","18":"pa_moodud-k-200-cm","19":"pa_oie-varv-roosa","20":"pa_variatsioon-suurem-pott","21":"pa_variatsioon-vaiksem-pott","23":"first","24":"outofstock","25":"purchasable","26":"product-type-variable"},"acf":[],"_links":{"self":[{"href":"https:\/\/dev.garden.ee\/en\/wp-json\/wp\/v2\/product\/9895","targetHints":{"allow":["GET"]}}],"collection":[{"href":"https:\/\/dev.garden.ee\/en\/wp-json\/wp\/v2\/product"}],"about":[{"href":"https:\/\/dev.garden.ee\/en\/wp-json\/wp\/v2\/types\/product"}],"wp:featuredmedia":[{"embeddable":true,"href":"https:\/\/dev.garden.ee\/en\/wp-json\/wp\/v2\/media\/9896"}],"wp:attachment":[{"href":"https:\/\/dev.garden.ee\/en\/wp-json\/wp\/v2\/media?parent=9895"}],"wp:term":[{"taxonomy":"product_brand","embeddable":true,"href":"https:\/\/dev.garden.ee\/en\/wp-json\/wp\/v2\/product_brand?post=9895"},{"taxonomy":"product_cat","embeddable":true,"href":"https:\/\/dev.garden.ee\/en\/wp-json\/wp\/v2\/product_cat?post=9895"},{"taxonomy":"product_tag","embeddable":true,"href":"https:\/\/dev.garden.ee\/en\/wp-json\/wp\/v2\/product_tag?post=9895"}],"curies":[{"name":"wp","href":"https:\/\/api.w.org\/{rel}","templated":true}]}}