{"id":988,"date":"2023-01-18T16:59:24","date_gmt":"2023-01-18T14:59:24","guid":{"rendered":"https:\/\/dev.zezz.ee\/garden\/toode\/nadia-meidiland\/"},"modified":"2026-02-07T20:42:14","modified_gmt":"2026-02-07T18:42:14","slug":"nadia-meidiland","status":"publish","type":"product","link":"https:\/\/dev.garden.ee\/en\/product\/nadia-meidiland\/","title":{"rendered":"Nadia Meidiland\u00ae"},"content":{"rendered":"<input class=\"fooboxshare_post_id\" type=\"hidden\" value=\"988\"\/>","protected":false},"excerpt":{"rendered":"<p>Kergelt aromaatsete ning romantiliste \u00f5itega roos on imelise haiguskindlusega ning l\u00f5ppematu \u00f5itsemisega sort. Hele kollaseid suuri (10cm), v\u00e4ga t\u00e4idetud (100 kroonlehega) \u00f5isi \u00fcmbritseb l\u00e4ikiv, tumeroheline lehestik.<\/p>\n<p>Poeetilise nimega roos \u00fchendab maastikurooside rikkaliku \u00f5ie haruldase laiusega, muutes selle v\u00e4\u00e4rtuslikuks liitlaseks suurte alade vaevata katmiseks. Aastate jooksul arendab laiuva silueti ja kompaktse kasvu, ulatudes 50\u201360 cm k\u00f5rguseks. Kuid just laiuses avaldub selle t\u00e4ielik potentsiaal, painduvate okste pikkus on \u00fcle 100cm v\u00f5i rohkemgi! See v\u00f5imaldab tal kiiresti katta suuri alasid, n\u00e4iteks kuiva ja kaldus maad v\u00f5i valle, mida ta oma juurtega stabiliseerib. Suur p\u00f5uakindlus v\u00f5imaldab tal edeneda isegi keerulisel maastikul, kui saab esimesel aastal vett. Moodustab suurep\u00e4rase, vastupidava ja helendava pinnakatte. Leiab oma koha ka \u00e4\u00e4ristaimena ja annab efekti servadel rippudes.<\/p>\n<p>La Tacitas v\u00f5itis roos kuldmedali.<\/p>\n<p><span style=\"color: #ff0000;\">ETTETELLIMINE, V\u00c4LJASTAMINE APRILLI KESKPAIGAST<\/span><\/p>","protected":false},"featured_media":989,"template":"","meta":[],"product_brand":[],"product_cat":[4415,9200,9550,4416,4402,22],"product_tag":[],"class_list":{"0":"post-988","1":"product","2":"type-product","3":"status-publish","4":"has-post-thumbnail","6":"product_cat-lilleaed","7":"product_cat-pinnakatjad","8":"product_cat-rodu-ja-terrass","9":"product_cat-roosiaed","10":"product_cat-roosid","11":"product_cat-taimed","12":"pa_aretus-meilland","13":"pa_avalikustamisaasta-369","14":"pa_haiguskindlus-vaga-hea","15":"pa_kasvukorgus-50-60-cm","16":"pa_laius-1-m","17":"pa_lisainfo-hea-pinnakatja","18":"pa_lisainfo-ripptaim","19":"pa_lisainfo-sobib-osalise-varjuga-kasvualale","20":"pa_lohn-orn","21":"pa_oie-suurus-suur","22":"pa_oie-varv-kollane","23":"pa_oietuup-taidisois","24":"pa_oitsemine-korduvalt-oitsev","25":"pa_sort-pinnakatteroos","26":"pa_sort-vaikepoosas","27":"pa_taimede-arvestus-ruutmeetri-9220","28":"pa_talvekindlus-vaga-hea","29":"pa_variatsioon-paljasjuurne-ainult-kevadel","30":"pa_variatsioon-potis-4-6l","31":"pa_variatsioon-potis-4-6l-suvel-ja-sugisel","33":"first","34":"outofstock","35":"purchasable","36":"product-type-variable"},"acf":[],"_links":{"self":[{"href":"https:\/\/dev.garden.ee\/en\/wp-json\/wp\/v2\/product\/988","targetHints":{"allow":["GET"]}}],"collection":[{"href":"https:\/\/dev.garden.ee\/en\/wp-json\/wp\/v2\/product"}],"about":[{"href":"https:\/\/dev.garden.ee\/en\/wp-json\/wp\/v2\/types\/product"}],"wp:featuredmedia":[{"embeddable":true,"href":"https:\/\/dev.garden.ee\/en\/wp-json\/wp\/v2\/media\/989"}],"wp:attachment":[{"href":"https:\/\/dev.garden.ee\/en\/wp-json\/wp\/v2\/media?parent=988"}],"wp:term":[{"taxonomy":"product_brand","embeddable":true,"href":"https:\/\/dev.garden.ee\/en\/wp-json\/wp\/v2\/product_brand?post=988"},{"taxonomy":"product_cat","embeddable":true,"href":"https:\/\/dev.garden.ee\/en\/wp-json\/wp\/v2\/product_cat?post=988"},{"taxonomy":"product_tag","embeddable":true,"href":"https:\/\/dev.garden.ee\/en\/wp-json\/wp\/v2\/product_tag?post=988"}],"curies":[{"name":"wp","href":"https:\/\/api.w.org\/{rel}","templated":true}]}}