{"id":9878,"date":"2023-01-18T18:23:24","date_gmt":"2023-01-18T16:23:24","guid":{"rendered":"https:\/\/dev.zezz.ee\/garden\/toode\/kaarid-ergonoomiline-oieloikaja\/"},"modified":"2023-03-10T15:49:01","modified_gmt":"2023-03-10T13:49:01","slug":"kaarid-ergonoomiline-oieloikaja","status":"publish","type":"product","link":"https:\/\/dev.garden.ee\/en\/product\/kaarid-ergonoomiline-oieloikaja\/","title":{"rendered":"K\u00e4\u00e4rid &#8211; ergonoomiline \u00f5iel\u00f5ikaja"},"content":{"rendered":"<input class=\"fooboxshare_post_id\" type=\"hidden\" value=\"9878\"\/>","protected":false},"excerpt":{"rendered":"<p>K&auml;e j&auml;rgi disainitud unikaalne l&otilde;ikaja on t&otilde;esti mugav, pakkudes k&auml;ele head haaret ning juhitavust. Kvaliteetsed materjalid tagavad k&auml;&auml;ride vastupidavuse ka pikemaajalisel kasutamisel. Nimetiss&otilde;rme &uuml;mber olev r&otilde;ngas tagab oluliselt parema kontrolli ning stabiilsuse, samal ajal kui ergonoomiline laiem sang toetub mugavalt peopesale, v&auml;hendades pinget, mis l&otilde;ikamisel v&otilde;ib tekkida. Eriti ideaalne t&ouml;&ouml;riist n&otilde;rgemate randmete v&otilde;i haardega aednikele. K&otilde;rge s&uuml;sinikusisaldusega tera annab t&auml;pseks l&otilde;ikamiseks suurep&auml;rase teravuse. Lihtsa kinnitusega ning turvaline teralukk.&nbsp;K&auml;&auml;rid on &uuml;hed vajalikumad abimehed aiat&ouml;&ouml;de juures, sest &otilde;itsenud &otilde;ite &auml;ral&otilde;ikamine on ju &uuml;ks t&auml;htsamaid t&ouml;id, kuna ergutab taimi uuesti &otilde;itsema.&nbsp;Selle suurep&auml;rase l&otilde;ikeriista on heaks kiitnud ka Inglismaa&nbsp;Kuninglik Aiandusselts&nbsp;&#8211; The Royal Horticultural Society.<\/p>","protected":false},"featured_media":9879,"template":"","meta":[],"product_brand":[],"product_cat":[4403,4417,4418],"product_tag":[],"class_list":{"0":"post-9878","1":"product","2":"type-product","3":"status-publish","4":"has-post-thumbnail","6":"product_cat-kodu","7":"product_cat-tarvikud","8":"product_cat-tooriistad-ja-abivahendid","9":"pa_variatsioon-kaarid","11":"first","12":"outofstock","13":"product-type-variable"},"acf":[],"_links":{"self":[{"href":"https:\/\/dev.garden.ee\/en\/wp-json\/wp\/v2\/product\/9878","targetHints":{"allow":["GET"]}}],"collection":[{"href":"https:\/\/dev.garden.ee\/en\/wp-json\/wp\/v2\/product"}],"about":[{"href":"https:\/\/dev.garden.ee\/en\/wp-json\/wp\/v2\/types\/product"}],"wp:featuredmedia":[{"embeddable":true,"href":"https:\/\/dev.garden.ee\/en\/wp-json\/wp\/v2\/media\/9879"}],"wp:attachment":[{"href":"https:\/\/dev.garden.ee\/en\/wp-json\/wp\/v2\/media?parent=9878"}],"wp:term":[{"taxonomy":"product_brand","embeddable":true,"href":"https:\/\/dev.garden.ee\/en\/wp-json\/wp\/v2\/product_brand?post=9878"},{"taxonomy":"product_cat","embeddable":true,"href":"https:\/\/dev.garden.ee\/en\/wp-json\/wp\/v2\/product_cat?post=9878"},{"taxonomy":"product_tag","embeddable":true,"href":"https:\/\/dev.garden.ee\/en\/wp-json\/wp\/v2\/product_tag?post=9878"}],"curies":[{"name":"wp","href":"https:\/\/api.w.org\/{rel}","templated":true}]}}