{"id":9804,"date":"2023-01-18T18:22:38","date_gmt":"2023-01-18T16:22:38","guid":{"rendered":"https:\/\/dev.zezz.ee\/garden\/toode\/ligularia-hybrida-bottle-rocket\/"},"modified":"2026-03-01T21:10:36","modified_gmt":"2026-03-01T19:10:36","slug":"ligularia-hybrida-bottle-rocket","status":"publish","type":"product","link":"https:\/\/dev.garden.ee\/en\/product\/ligularia-hybrida-bottle-rocket\/","title":{"rendered":"Ligularia &#8216;Bottle Rocket&#8217;"},"content":{"rendered":"<input class=\"fooboxshare_post_id\" type=\"hidden\" value=\"9804\"\/>","protected":false},"excerpt":{"rendered":"<p>Suured, tumerohelised lehed ja pikad, omap\u00e4rase v\u00e4limusega sinepikollased \u00f5ied asetsevad tumepruunidel vartel lehtede kohal. Lai ja lopsakas kobarpea on \u00fcsna t\u00e4nuv\u00e4\u00e4rne p\u00fcsik niiskemas ja kaugemas aianurgas, kus ta oma k\u00f5rge ja p\u00fcstise vormiga lisab massivsust ja kollased, k\u00f5rge varre otsas asetsevad \u00f5ietuustid, panevad varjulisema koha s\u00e4rama.\u00a0 Sobib istutamiseks potti, hea l\u00f5ikelill. Jagada iga 3-4 aasta j\u00e4rel.<\/p>","protected":false},"featured_media":9805,"template":"","meta":[],"product_brand":[],"product_cat":[4415,4401,4409,4392,22],"product_tag":[],"class_list":{"0":"post-9804","1":"product","2":"type-product","3":"status-publish","4":"has-post-thumbnail","6":"product_cat-lilleaed","7":"product_cat-pusikud","8":"product_cat-tiigiaed","9":"product_cat-tiigitaimed","10":"product_cat-taimed","11":"pa_haiguskindlus-hea","12":"pa_moodud-k-70-85-cm-l-60-70-cm","13":"pa_oie-varv-kollane","14":"pa_oitsemise-aeg-juuli-august","15":"pa_talvekindlus-vaga-hea","16":"pa_tsoon-z-4-9","17":"pa_variatsioon-suurem-pott","18":"pa_variatsioon-vaiksem-pott","20":"first","21":"outofstock","22":"purchasable","23":"product-type-variable"},"acf":[],"_links":{"self":[{"href":"https:\/\/dev.garden.ee\/en\/wp-json\/wp\/v2\/product\/9804","targetHints":{"allow":["GET"]}}],"collection":[{"href":"https:\/\/dev.garden.ee\/en\/wp-json\/wp\/v2\/product"}],"about":[{"href":"https:\/\/dev.garden.ee\/en\/wp-json\/wp\/v2\/types\/product"}],"wp:featuredmedia":[{"embeddable":true,"href":"https:\/\/dev.garden.ee\/en\/wp-json\/wp\/v2\/media\/9805"}],"wp:attachment":[{"href":"https:\/\/dev.garden.ee\/en\/wp-json\/wp\/v2\/media?parent=9804"}],"wp:term":[{"taxonomy":"product_brand","embeddable":true,"href":"https:\/\/dev.garden.ee\/en\/wp-json\/wp\/v2\/product_brand?post=9804"},{"taxonomy":"product_cat","embeddable":true,"href":"https:\/\/dev.garden.ee\/en\/wp-json\/wp\/v2\/product_cat?post=9804"},{"taxonomy":"product_tag","embeddable":true,"href":"https:\/\/dev.garden.ee\/en\/wp-json\/wp\/v2\/product_tag?post=9804"}],"curies":[{"name":"wp","href":"https:\/\/api.w.org\/{rel}","templated":true}]}}