{"id":9785,"date":"2023-01-18T18:22:27","date_gmt":"2023-01-18T16:22:27","guid":{"rendered":"https:\/\/dev.zezz.ee\/garden\/toode\/william-lobb\/"},"modified":"2026-02-10T11:27:34","modified_gmt":"2026-02-10T09:27:34","slug":"william-lobb","status":"publish","type":"product","link":"https:\/\/dev.garden.ee\/en\/product\/william-lobb\/","title":{"rendered":"William Lobb"},"content":{"rendered":"<input class=\"fooboxshare_post_id\" type=\"hidden\" value=\"9785\"\/>","protected":false},"excerpt":{"rendered":"<p>Vanaaegne p\u00f5\u00f5sasroos, suurte rikkaliku l\u00f5hnaga purpur-magenta tooni poolt\u00e4idis\u00f5itega, mille s\u00fcdamikus kollased tolmukad. Roos on \u00fchekordse \u00f5itsemisega, pleekides tuhmuvad lilla, sirelililla ja violetse-halli varjundiga. \u00d5ienupud on tihedalt kaetud nn. vaiguse samblaga. Lehed tumerohelised, poolmatid, varred ja \u00f5ienupud karvased v\u00e4ikestest okastest.<\/p>\n<p>P\u00f5\u00f5sas k\u00f5rge, soojades tingimustes kasvab \u00fcle 2 meetri. Soovi korral v\u00f5ib p\u00f5\u00f5sa kasvatada roniroosiks.<\/p>\n<p>Inglise taimekoguja William Lobbi j\u00e4rgi nime saanud roos saavutas populaarsuse Victorian Garden aias ning on sellest ajast alates saanud romantilise nostalgia ja aiandusp\u00e4randi s\u00fcmboliks.<\/p>\n<p><span style=\"color: #ff0000;\">ETTETELLIMINE, V\u00c4LJASTAMINE ALATES APRILLI KESKPAIGAST<\/span><\/p>","protected":false},"featured_media":9786,"template":"","meta":[],"product_brand":[],"product_cat":[4415,4414,4413,9650,4397,4416,4402,22],"product_tag":[9209],"class_list":{"0":"post-9785","1":"product","2":"type-product","3":"status-publish","4":"has-post-thumbnail","6":"product_cat-lilleaed","7":"product_cat-lohnaaed","8":"product_cat-loikelilleaed","9":"product_cat-looduslik-aed","10":"product_cat-ronitaimed","11":"product_cat-roosiaed","12":"product_cat-roosid","13":"product_cat-taimed","14":"product_tag-rhs-award-of-garden-merit","15":"pa_aretus-jean-laffay","16":"pa_avalikustamisaasta-prantsusmaa-1855","17":"pa_haiguskindlus-hea","18":"pa_kasvukorgus-150-180-cm","19":"pa_laius-170-cm","20":"pa_lisainfo-sobib-kasutamiseks-roniroosina","21":"pa_lisainfo-sobib-loikelilleks","22":"pa_lisainfo-sobib-osalise-varjuga-kasvualale","23":"pa_lohn-tugev","24":"pa_lohn-magus","25":"pa_lohn-vana-roos","26":"pa_oie-suurus-suur","27":"pa_oie-varv-magenta","28":"pa_oie-varv-purpurne","29":"pa_oietuup-taidisois","30":"pa_oitsemine-uhekordne-oitsemine","31":"pa_sort-vanaaegne-roos","32":"pa_taimede-arvestus-ruutmeetri-9220","33":"pa_talvekindlus-keskmine","34":"pa_variatsioon-paljasjuurne-ainult-kevadel","35":"pa_variatsioon-potis-4-6l-suvel-ja-sugisel","37":"first","38":"outofstock","39":"purchasable","40":"product-type-variable"},"acf":[],"_links":{"self":[{"href":"https:\/\/dev.garden.ee\/en\/wp-json\/wp\/v2\/product\/9785","targetHints":{"allow":["GET"]}}],"collection":[{"href":"https:\/\/dev.garden.ee\/en\/wp-json\/wp\/v2\/product"}],"about":[{"href":"https:\/\/dev.garden.ee\/en\/wp-json\/wp\/v2\/types\/product"}],"wp:featuredmedia":[{"embeddable":true,"href":"https:\/\/dev.garden.ee\/en\/wp-json\/wp\/v2\/media\/9786"}],"wp:attachment":[{"href":"https:\/\/dev.garden.ee\/en\/wp-json\/wp\/v2\/media?parent=9785"}],"wp:term":[{"taxonomy":"product_brand","embeddable":true,"href":"https:\/\/dev.garden.ee\/en\/wp-json\/wp\/v2\/product_brand?post=9785"},{"taxonomy":"product_cat","embeddable":true,"href":"https:\/\/dev.garden.ee\/en\/wp-json\/wp\/v2\/product_cat?post=9785"},{"taxonomy":"product_tag","embeddable":true,"href":"https:\/\/dev.garden.ee\/en\/wp-json\/wp\/v2\/product_tag?post=9785"}],"curies":[{"name":"wp","href":"https:\/\/api.w.org\/{rel}","templated":true}]}}