{"id":9760,"date":"2023-01-18T18:22:15","date_gmt":"2023-01-18T16:22:15","guid":{"rendered":"https:\/\/dev.zezz.ee\/garden\/toode\/puusakorv\/"},"modified":"2026-01-19T15:57:04","modified_gmt":"2026-01-19T13:57:04","slug":"puusakorv","status":"publish","type":"product","link":"https:\/\/dev.garden.ee\/en\/product\/puusakorv\/","title":{"rendered":"Puusakorv"},"content":{"rendered":"<input class=\"fooboxshare_post_id\" type=\"hidden\" value=\"9760\"\/>","protected":false},"excerpt":{"rendered":"<p>Kahe erineva mahuga\u00a0 kerged ja nutikad korvid nii saagi koristamiseks kui ka n\u00e4iteks \u00e4ra\u00f5itsenud \u00f5ite eemaldamiseks, taimede puhastamiseks. Tagak\u00fcljel olev metallklamber kinnitub lihtsalt nii rihma, tasku kui ka p\u00fcksiv\u00e4rvli vahele, korvi saab kergelt ka hoidiku k\u00fcljest eemaldada. M\u00f5lemad k\u00e4ed saavad segamatult t\u00f6\u00f6d teha ning ei pea ei kummardama ega k\u00fckitama, et vajalik kraam korvi panna.<\/p>\n<p>V\u00e4ike &#8211; 1,5L mahuga; Suur &#8211; 3L mahuga;<\/p>","protected":false},"featured_media":9761,"template":"","meta":[],"product_brand":[],"product_cat":[4403,4417,4418],"product_tag":[],"class_list":{"0":"post-9760","1":"product","2":"type-product","3":"status-publish","4":"has-post-thumbnail","6":"product_cat-kodu","7":"product_cat-tarvikud","8":"product_cat-tooriistad-ja-abivahendid","9":"pa_variatsioon-suur-punane","10":"pa_variatsioon-suur-roheline","11":"pa_variatsioon-vaike-punane","12":"pa_variatsioon-vaike-roheline","14":"first","15":"outofstock","16":"purchasable","17":"product-type-variable"},"acf":[],"_links":{"self":[{"href":"https:\/\/dev.garden.ee\/en\/wp-json\/wp\/v2\/product\/9760","targetHints":{"allow":["GET"]}}],"collection":[{"href":"https:\/\/dev.garden.ee\/en\/wp-json\/wp\/v2\/product"}],"about":[{"href":"https:\/\/dev.garden.ee\/en\/wp-json\/wp\/v2\/types\/product"}],"wp:featuredmedia":[{"embeddable":true,"href":"https:\/\/dev.garden.ee\/en\/wp-json\/wp\/v2\/media\/9761"}],"wp:attachment":[{"href":"https:\/\/dev.garden.ee\/en\/wp-json\/wp\/v2\/media?parent=9760"}],"wp:term":[{"taxonomy":"product_brand","embeddable":true,"href":"https:\/\/dev.garden.ee\/en\/wp-json\/wp\/v2\/product_brand?post=9760"},{"taxonomy":"product_cat","embeddable":true,"href":"https:\/\/dev.garden.ee\/en\/wp-json\/wp\/v2\/product_cat?post=9760"},{"taxonomy":"product_tag","embeddable":true,"href":"https:\/\/dev.garden.ee\/en\/wp-json\/wp\/v2\/product_tag?post=9760"}],"curies":[{"name":"wp","href":"https:\/\/api.w.org\/{rel}","templated":true}]}}