{"id":9749,"date":"2023-01-18T18:22:09","date_gmt":"2023-01-18T16:22:09","guid":{"rendered":"https:\/\/dev.zezz.ee\/garden\/toode\/maxim\/"},"modified":"2026-02-07T16:00:01","modified_gmt":"2026-02-07T14:00:01","slug":"maxim","status":"publish","type":"product","link":"https:\/\/dev.garden.ee\/en\/product\/maxim\/","title":{"rendered":"Maxim\u00ae"},"content":{"rendered":"<input class=\"fooboxshare_post_id\" type=\"hidden\" value=\"9749\"\/>","protected":false},"excerpt":{"rendered":"<p>Tantau Rosen Nostalgic\u00ae\u00a0kollektsiooni kuuluv roos on p\u00f5nev leid. Seest on kroonlehed s\u00e4ravalt roosad ja v\u00e4ljast h\u00f5bevalged. Intensiivse aroomiga t\u00e4idis\u00f5ied on kaunilt lainelise \u00e4\u00e4rega ja pakuvad keskmiseid kuni suuri (8-10cm) \u00f5isi terve hooaja jooksul. Lehed tumerohelised ja l\u00e4ikivad, suurep\u00e4raste tervisen\u00e4itajatega.<\/p>\n<p>Sobib kasutamiseks v\u00e4ikestes r\u00fchmades, k\u00f5rge temperatuuriga peenardes, romantilistes aedades koos p\u00fcsikutega, l\u00f5ikelilledena, l\u00f5hnaaedades.<\/p>\n<p>Auhinnad: Excellence Rose Netherlands 2022; Excellence Rose Netherlands 2021; ADR 2019, Certificate of Merit Le Roeulx Belgium 2018.<\/p>","protected":false},"featured_media":9750,"template":"","meta":[],"product_brand":[],"product_cat":[4415,9702,4414,4413,9550,4416,4402,22],"product_tag":[9418],"class_list":{"0":"post-9749","1":"product","2":"type-product","3":"status-publish","4":"has-post-thumbnail","6":"product_cat-lilleaed","7":"product_cat-linnaaed","8":"product_cat-lohnaaed","9":"product_cat-loikelilleaed","10":"product_cat-rodu-ja-terrass","11":"product_cat-roosiaed","12":"product_cat-roosid","13":"product_cat-taimed","14":"product_tag-adr-roos","15":"pa_adr-9711","16":"pa_aretus-rosen-tantau","17":"pa_avalikustamisaasta-saksamaa-2016","18":"pa_haiguskindlus-vaga-hea","19":"pa_kasvukorgus-70-90-cm","20":"pa_kollektsioon-nostalgic-roses","21":"pa_laius-40-50-cm","22":"pa_lisainfo-sobib-lohnaaeda","23":"pa_lisainfo-sobib-loikelilleks","24":"pa_lohn-tugev","25":"pa_lohn-intensiivne","26":"pa_oie-suurus-keskmine","27":"pa_oie-varv-hobevalge","28":"pa_oie-varv-roosa","29":"pa_oietuup-taidisois","30":"pa_oitsemine-korduvalt-oitsev","31":"pa_sort-nostalgiline-teehubriidroos","32":"pa_taimede-arvestus-ruutmeetri-5-6","33":"pa_talvekindlus-vaga-hea","34":"pa_variatsioon-potis-2l-kevadel","35":"pa_variatsioon-potis-4-6l","37":"first","38":"outofstock","39":"purchasable","40":"product-type-variable"},"acf":[],"_links":{"self":[{"href":"https:\/\/dev.garden.ee\/en\/wp-json\/wp\/v2\/product\/9749","targetHints":{"allow":["GET"]}}],"collection":[{"href":"https:\/\/dev.garden.ee\/en\/wp-json\/wp\/v2\/product"}],"about":[{"href":"https:\/\/dev.garden.ee\/en\/wp-json\/wp\/v2\/types\/product"}],"wp:featuredmedia":[{"embeddable":true,"href":"https:\/\/dev.garden.ee\/en\/wp-json\/wp\/v2\/media\/9750"}],"wp:attachment":[{"href":"https:\/\/dev.garden.ee\/en\/wp-json\/wp\/v2\/media?parent=9749"}],"wp:term":[{"taxonomy":"product_brand","embeddable":true,"href":"https:\/\/dev.garden.ee\/en\/wp-json\/wp\/v2\/product_brand?post=9749"},{"taxonomy":"product_cat","embeddable":true,"href":"https:\/\/dev.garden.ee\/en\/wp-json\/wp\/v2\/product_cat?post=9749"},{"taxonomy":"product_tag","embeddable":true,"href":"https:\/\/dev.garden.ee\/en\/wp-json\/wp\/v2\/product_tag?post=9749"}],"curies":[{"name":"wp","href":"https:\/\/api.w.org\/{rel}","templated":true}]}}