{"id":9721,"date":"2023-01-18T18:21:50","date_gmt":"2023-01-18T16:21:50","guid":{"rendered":"https:\/\/dev.zezz.ee\/garden\/toode\/paeonia-itoh-prairie-charm\/"},"modified":"2026-03-05T10:19:30","modified_gmt":"2026-03-05T08:19:30","slug":"paeonia-itoh-prairie-charm","status":"publish","type":"product","link":"https:\/\/dev.garden.ee\/en\/product\/paeonia-itoh-prairie-charm\/","title":{"rendered":"Paeonia itoh &#8216;Prairie Charm&#8217;"},"content":{"rendered":"<input class=\"fooboxshare_post_id\" type=\"hidden\" value=\"9721\"\/>","protected":false},"excerpt":{"rendered":"<p>\u00d5rnalt aromaatsel sordil on keskmise suurusega v\u00f5ikollased poolt\u00e4idis\u00f5ied. Igal \u00f5iel on 20-30 kroonlehte ning \u00f5rn sarlakpuna \u00fcmbritseb rohelisi kreemjasvalgete tippudega viljalehti, mille \u00fcmber s\u00f5\u00f5r pikkade kuldsete tolmukatega. \u00d5isi kannavad tugevad p\u00fcstised varred. Sordile meeldib jahedam kliima, seel\u00e4bi v\u00f5ib \u00f5itsemine kesta lausa poole kauem. Pikemat \u00f5itsemist kindlustavad mitmed lisa\u00f5ied, mis j\u00e4rgem\u00f6\u00f6da avanevad. Erakordne haiguskindlus ning j\u00f5uline kasv on selgeks p\u00f5hjuseks, miks on sort mitmete tunnustavate auhindadega p\u00e4rjatud.<\/p>\n<p>Itoh-h\u00fcbriidid on saadud puis- ning rohtsete pojengide ristamisel. Tegemist on pigem uue aretussuunaga, milles esimesed edukad sammud tehti alles 1948. aastal. H\u00fcbriidide nimetus tuleneb Jaapani h\u00fcbriidiaretaja hr Toichi Itohi j\u00e4rgi, kes l\u00f5i esimese sellelaadse ristandi. Saadud h\u00fcbriidvorm on tunduvalt vastupidavam erinevatele haigustele ning m\u00e4rgatavalt pikema \u00f5itsemisperioodiga, mille tingib v\u00f5ime luua lisapungi. Taimede madalam ning kompaktsem vorm koos tugevate vartega aitab kanda lausa kuni 30 \u00f5it. Kui v\u00f5imaldada taimele sobivad kasvutingimused, siis on tegemist v\u00e4ga lihtsasti kasvatava taimega. Istutamisel tuleks aga j\u00e4lgida, et taim saaks \u00f5igele k\u00f5rgusele istutatud mitte liiga s\u00fcgavale. Liiga s\u00fcgavale istustatud sordid ei pruugi \u00f5itseda.<\/p>","protected":false},"featured_media":9722,"template":"","meta":[],"product_brand":[],"product_cat":[4415,4414,4413,6934,4401,22],"product_tag":[],"class_list":{"0":"post-9721","1":"product","2":"type-product","3":"status-publish","4":"has-post-thumbnail","6":"product_cat-lilleaed","7":"product_cat-lohnaaed","8":"product_cat-loikelilleaed","9":"product_cat-mesilassobralik-aed","10":"product_cat-pusikud","11":"product_cat-taimed","12":"pa_haiguskindlus-vaga-hea","13":"pa_moodud-k-65-cm-l-90-cm","14":"pa_oie-varv-kollane","15":"pa_oitsemise-aeg-juuni","16":"pa_talvekindlus-vaga-hea","17":"pa_tsoon-z-4-9","18":"pa_variatsioon-suurem-pott","20":"first","21":"outofstock","22":"purchasable","23":"product-type-variable"},"acf":[],"_links":{"self":[{"href":"https:\/\/dev.garden.ee\/en\/wp-json\/wp\/v2\/product\/9721","targetHints":{"allow":["GET"]}}],"collection":[{"href":"https:\/\/dev.garden.ee\/en\/wp-json\/wp\/v2\/product"}],"about":[{"href":"https:\/\/dev.garden.ee\/en\/wp-json\/wp\/v2\/types\/product"}],"wp:featuredmedia":[{"embeddable":true,"href":"https:\/\/dev.garden.ee\/en\/wp-json\/wp\/v2\/media\/9722"}],"wp:attachment":[{"href":"https:\/\/dev.garden.ee\/en\/wp-json\/wp\/v2\/media?parent=9721"}],"wp:term":[{"taxonomy":"product_brand","embeddable":true,"href":"https:\/\/dev.garden.ee\/en\/wp-json\/wp\/v2\/product_brand?post=9721"},{"taxonomy":"product_cat","embeddable":true,"href":"https:\/\/dev.garden.ee\/en\/wp-json\/wp\/v2\/product_cat?post=9721"},{"taxonomy":"product_tag","embeddable":true,"href":"https:\/\/dev.garden.ee\/en\/wp-json\/wp\/v2\/product_tag?post=9721"}],"curies":[{"name":"wp","href":"https:\/\/api.w.org\/{rel}","templated":true}]}}