{"id":9715,"date":"2023-01-18T18:21:47","date_gmt":"2023-01-18T16:21:47","guid":{"rendered":"https:\/\/dev.zezz.ee\/garden\/toode\/aster-ericoides-snowflurry\/"},"modified":"2026-02-17T11:15:59","modified_gmt":"2026-02-17T09:15:59","slug":"aster-ericoides-snowflurry","status":"publish","type":"product","link":"https:\/\/dev.garden.ee\/en\/product\/aster-ericoides-snowflurry\/","title":{"rendered":"Aster ericoides \/ Symphyotrichum ericoides &#8216;Snowflurry&#8217;"},"content":{"rendered":"<input class=\"fooboxshare_post_id\" type=\"hidden\" value=\"9715\"\/>","protected":false},"excerpt":{"rendered":"<p>Suve l\u00f5pust saab alguse arvukate v\u00e4ikeste, valgete \u00f5ite massiline avanemine, mis meelitab aeda nii liblikaid kui ka mesilasi. Puhmjas taim eelistab k\u00fcll p\u00e4ikselist kasvukohta, kuid saab hakkama ka kergelt varjulisemas alas. Sobib suurep\u00e4raselt kombineerimiseks koos teiste hiliste \u00f5itsejatega ning erinevate k\u00f5rrelistega. Jahukaste taime ei kimbuta. Kuiva mulda talub paremini kui teised sordid. Suurep\u00e4rane pinnakatja kiviktaimlasse. Kompaktse kasvukuju ja rikkaliku \u00f5itsemise saamiseks oleks vaja taime k\u00e4rpida enne juulikuud.<\/p>","protected":false},"featured_media":9716,"template":"","meta":[],"product_brand":[],"product_cat":[9503,4415,6934,9200,4401,22],"product_tag":[],"class_list":{"0":"post-9715","1":"product","2":"type-product","3":"status-publish","4":"has-post-thumbnail","6":"product_cat-kiviktaimla","7":"product_cat-lilleaed","8":"product_cat-mesilassobralik-aed","9":"product_cat-pinnakatjad","10":"product_cat-pusikud","11":"product_cat-taimed","12":"pa_haiguskindlus-vaga-hea","13":"pa_kasvukorgus-10-cm","14":"pa_laius-30-cm","15":"pa_lisainfo-hea-pinnakatja","16":"pa_lisainfo-mesilaste-lemmik","17":"pa_oie-varv-valge","18":"pa_oitsemise-aeg-august-oktoober","19":"pa_talvekindlus-hea","20":"pa_tingimused-hea-drenaaz","21":"pa_tingimused-kuiv","22":"pa_tingimused-parasniiske","23":"pa_tsoon-3-9","24":"pa_valguse-tingimused-kerge-vari","25":"pa_valguse-tingimused-paike","26":"pa_variatsioon-suurem-pott","27":"pa_variatsioon-vaiksem-pott","29":"first","30":"instock","31":"purchasable","32":"product-type-variable"},"acf":[],"_links":{"self":[{"href":"https:\/\/dev.garden.ee\/en\/wp-json\/wp\/v2\/product\/9715","targetHints":{"allow":["GET"]}}],"collection":[{"href":"https:\/\/dev.garden.ee\/en\/wp-json\/wp\/v2\/product"}],"about":[{"href":"https:\/\/dev.garden.ee\/en\/wp-json\/wp\/v2\/types\/product"}],"wp:featuredmedia":[{"embeddable":true,"href":"https:\/\/dev.garden.ee\/en\/wp-json\/wp\/v2\/media\/9716"}],"wp:attachment":[{"href":"https:\/\/dev.garden.ee\/en\/wp-json\/wp\/v2\/media?parent=9715"}],"wp:term":[{"taxonomy":"product_brand","embeddable":true,"href":"https:\/\/dev.garden.ee\/en\/wp-json\/wp\/v2\/product_brand?post=9715"},{"taxonomy":"product_cat","embeddable":true,"href":"https:\/\/dev.garden.ee\/en\/wp-json\/wp\/v2\/product_cat?post=9715"},{"taxonomy":"product_tag","embeddable":true,"href":"https:\/\/dev.garden.ee\/en\/wp-json\/wp\/v2\/product_tag?post=9715"}],"curies":[{"name":"wp","href":"https:\/\/api.w.org\/{rel}","templated":true}]}}