{"id":971,"date":"2023-01-18T16:59:15","date_gmt":"2023-01-18T14:59:15","guid":{"rendered":"https:\/\/dev.zezz.ee\/garden\/toode\/grafin-diana\/"},"modified":"2026-02-06T14:41:30","modified_gmt":"2026-02-06T12:41:30","slug":"grafin-diana","status":"publish","type":"product","link":"https:\/\/dev.garden.ee\/en\/product\/grafin-diana\/","title":{"rendered":"Gr\u00e4fin Diana\u00ae"},"content":{"rendered":"<input class=\"fooboxshare_post_id\" type=\"hidden\" value=\"971\"\/>","protected":false},"excerpt":{"rendered":"<p>See ideaalse olemusega roos v\u00e4\u00e4rib erilist t\u00e4helepanu, sest lisaks oma silmatorkavale v\u00e4limusele pakuvad \u00f5ied (8-10cm) ka unikaalset aroomielamust. T\u00e4iuslik harmoonia, kus \u00fchtse buketi loob erinevate lillede ja puuviljade kombinatsioon. Klassikalise roosi aroomiosana on lisatud n\u00fcanss v\u00e4rkset sidrunit, l\u00f5hnabuketi p\u00f5hjana on kasutatud kurereha omap\u00e4ra. S\u00e4rtsakust lisab lit\u0161i. Oma osa on andnud nii leedri\u00f5ied, virsik kui ka ploom. L\u00f5hnabuketi l\u00f5plik n\u00fcanss p\u00e4rineb magusa mee ja maal\u00e4heduse segust. Maksimaalne aroominauding avaldub peamiselt l\u00f5unal ning \u00f5htuti. Teeh\u00fcbriidroosil on tumevioletsed \u00f5ienupud, mis avanevad purpurseteks \u00f5iteks. Lehestik on tumeroheline ning kerge l\u00e4ikega.<\/p>\n<p>Roos sai oma nime Krahvinna Diana Bernadotte auks.<\/p>\n<p>Mitmed auhinnad rahvusvahelistel roosikonkurssidel, sh l\u00f5hnakategooria auhind Pariisis.<\/p>\n<p><span style=\"color: #ff0000;\">ETTETELLIMINE, V\u00c4LJASTAMINE APRILLI TEISEST POOLEST<\/span><\/p>","protected":false},"featured_media":972,"template":"","meta":[],"product_brand":[],"product_cat":[4415,4414,4416,4402,22],"product_tag":[9418],"class_list":{"0":"post-971","1":"product","2":"type-product","3":"status-publish","4":"has-post-thumbnail","6":"product_cat-lilleaed","7":"product_cat-lohnaaed","8":"product_cat-roosiaed","9":"product_cat-roosid","10":"product_cat-taimed","11":"product_tag-adr-roos","12":"pa_aretus-w-kordes-sohne","13":"pa_avalikustamisaasta-saksamaa-2012","14":"pa_haiguskindlus-vaga-hea","15":"pa_kasvukorgus-90-110-cm","16":"pa_kollektsioon-parfuma","17":"pa_laius-50-cm","18":"pa_lisainfo-sobib-lohnaaeda","19":"pa_lohn-lummav","20":"pa_lohn-vaga-tugev","21":"pa_oie-suurus-suur","22":"pa_oie-varv-punakaslilla","23":"pa_oietuup-taidisois","24":"pa_oitsemine-korduvalt-oitsev","25":"pa_sort-teehubriidroos","26":"pa_taimede-arvestus-ruutmeetri-4-5","27":"pa_talvekindlus-vaga-hea","28":"pa_variatsioon-potis-2l-kevadel","29":"pa_variatsioon-potis-4-6l","30":"pa_variatsioon-potis-4-6l-suvel-ja-sugisel","32":"first","33":"outofstock","34":"purchasable","35":"product-type-variable"},"acf":[],"_links":{"self":[{"href":"https:\/\/dev.garden.ee\/en\/wp-json\/wp\/v2\/product\/971","targetHints":{"allow":["GET"]}}],"collection":[{"href":"https:\/\/dev.garden.ee\/en\/wp-json\/wp\/v2\/product"}],"about":[{"href":"https:\/\/dev.garden.ee\/en\/wp-json\/wp\/v2\/types\/product"}],"wp:featuredmedia":[{"embeddable":true,"href":"https:\/\/dev.garden.ee\/en\/wp-json\/wp\/v2\/media\/972"}],"wp:attachment":[{"href":"https:\/\/dev.garden.ee\/en\/wp-json\/wp\/v2\/media?parent=971"}],"wp:term":[{"taxonomy":"product_brand","embeddable":true,"href":"https:\/\/dev.garden.ee\/en\/wp-json\/wp\/v2\/product_brand?post=971"},{"taxonomy":"product_cat","embeddable":true,"href":"https:\/\/dev.garden.ee\/en\/wp-json\/wp\/v2\/product_cat?post=971"},{"taxonomy":"product_tag","embeddable":true,"href":"https:\/\/dev.garden.ee\/en\/wp-json\/wp\/v2\/product_tag?post=971"}],"curies":[{"name":"wp","href":"https:\/\/api.w.org\/{rel}","templated":true}]}}