{"id":9709,"date":"2023-01-18T18:21:44","date_gmt":"2023-01-18T16:21:44","guid":{"rendered":"https:\/\/dev.zezz.ee\/garden\/toode\/paeonia-lactiflora-red-charm\/"},"modified":"2026-03-05T10:58:39","modified_gmt":"2026-03-05T08:58:39","slug":"paeonia-lactiflora-red-charm","status":"publish","type":"product","link":"https:\/\/dev.garden.ee\/en\/product\/paeonia-lactiflora-red-charm\/","title":{"rendered":"Paeonia lactiflora &#8216;Red Charm&#8217;"},"content":{"rendered":"<input class=\"fooboxshare_post_id\" type=\"hidden\" value=\"9709\"\/>","protected":false},"excerpt":{"rendered":"<p>Suuri topelt t\u00e4idis\u00f5isi moodustavad intensiivse karmiinpunase tooniga kroonlehed. Vaimustav h\u00fcbriidsort, kus omavahel on ristatud\u00a0<em>Paeonia lactiflora<\/em> x <em>Paeonia officinalis<\/em>. Vastupandamatu l\u00f5hn, tugevad varred.\u00a0Kaunis lehestik p\u00fcsib l\u00e4bi suve s\u00fcgiseni v\u00e4lja.<\/p>\n<p>Hooldus:\u00a0Kui tarvis taime jagada, siis tuleks seda kindlasti teha vaid s\u00fcgisel. Vanad varred tuleks s\u00fcgisel maha l\u00f5igata, et v\u00e4ltida haiguste arengut. Istutuss\u00fcgavus v\u00f5iks olla nii, et saaks m\u00f5ned sentimeetrid pungadest mullaga kaetud. V\u00e4rsket s\u00f5nnikut mitte kasutada istutamisel! Hea on kasutada huumuserikast mulda v\u00f5i k\u00f5dus\u00f5nnikut. Pojengid on k\u00fclmakindlad, kuid soovitaks ikkagi esimesel-teisel kasvuaastal, s\u00fcgisel- kergelt kuhjata mulda taime juurtele v\u00f5i kuhjata puulehti v\u00f5i kuuseoksi.<\/p>","protected":false},"featured_media":9710,"template":"","meta":[],"product_brand":[],"product_cat":[4415,4414,4413,4401,22],"product_tag":[],"class_list":{"0":"post-9709","1":"product","2":"type-product","3":"status-publish","4":"has-post-thumbnail","6":"product_cat-lilleaed","7":"product_cat-lohnaaed","8":"product_cat-loikelilleaed","9":"product_cat-pusikud","10":"product_cat-taimed","11":"pa_moodud-k-70-cm-l-80-cm","12":"pa_oie-varv-punane","13":"pa_oitsemise-aeg-juuni","14":"pa_talvekindlus-vaga-hea","15":"pa_tsoon-z-3-8","16":"pa_variatsioon-suurem-pott","18":"first","19":"outofstock","20":"purchasable","21":"product-type-variable"},"acf":[],"_links":{"self":[{"href":"https:\/\/dev.garden.ee\/en\/wp-json\/wp\/v2\/product\/9709","targetHints":{"allow":["GET"]}}],"collection":[{"href":"https:\/\/dev.garden.ee\/en\/wp-json\/wp\/v2\/product"}],"about":[{"href":"https:\/\/dev.garden.ee\/en\/wp-json\/wp\/v2\/types\/product"}],"wp:featuredmedia":[{"embeddable":true,"href":"https:\/\/dev.garden.ee\/en\/wp-json\/wp\/v2\/media\/9710"}],"wp:attachment":[{"href":"https:\/\/dev.garden.ee\/en\/wp-json\/wp\/v2\/media?parent=9709"}],"wp:term":[{"taxonomy":"product_brand","embeddable":true,"href":"https:\/\/dev.garden.ee\/en\/wp-json\/wp\/v2\/product_brand?post=9709"},{"taxonomy":"product_cat","embeddable":true,"href":"https:\/\/dev.garden.ee\/en\/wp-json\/wp\/v2\/product_cat?post=9709"},{"taxonomy":"product_tag","embeddable":true,"href":"https:\/\/dev.garden.ee\/en\/wp-json\/wp\/v2\/product_tag?post=9709"}],"curies":[{"name":"wp","href":"https:\/\/api.w.org\/{rel}","templated":true}]}}