{"id":9704,"date":"2023-01-18T18:21:41","date_gmt":"2023-01-18T16:21:41","guid":{"rendered":"https:\/\/dev.zezz.ee\/garden\/toode\/lythrum-salicaria-blush\/"},"modified":"2026-03-02T20:13:35","modified_gmt":"2026-03-02T18:13:35","slug":"lythrum-salicaria-blush","status":"publish","type":"product","link":"https:\/\/dev.garden.ee\/en\/product\/lythrum-salicaria-blush\/","title":{"rendered":"Lythrum salicaria &#8216;Blush&#8217;"},"content":{"rendered":"<input class=\"fooboxshare_post_id\" type=\"hidden\" value=\"9704\"\/>","protected":false},"excerpt":{"rendered":"<p>Niisket pinnast armastava taime parimaks kasvukohaks sobivad veekogude \u00e4\u00e4rsed. Heleroosad sihvakad \u00f5isikud on tolmeldajate seas v\u00e4ga populaarsed pakkudes v\u00e4rvi suvest s\u00fcgiseni. Taim levib \u00f5isikutest valminud seemnetest, seega kui soovida taime levikut pisut piirata, siis tuleks seemnepead \u00e4ra l\u00f5igata, vastasel juhul aga v\u00f5ib kalda\u00e4\u00e4rne k\u00fcllatki kiiresti loomulikke puhmaid t\u00e4is kasvada. Kasvukohana sobivad ka soisemad alad peaasi, et kasvuala p\u00fcsiks stabiilselt niiskena. Lisaks on taimel ka ilus punakates toonides s\u00fcgisv\u00e4rvus.<\/p>\n<p>Hooldus: Hoidmaks taime korrektset vormi tuleks \u00f5itsenud \u00f5isikud \u00e4ra l\u00f5igata. Iga 3-5 aasta tagant tuleks taime jagada.<\/p>\n<p>Kaaslasena sobib nt\u00a0<em>Ligularia przewalskii,\u00a0<\/em><em>Primula beesiana, Butomus umbellatus,\u00a0Veronicastrum<\/em>id<em>.<\/em><\/p>","protected":false},"featured_media":9705,"template":"","meta":[],"product_brand":[],"product_cat":[4415,6934,4401,4409,4392,22],"product_tag":[],"class_list":{"0":"post-9704","1":"product","2":"type-product","3":"status-publish","4":"has-post-thumbnail","6":"product_cat-lilleaed","7":"product_cat-mesilassobralik-aed","8":"product_cat-pusikud","9":"product_cat-tiigiaed","10":"product_cat-tiigitaimed","11":"product_cat-taimed","12":"pa_moodud-k-80-cm-l-65-cm","13":"pa_oie-varv-roosa","14":"pa_oitsemise-aeg-juuli-august","15":"pa_talvekindlus-vaga-hea","16":"pa_tsoon-z-4-9","17":"pa_variatsioon-suurem-pott","18":"pa_variatsioon-vaiksem-pott","20":"first","21":"outofstock","22":"purchasable","23":"product-type-variable"},"acf":[],"_links":{"self":[{"href":"https:\/\/dev.garden.ee\/en\/wp-json\/wp\/v2\/product\/9704","targetHints":{"allow":["GET"]}}],"collection":[{"href":"https:\/\/dev.garden.ee\/en\/wp-json\/wp\/v2\/product"}],"about":[{"href":"https:\/\/dev.garden.ee\/en\/wp-json\/wp\/v2\/types\/product"}],"wp:featuredmedia":[{"embeddable":true,"href":"https:\/\/dev.garden.ee\/en\/wp-json\/wp\/v2\/media\/9705"}],"wp:attachment":[{"href":"https:\/\/dev.garden.ee\/en\/wp-json\/wp\/v2\/media?parent=9704"}],"wp:term":[{"taxonomy":"product_brand","embeddable":true,"href":"https:\/\/dev.garden.ee\/en\/wp-json\/wp\/v2\/product_brand?post=9704"},{"taxonomy":"product_cat","embeddable":true,"href":"https:\/\/dev.garden.ee\/en\/wp-json\/wp\/v2\/product_cat?post=9704"},{"taxonomy":"product_tag","embeddable":true,"href":"https:\/\/dev.garden.ee\/en\/wp-json\/wp\/v2\/product_tag?post=9704"}],"curies":[{"name":"wp","href":"https:\/\/api.w.org\/{rel}","templated":true}]}}