{"id":9685,"date":"2023-01-18T18:21:31","date_gmt":"2023-01-18T16:21:31","guid":{"rendered":"https:\/\/dev.zezz.ee\/garden\/toode\/cirsium-rivulare-atropurpureum\/"},"modified":"2026-02-19T18:12:30","modified_gmt":"2026-02-19T16:12:30","slug":"cirsium-rivulare-atropurpureum","status":"publish","type":"product","link":"https:\/\/dev.garden.ee\/en\/product\/cirsium-rivulare-atropurpureum\/","title":{"rendered":"Cirsium rivulare &#8216;Atropurpureum&#8217;"},"content":{"rendered":"<input class=\"fooboxshare_post_id\" type=\"hidden\" value=\"9685\"\/>","protected":false},"excerpt":{"rendered":"<p>Pikk, sihvakas ohakas, suure, s\u00fcgavalt\u00a0 purpurse \u00f5ienupuga loob maal\u00e4hedase meeleolu, meelitab aeda mesilasi ja liblikaid. Sobib istutamiseks nii teiste p\u00fcsikute vahele kui ka ette, kuna lehetud varred annavad taimele n\u00f6 l\u00e4bipaistva efekti, kuna n\u00e4ha on ainult \u00f5hus lendlevaid \u00f5iepalle. Lehestik moodustab madala, tiheda ja kompaktse puhma. Taimel on Garden of Merit auhind, samuti tunnustus Chelsea Lillefestivalilt.<\/p>\n<p>Kaaslastena sobivad igasugused k\u00f5rrelised, nt Luzula nivea, Verbascum &#8216;Southern Charm&#8217;, moonid nt &#8216;Patty&#8217;s Plum&#8217;.<\/p>\n<p><span style=\"color: #ff0000;\">\u00a0<\/span><\/p>","protected":false},"featured_media":23435,"template":"","meta":[],"product_brand":[],"product_cat":[4407,4415,4413,6934,4401,22],"product_tag":[9209],"class_list":{"0":"post-9685","1":"product","2":"type-product","3":"status-publish","4":"has-post-thumbnail","6":"product_cat-aasad","7":"product_cat-lilleaed","8":"product_cat-loikelilleaed","9":"product_cat-mesilassobralik-aed","10":"product_cat-pusikud","11":"product_cat-taimed","12":"product_tag-rhs-award-of-garden-merit","13":"pa_haiguskindlus-hea","14":"pa_kasvukorgus-100-120-cm","15":"pa_laius-60-cm","16":"pa_lisainfo-janese-kahjustustele-vastupidav","17":"pa_lisainfo-mesilaste-lemmik","18":"pa_oie-varv-purpurne","19":"pa_oitsemise-aeg-juuli-august","20":"pa_talvekindlus-vaga-hea","21":"pa_tingimused-hea-drenaaz","22":"pa_tingimused-niiske","23":"pa_tsoon-4-8","24":"pa_valguse-tingimused-paike","25":"pa_variatsioon-suurem-pott","26":"pa_variatsioon-vaiksem-pott","28":"first","29":"onbackorder","30":"purchasable","31":"product-type-variable"},"acf":[],"_links":{"self":[{"href":"https:\/\/dev.garden.ee\/en\/wp-json\/wp\/v2\/product\/9685","targetHints":{"allow":["GET"]}}],"collection":[{"href":"https:\/\/dev.garden.ee\/en\/wp-json\/wp\/v2\/product"}],"about":[{"href":"https:\/\/dev.garden.ee\/en\/wp-json\/wp\/v2\/types\/product"}],"wp:featuredmedia":[{"embeddable":true,"href":"https:\/\/dev.garden.ee\/en\/wp-json\/wp\/v2\/media\/23435"}],"wp:attachment":[{"href":"https:\/\/dev.garden.ee\/en\/wp-json\/wp\/v2\/media?parent=9685"}],"wp:term":[{"taxonomy":"product_brand","embeddable":true,"href":"https:\/\/dev.garden.ee\/en\/wp-json\/wp\/v2\/product_brand?post=9685"},{"taxonomy":"product_cat","embeddable":true,"href":"https:\/\/dev.garden.ee\/en\/wp-json\/wp\/v2\/product_cat?post=9685"},{"taxonomy":"product_tag","embeddable":true,"href":"https:\/\/dev.garden.ee\/en\/wp-json\/wp\/v2\/product_tag?post=9685"}],"curies":[{"name":"wp","href":"https:\/\/api.w.org\/{rel}","templated":true}]}}