{"id":9680,"date":"2023-01-18T18:21:28","date_gmt":"2023-01-18T16:21:28","guid":{"rendered":"https:\/\/dev.zezz.ee\/garden\/toode\/carlina-acaulis-ssp-simplex\/"},"modified":"2026-02-19T10:43:54","modified_gmt":"2026-02-19T08:43:54","slug":"carlina-acaulis-ssp-simplex","status":"publish","type":"product","link":"https:\/\/dev.garden.ee\/en\/product\/carlina-acaulis-ssp-simplex\/","title":{"rendered":"Carlina acaulis ssp. simplex"},"content":{"rendered":"<input class=\"fooboxshare_post_id\" type=\"hidden\" value=\"9680\"\/>","protected":false},"excerpt":{"rendered":"<p>See on s\u00f5bralik, kergesti kasvatatav ogaputk. Madala kasvu t\u00f5ttu ideaalne taim\u00a0alpi-aeda v\u00f5i kiviktaimlasse. Madalal laiuvad ogalised lehed on proksja varjundiga, suve l\u00f5pu poole avanevad nende kohal l\u00fchikese varre otsas asetsevad suured kollase s\u00fcdamega h\u00f5bevalged \u00f5ied.\u00a0Kui taim on korralikult kohanenud, pole p\u00f5ud tema jaoks enam probleemiks.\u00a0 Kuivanud varred peenras l\u00f5igata maani maha s\u00fcgisel v\u00f5i varakevadel. Lihtne kasvatada, ei vaja erilist hoolt. Vajab p\u00e4ikeselist kasvukohta, minimaalselt 6 tundi p\u00e4evas.<\/p>\n<p>Kaaslastena sobivad nt Yucca filamentosa, roomavad kukeharjad nt Sedum spathulifolium &#8216;Cape Blanco&#8217;, Artemisia ludoviciana &#8216;Valerie Finnis&#8217;, lavendlid nt Lavandula angustifolia &#8216;Sentivia Silver&#8217;.<\/p>","protected":false},"featured_media":9681,"template":"","meta":[],"product_brand":[],"product_cat":[9503,4415,9200,4401,22],"product_tag":[],"class_list":{"0":"post-9680","1":"product","2":"type-product","3":"status-publish","4":"has-post-thumbnail","6":"product_cat-kiviktaimla","7":"product_cat-lilleaed","8":"product_cat-pinnakatjad","9":"product_cat-pusikud","10":"product_cat-taimed","11":"pa_kasvukorgus-10-15-cm","12":"pa_laius-25-30-cm","13":"pa_lisainfo-talub-pouda","14":"pa_oie-varv-valge","15":"pa_oitsemise-aeg-juuli-september","16":"pa_tingimused-hea-drenaaz","17":"pa_tingimused-kuiv","18":"pa_tsoon-3-9","19":"pa_valguse-tingimused-paike","20":"pa_variatsioon-suurem-pott","21":"pa_variatsioon-vaiksem-pott","23":"first","24":"instock","25":"purchasable","26":"product-type-variable"},"acf":[],"_links":{"self":[{"href":"https:\/\/dev.garden.ee\/en\/wp-json\/wp\/v2\/product\/9680","targetHints":{"allow":["GET"]}}],"collection":[{"href":"https:\/\/dev.garden.ee\/en\/wp-json\/wp\/v2\/product"}],"about":[{"href":"https:\/\/dev.garden.ee\/en\/wp-json\/wp\/v2\/types\/product"}],"wp:featuredmedia":[{"embeddable":true,"href":"https:\/\/dev.garden.ee\/en\/wp-json\/wp\/v2\/media\/9681"}],"wp:attachment":[{"href":"https:\/\/dev.garden.ee\/en\/wp-json\/wp\/v2\/media?parent=9680"}],"wp:term":[{"taxonomy":"product_brand","embeddable":true,"href":"https:\/\/dev.garden.ee\/en\/wp-json\/wp\/v2\/product_brand?post=9680"},{"taxonomy":"product_cat","embeddable":true,"href":"https:\/\/dev.garden.ee\/en\/wp-json\/wp\/v2\/product_cat?post=9680"},{"taxonomy":"product_tag","embeddable":true,"href":"https:\/\/dev.garden.ee\/en\/wp-json\/wp\/v2\/product_tag?post=9680"}],"curies":[{"name":"wp","href":"https:\/\/api.w.org\/{rel}","templated":true}]}}