{"id":9675,"date":"2023-01-18T18:21:25","date_gmt":"2023-01-18T16:21:25","guid":{"rendered":"https:\/\/dev.zezz.ee\/garden\/toode\/campanula-hybrid-sarastro\/"},"modified":"2026-02-19T09:06:01","modified_gmt":"2026-02-19T07:06:01","slug":"campanula-sarastro","status":"publish","type":"product","link":"https:\/\/dev.garden.ee\/en\/product\/campanula-sarastro\/","title":{"rendered":"Campanula &#8216;Sarastro&#8217;"},"content":{"rendered":"<input class=\"fooboxshare_post_id\" type=\"hidden\" value=\"9675\"\/>","protected":false},"excerpt":{"rendered":"<p>Uskumatult suurte, pikalt \u00f5itsevate kellukatega sort! Taim moodustab kompaktse p\u00f5\u00f5sa tumeroheliste lehtedega, p\u00fcstised varred kannavad mitmeid lillakassiniseid allapoole vaatavaid kellukaid, mis oma suuruselt on kindlasti \u00fched meeldej\u00e4\u00e4vamad. \u00d5itsemisperioodil v\u00f5ib taim vajada toestamist. Kergesti jagatav nii kevadel kui ka s\u00fcgisel.<\/p>\n<p>\u00c4ra\u00f5itsenud osade eemaldamine pikendab \u00f5itsemisaega. Sobib l\u00f5ikelilleks.<\/p>","protected":false},"featured_media":9676,"template":"","meta":[],"product_brand":[],"product_cat":[4415,4413,4406,4401,22],"product_tag":[],"class_list":{"0":"post-9675","1":"product","2":"type-product","3":"status-publish","4":"has-post-thumbnail","6":"product_cat-lilleaed","7":"product_cat-loikelilleaed","8":"product_cat-park","9":"product_cat-pusikud","10":"product_cat-taimed","11":"pa_haiguskindlus-hea","12":"pa_kasvukorgus-45-60-cm","13":"pa_laius-45-60-cm","14":"pa_lisainfo-janese-kahjustustele-vastupidav","15":"pa_lisainfo-sobib-loikelilleks","16":"pa_oie-varv-lillakassinine","17":"pa_oitsemise-aeg-juuni-august","18":"pa_talvekindlus-vaga-hea","19":"pa_tingimused-hea-drenaaz","20":"pa_tingimused-kergelt-aluseline","21":"pa_tingimused-neutraalne","22":"pa_tsoon-4-9","23":"pa_valguse-tingimused-paike","24":"pa_valguse-tingimused-poolvari","25":"pa_variatsioon-suurem-pott","26":"pa_variatsioon-vaiksem-pott","28":"first","29":"onbackorder","30":"purchasable","31":"product-type-variable"},"acf":[],"_links":{"self":[{"href":"https:\/\/dev.garden.ee\/en\/wp-json\/wp\/v2\/product\/9675","targetHints":{"allow":["GET"]}}],"collection":[{"href":"https:\/\/dev.garden.ee\/en\/wp-json\/wp\/v2\/product"}],"about":[{"href":"https:\/\/dev.garden.ee\/en\/wp-json\/wp\/v2\/types\/product"}],"wp:featuredmedia":[{"embeddable":true,"href":"https:\/\/dev.garden.ee\/en\/wp-json\/wp\/v2\/media\/9676"}],"wp:attachment":[{"href":"https:\/\/dev.garden.ee\/en\/wp-json\/wp\/v2\/media?parent=9675"}],"wp:term":[{"taxonomy":"product_brand","embeddable":true,"href":"https:\/\/dev.garden.ee\/en\/wp-json\/wp\/v2\/product_brand?post=9675"},{"taxonomy":"product_cat","embeddable":true,"href":"https:\/\/dev.garden.ee\/en\/wp-json\/wp\/v2\/product_cat?post=9675"},{"taxonomy":"product_tag","embeddable":true,"href":"https:\/\/dev.garden.ee\/en\/wp-json\/wp\/v2\/product_tag?post=9675"}],"curies":[{"name":"wp","href":"https:\/\/api.w.org\/{rel}","templated":true}]}}