{"id":9667,"date":"2023-01-18T18:21:20","date_gmt":"2023-01-18T16:21:20","guid":{"rendered":"https:\/\/dev.zezz.ee\/garden\/toode\/aster-tongolensis-napsbury\/"},"modified":"2026-02-17T12:50:10","modified_gmt":"2026-02-17T10:50:10","slug":"aster-tongolensis-napsbury","status":"publish","type":"product","link":"https:\/\/dev.garden.ee\/en\/product\/aster-tongolensis-napsbury\/","title":{"rendered":"Aster tongolensis &#8216;Napsbury&#8217;"},"content":{"rendered":"<input class=\"fooboxshare_post_id\" type=\"hidden\" value=\"9667\"\/>","protected":false},"excerpt":{"rendered":"<p>See astri sort on kevadel \u00f5itseja. Oran\u017ei s\u00fcdamikega lavendliv\u00e4rvi keskmisest suuremad \u00f5ied, mis \u00fcmbritsetud kitsaste kroonlehtedega, loovad enda \u00fcmber armsa \u00f5rna v\u00e4limuse. \u00c4ra \u00f5itsedes, langevad kroonlehed allapoole. Varakevadine aeg, kui taim pole veel j\u00f5udnud uusi kasve kasvatada, on parim aeg teda pisut puhastada, aitab s\u00e4ilitada kompaktset vormi. Taim on seenhaigustele vastupidav ja kuivust taluv. Oma \u00fcmara vormi t\u00f5ttu sobib h\u00e4sti konteinerisse. \u00d5ied meelitavad aeda liblikaid.<\/p>","protected":false},"featured_media":9668,"template":"","meta":[],"product_brand":[],"product_cat":[4415,6934,4401,22],"product_tag":[],"class_list":{"0":"post-9667","1":"product","2":"type-product","3":"status-publish","4":"has-post-thumbnail","6":"product_cat-lilleaed","7":"product_cat-mesilassobralik-aed","8":"product_cat-pusikud","9":"product_cat-taimed","10":"pa_haiguskindlus-vaga-hea","11":"pa_kasvukorgus-30-40-cm","12":"pa_lisainfo-janese-kahjustustele-vastupidav","13":"pa_lisainfo-mesilaste-lemmik","14":"pa_lisainfo-sobilik-istutuskasti-jaoks","15":"pa_oie-varv-sinine","16":"pa_oitsemise-aeg-mai-juuni","17":"pa_talvekindlus-vaga-hea","18":"pa_tingimused-hea-drenaaz","19":"pa_tingimused-niiske","20":"pa_tingimused-parasniiske","21":"pa_tingimused-viljakas","22":"pa_tsoon-2-9","23":"pa_valguse-tingimused-paike","24":"pa_variatsioon-suurem-pott","25":"pa_variatsioon-vaiksem-pott","27":"first","28":"onbackorder","29":"purchasable","30":"product-type-variable"},"acf":[],"_links":{"self":[{"href":"https:\/\/dev.garden.ee\/en\/wp-json\/wp\/v2\/product\/9667","targetHints":{"allow":["GET"]}}],"collection":[{"href":"https:\/\/dev.garden.ee\/en\/wp-json\/wp\/v2\/product"}],"about":[{"href":"https:\/\/dev.garden.ee\/en\/wp-json\/wp\/v2\/types\/product"}],"wp:featuredmedia":[{"embeddable":true,"href":"https:\/\/dev.garden.ee\/en\/wp-json\/wp\/v2\/media\/9668"}],"wp:attachment":[{"href":"https:\/\/dev.garden.ee\/en\/wp-json\/wp\/v2\/media?parent=9667"}],"wp:term":[{"taxonomy":"product_brand","embeddable":true,"href":"https:\/\/dev.garden.ee\/en\/wp-json\/wp\/v2\/product_brand?post=9667"},{"taxonomy":"product_cat","embeddable":true,"href":"https:\/\/dev.garden.ee\/en\/wp-json\/wp\/v2\/product_cat?post=9667"},{"taxonomy":"product_tag","embeddable":true,"href":"https:\/\/dev.garden.ee\/en\/wp-json\/wp\/v2\/product_tag?post=9667"}],"curies":[{"name":"wp","href":"https:\/\/api.w.org\/{rel}","templated":true}]}}