{"id":966,"date":"2023-01-18T16:59:12","date_gmt":"2023-01-18T14:59:12","guid":{"rendered":"https:\/\/dev.zezz.ee\/garden\/toode\/johann-wolfgang-von-goethe-rose\/"},"modified":"2026-02-06T12:48:11","modified_gmt":"2026-02-06T10:48:11","slug":"johann-wolfgang-von-goethe-rose","status":"publish","type":"product","link":"https:\/\/dev.garden.ee\/en\/product\/johann-wolfgang-von-goethe-rose\/","title":{"rendered":"Johann Wolfgang von Goethe Rose\u00ae"},"content":{"rendered":"<input class=\"fooboxshare_post_id\" type=\"hidden\" value=\"966\"\/>","protected":false},"excerpt":{"rendered":"<p>P\u00f5\u00f5sasja, p\u00fcstise kasvukujuga suur\u00f5ieline ja tugevalt l\u00f5hnav teeh\u00fcbriidroos ristiti pidulikult 2009. aastal Ueterseni kloostriaias, mis oli Goethe juubeliaasta. Suured karmiinvioletsed \u00f5ied teevad nimele au oma t\u00e4idlase teeh\u00fcbriidroosi l\u00f5hnaga. Lehestik on triibuline rohekas-sinaka varjundiga ja erakordselt vastupidav.<\/p>\n<p>V\u00e4ga suured (12-15 cm) ning t\u00e4idetud \u00f5ied pakatavad oma meeli\u00fclendava parf\u00fc\u00fcmiga. Oma ainulaadse aroomiga sobivad kroonlehed h\u00e4sti roogade valmistamiseks. Spiraalsed roosinupud asetsevad nii \u00fcksikult kui vahel ka v\u00e4iksemate kobaratena. \u00d5is p\u00fcsib pikalt vaasis, seet\u00f5ttu sobib suurep\u00e4raselt ka l\u00f5ikelilleks.<\/p>\n<p>Sobib kasutamiseks\u00a0segaroosipeenardes, suurtes peenardes, l\u00f5hnaaedades, teeh\u00fcbriidpeenardes, romantilistes aedades koos p\u00fcsikutega, v\u00e4ikestes gruppides ja l\u00f5ikelilleks.<\/p>\n<p>Auhinnad: Best Scented Rose and Public Award Glasgow (Great Britain, 2013); Fragrance Prize and Audience Award Belfast (Ireland, 2012); The prize of the children Paris (France 2011); Fragrance Prize Lyon (France 2011).<\/p>","protected":false},"featured_media":967,"template":"","meta":[],"product_brand":[],"product_cat":[4415,4414,4413,4416,4402,22],"product_tag":[],"class_list":{"0":"post-966","1":"product","2":"type-product","3":"status-publish","4":"has-post-thumbnail","6":"product_cat-lilleaed","7":"product_cat-lohnaaed","8":"product_cat-loikelilleaed","9":"product_cat-roosiaed","10":"product_cat-roosid","11":"product_cat-taimed","12":"pa_aretus-rosen-tantau","13":"pa_avalikustamisaasta-saksamaa-2009","14":"pa_haiguskindlus-hea","15":"pa_kasvukorgus-100-130-cm","16":"pa_laius-45-50-cm","17":"pa_lisainfo-sobib-lohnaaeda","18":"pa_lisainfo-sobib-loikelilleks","19":"pa_lohn-tugev","20":"pa_lohn-intensiivne","21":"pa_oie-suurus-ulisuur","22":"pa_oie-varv-violetne","23":"pa_oietuup-taidisois","24":"pa_oitsemine-korduvalt-oitsev","25":"pa_sort-teehubriidroos","26":"pa_sunonuum-parfum-de-honfleurf","27":"pa_sunonuum-pure-poetry-uk","28":"pa_talvekindlus-vaga-hea","29":"pa_variatsioon-potis-2l-kevadel","30":"pa_variatsioon-potis-4-6l","31":"pa_variatsioon-potis-4-6l-suvel-ja-sugisel","33":"first","34":"outofstock","35":"purchasable","36":"product-type-variable"},"acf":[],"_links":{"self":[{"href":"https:\/\/dev.garden.ee\/en\/wp-json\/wp\/v2\/product\/966","targetHints":{"allow":["GET"]}}],"collection":[{"href":"https:\/\/dev.garden.ee\/en\/wp-json\/wp\/v2\/product"}],"about":[{"href":"https:\/\/dev.garden.ee\/en\/wp-json\/wp\/v2\/types\/product"}],"wp:featuredmedia":[{"embeddable":true,"href":"https:\/\/dev.garden.ee\/en\/wp-json\/wp\/v2\/media\/967"}],"wp:attachment":[{"href":"https:\/\/dev.garden.ee\/en\/wp-json\/wp\/v2\/media?parent=966"}],"wp:term":[{"taxonomy":"product_brand","embeddable":true,"href":"https:\/\/dev.garden.ee\/en\/wp-json\/wp\/v2\/product_brand?post=966"},{"taxonomy":"product_cat","embeddable":true,"href":"https:\/\/dev.garden.ee\/en\/wp-json\/wp\/v2\/product_cat?post=966"},{"taxonomy":"product_tag","embeddable":true,"href":"https:\/\/dev.garden.ee\/en\/wp-json\/wp\/v2\/product_tag?post=966"}],"curies":[{"name":"wp","href":"https:\/\/api.w.org\/{rel}","templated":true}]}}