{"id":9641,"date":"2023-01-18T18:21:05","date_gmt":"2023-01-18T16:21:05","guid":{"rendered":"https:\/\/dev.zezz.ee\/garden\/toode\/hemerocallis-wild-horses\/"},"modified":"2026-02-25T18:41:04","modified_gmt":"2026-02-25T16:41:04","slug":"hemerocallis-wild-horses","status":"publish","type":"product","link":"https:\/\/dev.garden.ee\/en\/product\/hemerocallis-wild-horses\/","title":{"rendered":"Hemerocallis &#8216;Wild Horses&#8217;"},"content":{"rendered":"<input class=\"fooboxshare_post_id\" type=\"hidden\" value=\"9641\"\/>","protected":false},"excerpt":{"rendered":"<p>Tumerohelise lehestiku taustal kerkivad esile kreemikaskollased, suured, purpurse s\u00fcdamikuga \u00f5ied. T\u00e4iskavanud taim on k\u00fcllaltki tihe, k\u00f5rrelisi meenutav puhmas. P\u00e4evaliiliad on kaunid massistutusena, kuna oma kaunite \u00f5ite ja tiheda lehestikuga moodustavad imekauni pinnakatte, kust ei tr\u00fcgi l\u00e4bi isegi umbrohi.<\/p>\n<p>Hooldus: Taimed on v\u00e4hest hoolt n\u00f5udvad, vastupidavad ja k\u00fclmakindlad. Vana lehestiku v\u00f5iks eemaldada hiliss\u00fcgisel. \u00d5itsemist soodustavad kaaliumirikkad v\u00e4etised.<\/p>","protected":false},"featured_media":9642,"template":"","meta":[],"product_brand":[],"product_cat":[4415,4401,4409,4392,22],"product_tag":[],"class_list":{"0":"post-9641","1":"product","2":"type-product","3":"status-publish","4":"has-post-thumbnail","6":"product_cat-lilleaed","7":"product_cat-pusikud","8":"product_cat-tiigiaed","9":"product_cat-tiigitaimed","10":"product_cat-taimed","11":"pa_haiguskindlus-vaga-hea","12":"pa_moodud-k-60-90-cm-l-45-60-cm","13":"pa_oie-varv-mitmevarviline","14":"pa_oitsemise-aeg-juuli-august","15":"pa_talvekindlus-hea","16":"pa_tsoon-z-4-9","17":"pa_variatsioon-suurem-pott","18":"pa_variatsioon-vaiksem-pott","20":"first","21":"instock","22":"purchasable","23":"product-type-variable"},"acf":[],"_links":{"self":[{"href":"https:\/\/dev.garden.ee\/en\/wp-json\/wp\/v2\/product\/9641","targetHints":{"allow":["GET"]}}],"collection":[{"href":"https:\/\/dev.garden.ee\/en\/wp-json\/wp\/v2\/product"}],"about":[{"href":"https:\/\/dev.garden.ee\/en\/wp-json\/wp\/v2\/types\/product"}],"wp:featuredmedia":[{"embeddable":true,"href":"https:\/\/dev.garden.ee\/en\/wp-json\/wp\/v2\/media\/9642"}],"wp:attachment":[{"href":"https:\/\/dev.garden.ee\/en\/wp-json\/wp\/v2\/media?parent=9641"}],"wp:term":[{"taxonomy":"product_brand","embeddable":true,"href":"https:\/\/dev.garden.ee\/en\/wp-json\/wp\/v2\/product_brand?post=9641"},{"taxonomy":"product_cat","embeddable":true,"href":"https:\/\/dev.garden.ee\/en\/wp-json\/wp\/v2\/product_cat?post=9641"},{"taxonomy":"product_tag","embeddable":true,"href":"https:\/\/dev.garden.ee\/en\/wp-json\/wp\/v2\/product_tag?post=9641"}],"curies":[{"name":"wp","href":"https:\/\/api.w.org\/{rel}","templated":true}]}}