{"id":9637,"date":"2023-01-18T18:21:00","date_gmt":"2023-01-18T16:21:00","guid":{"rendered":"https:\/\/dev.zezz.ee\/garden\/toode\/hemerocallis-black-arrowhead\/"},"modified":"2026-02-25T13:26:54","modified_gmt":"2026-02-25T11:26:54","slug":"hemerocallis-black-arrowhead","status":"publish","type":"product","link":"https:\/\/dev.garden.ee\/en\/product\/hemerocallis-black-arrowhead\/","title":{"rendered":"Hemerocallis &#8216;Black Arrowhead&#8217;"},"content":{"rendered":"<input class=\"fooboxshare_post_id\" type=\"hidden\" value=\"9637\"\/>","protected":false},"excerpt":{"rendered":"<p>Sametise pinnaga, suured mustjaspurpursete kroonlehtede ja\u00a0kollase s\u00fcdamikuga p\u00e4evaliilia. Tumedam triip kroonlehe keskel lisab omap\u00e4ra ja iseloomu sellele sordile. Meeldiva kontrasti saamiseks v\u00f5ib taime\u00a0sobitada kokku teiste erkkollaste v\u00f5i valge\u00f5ieliste taimedega. Tema k\u00f5rrelisi meenutav lehestik s\u00e4ilitab oma rohelise v\u00e4rvi terve hooaja v\u00e4ltel.\u00a0Suurep\u00e4rane l\u00f5ikelill.\u00a0Kiirekasvuline ning v\u00e4he hoolitsust n\u00f5udev taim, ka mullastiku suhtes v\u00e4ga leplik. Parim aeg tema vana lehestiku eemaldamiseks on varakevad, enne uute kasvude arenemist.\u00a0Tegemist on hea valikuga, kui on\u00a0soov meelitada aeda\u00a0ka liblikaid. P\u00e4evaliiliad\u00a0on lihtsasti kasvatatavad, rikkalikult \u00f5itsevad ja t\u00e4nuv\u00e4\u00e4rsed p\u00fcsililled igasse aeda. Istutada v\u00f5ib r\u00fchmadena v\u00f5i massina. Peale kiritigude pole neil ka eriti vaenlasi.<\/p>","protected":false},"featured_media":9638,"template":"","meta":[],"product_brand":[],"product_cat":[4415,4401,4409,4392,22],"product_tag":[],"class_list":{"0":"post-9637","1":"product","2":"type-product","3":"status-publish","4":"has-post-thumbnail","6":"product_cat-lilleaed","7":"product_cat-pusikud","8":"product_cat-tiigiaed","9":"product_cat-tiigitaimed","10":"product_cat-taimed","11":"pa_haiguskindlus-vaga-hea","12":"pa_moodud-k-75-cm-l-70-cm","13":"pa_oie-varv-mitmevarviline","14":"pa_oitsemise-aeg-juuli-august","15":"pa_talvekindlus-hea","16":"pa_tsoon-z-4-9","17":"pa_variatsioon-suurem-pott","18":"pa_variatsioon-vaiksem-pott","20":"first","21":"instock","22":"purchasable","23":"product-type-variable"},"acf":[],"_links":{"self":[{"href":"https:\/\/dev.garden.ee\/en\/wp-json\/wp\/v2\/product\/9637","targetHints":{"allow":["GET"]}}],"collection":[{"href":"https:\/\/dev.garden.ee\/en\/wp-json\/wp\/v2\/product"}],"about":[{"href":"https:\/\/dev.garden.ee\/en\/wp-json\/wp\/v2\/types\/product"}],"wp:featuredmedia":[{"embeddable":true,"href":"https:\/\/dev.garden.ee\/en\/wp-json\/wp\/v2\/media\/9638"}],"wp:attachment":[{"href":"https:\/\/dev.garden.ee\/en\/wp-json\/wp\/v2\/media?parent=9637"}],"wp:term":[{"taxonomy":"product_brand","embeddable":true,"href":"https:\/\/dev.garden.ee\/en\/wp-json\/wp\/v2\/product_brand?post=9637"},{"taxonomy":"product_cat","embeddable":true,"href":"https:\/\/dev.garden.ee\/en\/wp-json\/wp\/v2\/product_cat?post=9637"},{"taxonomy":"product_tag","embeddable":true,"href":"https:\/\/dev.garden.ee\/en\/wp-json\/wp\/v2\/product_tag?post=9637"}],"curies":[{"name":"wp","href":"https:\/\/api.w.org\/{rel}","templated":true}]}}