{"id":9630,"date":"2023-01-18T18:20:56","date_gmt":"2023-01-18T16:20:56","guid":{"rendered":"https:\/\/dev.zezz.ee\/garden\/toode\/lythrum-salicaria-zigeunerblut\/"},"modified":"2026-03-02T20:10:56","modified_gmt":"2026-03-02T18:10:56","slug":"lythrum-salicaria-zigeunerblut","status":"publish","type":"product","link":"https:\/\/dev.garden.ee\/en\/product\/lythrum-salicaria-zigeunerblut\/","title":{"rendered":"Lythrum salicaria &#8216;Zigeunerblut&#8217;"},"content":{"rendered":"<input class=\"fooboxshare_post_id\" type=\"hidden\" value=\"9630\"\/>","protected":false},"excerpt":{"rendered":"<p>Intensiivse \u00f5iev\u00e4rviga p\u00fcsik on ideaalne niiskesse, lausa soisesse pinnasesse. Tegelikult sobib v\u00e4ga h\u00e4sti ka tavaline aiamuld peaasi, et kasvupinnas p\u00fcsiks viljaka ning niiskena. Tumerohelisest lehestikust moodustub graatsiline puhmas. Karmiinroosad \u00f5ied sobivad suurep\u00e4raselt kokku valge, sinise, purpurse ning h\u00f5bedase lehestikuga.<\/p>\n<p>Kaaslastena sobivad nt\u00a0<em>Thalictrum delavayi<\/em> \u2019Album\u2019 ja <em>Malva moschata<\/em> &#8216;Alba&#8217;<em>.<\/em><\/p>","protected":false},"featured_media":9631,"template":"","meta":[],"product_brand":[],"product_cat":[4415,6934,4401,4409,4392,22],"product_tag":[],"class_list":{"0":"post-9630","1":"product","2":"type-product","3":"status-publish","4":"has-post-thumbnail","6":"product_cat-lilleaed","7":"product_cat-mesilassobralik-aed","8":"product_cat-pusikud","9":"product_cat-tiigiaed","10":"product_cat-tiigitaimed","11":"product_cat-taimed","12":"pa_moodud-k-1-m-l-50-cm","13":"pa_oie-varv-purpurne","14":"pa_oitsemise-aeg-juuli-august","15":"pa_talvekindlus-vaga-hea","16":"pa_tsoon-z-4-9","17":"pa_variatsioon-suurem-pott","18":"pa_variatsioon-vaiksem-pott","20":"first","21":"outofstock","22":"purchasable","23":"product-type-variable"},"acf":[],"_links":{"self":[{"href":"https:\/\/dev.garden.ee\/en\/wp-json\/wp\/v2\/product\/9630","targetHints":{"allow":["GET"]}}],"collection":[{"href":"https:\/\/dev.garden.ee\/en\/wp-json\/wp\/v2\/product"}],"about":[{"href":"https:\/\/dev.garden.ee\/en\/wp-json\/wp\/v2\/types\/product"}],"wp:featuredmedia":[{"embeddable":true,"href":"https:\/\/dev.garden.ee\/en\/wp-json\/wp\/v2\/media\/9631"}],"wp:attachment":[{"href":"https:\/\/dev.garden.ee\/en\/wp-json\/wp\/v2\/media?parent=9630"}],"wp:term":[{"taxonomy":"product_brand","embeddable":true,"href":"https:\/\/dev.garden.ee\/en\/wp-json\/wp\/v2\/product_brand?post=9630"},{"taxonomy":"product_cat","embeddable":true,"href":"https:\/\/dev.garden.ee\/en\/wp-json\/wp\/v2\/product_cat?post=9630"},{"taxonomy":"product_tag","embeddable":true,"href":"https:\/\/dev.garden.ee\/en\/wp-json\/wp\/v2\/product_tag?post=9630"}],"curies":[{"name":"wp","href":"https:\/\/api.w.org\/{rel}","templated":true}]}}