{"id":960,"date":"2023-01-18T16:59:10","date_gmt":"2023-01-18T14:59:10","guid":{"rendered":"https:\/\/dev.zezz.ee\/garden\/toode\/giardina\/"},"modified":"2026-02-10T13:05:45","modified_gmt":"2026-02-10T11:05:45","slug":"giardina","status":"publish","type":"product","link":"https:\/\/dev.garden.ee\/en\/product\/giardina\/","title":{"rendered":"Giardina\u00ae"},"content":{"rendered":"<input class=\"fooboxshare_post_id\" type=\"hidden\" value=\"960\"\/>","protected":false},"excerpt":{"rendered":"<p>Silmapaistva vanaroosi \u00f5iega. Suured (8-10 cm), neljaks jaotatud \u00f5ied imeliselt romantilises roosas toonis ilmuvad kobaratena kogu suve jooksul. \u00d5ied p\u00fcsivad v\u00e4ga kaua ja neil on keskmiselt magus-puuviljane aroom. Suurep\u00e4rase harunemisega roniroos, pakkudes rohkelt \u00f5isi madalatest kuni \u00fclemiste oksteni. K\u00f5ik see koos suurep\u00e4rase lehtede tervisega.\u00a0Hea s\u00e4ilivus l\u00f5ikelillena.<\/p>\n<p>M\u00f6\u00f6duka kasvuga, saavutades 250 &#8211; 300 cm k\u00f5rguse 3 &#8211; 5 aastaga.<\/p>\n<p>Sobib h\u00e4sti nii \u00fcksikuks kaunitariks kui v\u00e4ikeste gruppidena istutatuna, samuti konteinerisse. Sobib kasutamiseks roosiv\u00f5redel, kaartel, l\u00f5hnaaedades, romantilistes aedades koos p\u00fcsikutega, segapeenardel, l\u00f5ikelilledeks.<\/p>\n<p>Roos on p\u00e4rjatud kuldmedaliga Baden (\u00d6sterreich); pronksmedaliga Baden-Baden (Germany), pronksmedaliga Rose Trials Tokyo (Japan 2010).<\/p>","protected":false},"featured_media":961,"template":"","meta":[],"product_brand":[],"product_cat":[9637,4415,4414,4413,4397,4416,4402,22],"product_tag":[],"class_list":{"0":"post-960","1":"product","2":"type-product","3":"status-publish","4":"has-post-thumbnail","6":"product_cat-istutuskast","7":"product_cat-lilleaed","8":"product_cat-lohnaaed","9":"product_cat-loikelilleaed","10":"product_cat-ronitaimed","11":"product_cat-roosiaed","12":"product_cat-roosid","13":"product_cat-taimed","14":"pa_aretus-rosen-tantau","15":"pa_avalikustamisaasta-saksamaa-2008","16":"pa_haiguskindlus-vaga-hea","17":"pa_kasvukorgus-250-300-cm","18":"pa_kollektsioon-nostalgic-roses","19":"pa_laius-80-100-cm","20":"pa_lisainfo-ronitaim","21":"pa_lisainfo-sobib-lohnaaeda","22":"pa_lisainfo-sobib-loikelilleks","23":"pa_lohn-keskmine","24":"pa_lohn-magus","25":"pa_lohn-puuviljane","26":"pa_oie-suurus-suur","27":"pa_oie-varv-roosakas","28":"pa_oietuup-taidisois","29":"pa_oitsemine-korduvalt-oitsev","30":"pa_sort-poosasroos","31":"pa_sort-roniroos","32":"pa_sunonuum-lalhambra-f","33":"pa_talvekindlus-hea","34":"pa_variatsioon-potis-2l-kevadel","35":"pa_variatsioon-potis-4-6l","37":"first","38":"onbackorder","39":"taxable","40":"shipping-taxable","41":"purchasable","42":"product-type-variable"},"acf":[],"_links":{"self":[{"href":"https:\/\/dev.garden.ee\/en\/wp-json\/wp\/v2\/product\/960","targetHints":{"allow":["GET"]}}],"collection":[{"href":"https:\/\/dev.garden.ee\/en\/wp-json\/wp\/v2\/product"}],"about":[{"href":"https:\/\/dev.garden.ee\/en\/wp-json\/wp\/v2\/types\/product"}],"wp:featuredmedia":[{"embeddable":true,"href":"https:\/\/dev.garden.ee\/en\/wp-json\/wp\/v2\/media\/961"}],"wp:attachment":[{"href":"https:\/\/dev.garden.ee\/en\/wp-json\/wp\/v2\/media?parent=960"}],"wp:term":[{"taxonomy":"product_brand","embeddable":true,"href":"https:\/\/dev.garden.ee\/en\/wp-json\/wp\/v2\/product_brand?post=960"},{"taxonomy":"product_cat","embeddable":true,"href":"https:\/\/dev.garden.ee\/en\/wp-json\/wp\/v2\/product_cat?post=960"},{"taxonomy":"product_tag","embeddable":true,"href":"https:\/\/dev.garden.ee\/en\/wp-json\/wp\/v2\/product_tag?post=960"}],"curies":[{"name":"wp","href":"https:\/\/api.w.org\/{rel}","templated":true}]}}