{"id":9579,"date":"2023-01-18T18:20:19","date_gmt":"2023-01-18T16:20:19","guid":{"rendered":"https:\/\/dev.zezz.ee\/garden\/toode\/heucherella-quicksilver\/"},"modified":"2026-02-25T20:55:58","modified_gmt":"2026-02-25T18:55:58","slug":"heucherella-quicksilver","status":"publish","type":"product","link":"https:\/\/dev.garden.ee\/en\/product\/heucherella-quicksilver\/","title":{"rendered":"Heucherella &#8216;Quicksilver&#8217;"},"content":{"rendered":"<input class=\"fooboxshare_post_id\" type=\"hidden\" value=\"9579\"\/>","protected":false},"excerpt":{"rendered":"<p>Pronksjasrohelised lehed, h\u00f5bedase varjundiga. \u00d5ied on k\u00f5rgema varre otsas, \u00f5rnad, valged kobarad. Istutuskoht v\u00f5iks olla poolvarjuline. Helmikp\u00f6\u00f6rised pole s\u00fcgava juurekavaga, piisab umbes 25 cm s\u00fcgavusest kobestatud pinnasest, seega ideaalsed taimed pottidesse ja kastidesse. Eelistavad niiskemat, rammusamat, vett h\u00e4sti l\u00e4bilaskvat pinnast. Tuulte eest v\u00f5iks kasvukoht ka varjatud olla, talve k\u00fclmad tuuled v\u00f5ivad lehti kahjustada. Vaatamata sellele, et meil kasvatatavad sordid on enamasti k\u00fclmakindlad, on lumevaesel ja kr\u00f5bedamal talvel helmikp\u00f6\u00f6riseid soovitav ikkagi katta, n\u00e4iteks kuuseokstega.<\/p>","protected":false},"featured_media":9580,"template":"","meta":[],"product_brand":[],"product_cat":[4415,4413,9200,4401,4408,4412,22],"product_tag":[],"class_list":{"0":"post-9579","1":"product","2":"type-product","3":"status-publish","4":"has-post-thumbnail","6":"product_cat-lilleaed","7":"product_cat-loikelilleaed","8":"product_cat-pinnakatjad","9":"product_cat-pusikud","10":"product_cat-vaike-aed","11":"product_cat-varjuaed","12":"product_cat-taimed","13":"pa_haiguskindlus-vaga-hea","14":"pa_moodud-k-30-45-cm-l-25-30-cm","15":"pa_oie-varv-valge","16":"pa_oitsemise-aeg-juuni-august","17":"pa_talvekindlus-vaga-hea","18":"pa_tsoon-4-9","19":"pa_variatsioon-suurem-pott","20":"pa_variatsioon-vaiksem-pott","22":"first","23":"instock","24":"purchasable","25":"product-type-variable"},"acf":[],"_links":{"self":[{"href":"https:\/\/dev.garden.ee\/en\/wp-json\/wp\/v2\/product\/9579","targetHints":{"allow":["GET"]}}],"collection":[{"href":"https:\/\/dev.garden.ee\/en\/wp-json\/wp\/v2\/product"}],"about":[{"href":"https:\/\/dev.garden.ee\/en\/wp-json\/wp\/v2\/types\/product"}],"wp:featuredmedia":[{"embeddable":true,"href":"https:\/\/dev.garden.ee\/en\/wp-json\/wp\/v2\/media\/9580"}],"wp:attachment":[{"href":"https:\/\/dev.garden.ee\/en\/wp-json\/wp\/v2\/media?parent=9579"}],"wp:term":[{"taxonomy":"product_brand","embeddable":true,"href":"https:\/\/dev.garden.ee\/en\/wp-json\/wp\/v2\/product_brand?post=9579"},{"taxonomy":"product_cat","embeddable":true,"href":"https:\/\/dev.garden.ee\/en\/wp-json\/wp\/v2\/product_cat?post=9579"},{"taxonomy":"product_tag","embeddable":true,"href":"https:\/\/dev.garden.ee\/en\/wp-json\/wp\/v2\/product_tag?post=9579"}],"curies":[{"name":"wp","href":"https:\/\/api.w.org\/{rel}","templated":true}]}}