{"id":9565,"date":"2023-01-18T18:20:12","date_gmt":"2023-01-18T16:20:12","guid":{"rendered":"https:\/\/dev.zezz.ee\/garden\/toode\/helictotrichon-sempervirens-saphirsprudel\/"},"modified":"2026-02-24T20:57:23","modified_gmt":"2026-02-24T18:57:23","slug":"helictotrichon-sempervirens-saphirsprudel","status":"publish","type":"product","link":"https:\/\/dev.garden.ee\/en\/product\/helictotrichon-sempervirens-saphirsprudel\/","title":{"rendered":"Helictotrichon sempervirens &#8216;Saphirsprudel&#8217;"},"content":{"rendered":"<input class=\"fooboxshare_post_id\" type=\"hidden\" value=\"9565\"\/>","protected":false},"excerpt":{"rendered":"<p>\u00dcks parimaid siniseid k\u00f5rrelisi. Taim moodustab kompaktse puhma h\u00f5bejas-siniseid peeneid lehti, kevadel k\u00f5rgema varre otsa ilmuvad kollased keskmise suurusega \u00f5ied.\u00a0Sort hoiab oma omap\u00e4rast v\u00e4rvi lehestikku terve hooaja v\u00e4ltel ning m\u00f5jub v\u00e4ga atraktiivselt koos kontrastsete siledate kividega. Varakevadel v\u00f5iks korraliku, kompaktse v\u00e4limuse hoidmiseks taime pisut k\u00e4rpida.<\/p>","protected":false},"featured_media":9566,"template":"","meta":[],"product_brand":[],"product_cat":[4407,4400,4415,4401,22],"product_tag":[],"class_list":{"0":"post-9565","1":"product","2":"type-product","3":"status-publish","4":"has-post-thumbnail","6":"product_cat-aasad","7":"product_cat-korrelised","8":"product_cat-lilleaed","9":"product_cat-pusikud","10":"product_cat-taimed","11":"pa_haiguskindlus-hea","12":"pa_lehestikuvarv-hobedane","13":"pa_lehestikuvarv-hallikassinine","14":"pa_lisainfo-dekoratiivne-lehestik","15":"pa_lisainfo-igihaljas","16":"pa_lisainfo-talub-pouda","17":"pa_moodud-k-60-90-cm-l-45-60-cm","18":"pa_oie-varv-kollane","19":"pa_oitsemise-aeg-mai","20":"pa_talvekindlus-hea","21":"pa_tsoon-z-3-9","22":"pa_variatsioon-suurem-pott","23":"pa_variatsioon-vaiksem-pott","25":"first","26":"instock","27":"purchasable","28":"product-type-variable"},"acf":[],"_links":{"self":[{"href":"https:\/\/dev.garden.ee\/en\/wp-json\/wp\/v2\/product\/9565","targetHints":{"allow":["GET"]}}],"collection":[{"href":"https:\/\/dev.garden.ee\/en\/wp-json\/wp\/v2\/product"}],"about":[{"href":"https:\/\/dev.garden.ee\/en\/wp-json\/wp\/v2\/types\/product"}],"wp:featuredmedia":[{"embeddable":true,"href":"https:\/\/dev.garden.ee\/en\/wp-json\/wp\/v2\/media\/9566"}],"wp:attachment":[{"href":"https:\/\/dev.garden.ee\/en\/wp-json\/wp\/v2\/media?parent=9565"}],"wp:term":[{"taxonomy":"product_brand","embeddable":true,"href":"https:\/\/dev.garden.ee\/en\/wp-json\/wp\/v2\/product_brand?post=9565"},{"taxonomy":"product_cat","embeddable":true,"href":"https:\/\/dev.garden.ee\/en\/wp-json\/wp\/v2\/product_cat?post=9565"},{"taxonomy":"product_tag","embeddable":true,"href":"https:\/\/dev.garden.ee\/en\/wp-json\/wp\/v2\/product_tag?post=9565"}],"curies":[{"name":"wp","href":"https:\/\/api.w.org\/{rel}","templated":true}]}}