{"id":9475,"date":"2023-01-18T18:19:20","date_gmt":"2023-01-18T16:19:20","guid":{"rendered":"https:\/\/dev.zezz.ee\/garden\/toode\/lupinus-x-russellii-chandelier\/"},"modified":"2026-03-02T12:08:22","modified_gmt":"2026-03-02T10:08:22","slug":"lupinus-x-russellii-chandelier","status":"publish","type":"product","link":"https:\/\/dev.garden.ee\/en\/product\/lupinus-x-russellii-chandelier\/","title":{"rendered":"Lupinus x russellii &#8216;Chandelier&#8217;"},"content":{"rendered":"<input class=\"fooboxshare_post_id\" type=\"hidden\" value=\"9475\"\/>","protected":false},"excerpt":{"rendered":"<p>Lupiinile \u00a0&#8216;Chandelier&#8217;\u00a0on omistatud Award of Garden Merit\u00a0RHS auhind.\u00a0Suurep\u00e4rane valik igasse aeda. Peale kevadlillede h\u00e4\u00e4bumist toovad lupiinide tihedalt asetsevad \u00f5isikud peenrasse v\u00e4rskust ja konkreetsust. Tegemist on usaldusv\u00e4\u00e4rse ning lihtsasti kasvatatava taimega. Kompaktne puhmik. Palmilehe kujulised lehed on terved ja tumerohelised. Kui istutada r\u00fchmadena, saab kauni vormiga p\u00f5\u00f5sad p\u00fcsikutepeenrasse v\u00f5i suurematele haljasaladele.<\/p>\n<p>Hooldus: Taim on v\u00e4hen\u00f5udlik, kasvab ka lahjemal pinnal h\u00e4sti. \u00d5itsenud \u00f5isikud tuleks \u00e4ra noppida, siis ilmuvad varsti uued uhked \u00f5ievarred. S\u00fcgisel kuivanud varred maani maha l\u00f5igata.<\/p>\n<div id=\"product_product_p_439\" class=\"tb_row1\">Kaaslastena sobivad nt\u00a0Achillea filipendulina &#8216;Parker&#8217;s Variety&#8217;,\u00a0<a>Phlomis russeliana,\u00a0<\/a><a>Anthemis tinctoria &#8216;EC Buxton&#8217;<\/a><em>.<\/em><\/div>","protected":false},"featured_media":25726,"template":"","meta":[],"product_brand":[],"product_cat":[4407,4415,4413,4401,22],"product_tag":[],"class_list":{"0":"post-9475","1":"product","2":"type-product","3":"status-publish","4":"has-post-thumbnail","6":"product_cat-aasad","7":"product_cat-lilleaed","8":"product_cat-loikelilleaed","9":"product_cat-pusikud","10":"product_cat-taimed","11":"pa_haiguskindlus-vaga-hea","12":"pa_moodud-k-100-cm-l-50-cm","13":"pa_oie-varv-kollane","14":"pa_oitsemise-aeg-juuni-august","15":"pa_talvekindlus-vaga-hea","16":"pa_tsoon-z-3-9","17":"pa_variatsioon-suurem-pott","18":"pa_variatsioon-vaiksem-pott","20":"first","21":"outofstock","22":"purchasable","23":"product-type-variable"},"acf":[],"_links":{"self":[{"href":"https:\/\/dev.garden.ee\/en\/wp-json\/wp\/v2\/product\/9475","targetHints":{"allow":["GET"]}}],"collection":[{"href":"https:\/\/dev.garden.ee\/en\/wp-json\/wp\/v2\/product"}],"about":[{"href":"https:\/\/dev.garden.ee\/en\/wp-json\/wp\/v2\/types\/product"}],"wp:featuredmedia":[{"embeddable":true,"href":"https:\/\/dev.garden.ee\/en\/wp-json\/wp\/v2\/media\/25726"}],"wp:attachment":[{"href":"https:\/\/dev.garden.ee\/en\/wp-json\/wp\/v2\/media?parent=9475"}],"wp:term":[{"taxonomy":"product_brand","embeddable":true,"href":"https:\/\/dev.garden.ee\/en\/wp-json\/wp\/v2\/product_brand?post=9475"},{"taxonomy":"product_cat","embeddable":true,"href":"https:\/\/dev.garden.ee\/en\/wp-json\/wp\/v2\/product_cat?post=9475"},{"taxonomy":"product_tag","embeddable":true,"href":"https:\/\/dev.garden.ee\/en\/wp-json\/wp\/v2\/product_tag?post=9475"}],"curies":[{"name":"wp","href":"https:\/\/api.w.org\/{rel}","templated":true}]}}