{"id":9470,"date":"2023-01-18T18:19:18","date_gmt":"2023-01-18T16:19:18","guid":{"rendered":"https:\/\/dev.zezz.ee\/garden\/toode\/ligularia-przewalskii\/"},"modified":"2026-03-01T21:06:59","modified_gmt":"2026-03-01T19:06:59","slug":"ligularia-przewalskii","status":"publish","type":"product","link":"https:\/\/dev.garden.ee\/en\/product\/ligularia-przewalskii\/","title":{"rendered":"Ligularia przewalskii"},"content":{"rendered":"<input class=\"fooboxshare_post_id\" type=\"hidden\" value=\"9470\"\/>","protected":false},"excerpt":{"rendered":"<p>Lai ja lopsakas kobarpea on \u00fcsna t\u00e4nuv\u00e4\u00e4rne p\u00fcsik niiskemas ja kaugemas aianurgas, kus ta oma k\u00f5rge ja p\u00fcstise vormiga lisab massivsust ja kollased, k\u00f5rge varre otsas asetsevad \u00f5ietuustid, panevad varjulisema koha s\u00e4rama.<\/p>\n<p>Kaaslasena sobib nt\u00a0Lythrum salicaria &#8216;Blush&#8217;<em>.<\/em><\/p>","protected":false},"featured_media":9471,"template":"","meta":[],"product_brand":[],"product_cat":[4415,4401,4409,4392,22],"product_tag":[],"class_list":{"0":"post-9470","1":"product","2":"type-product","3":"status-publish","4":"has-post-thumbnail","6":"product_cat-lilleaed","7":"product_cat-pusikud","8":"product_cat-tiigiaed","9":"product_cat-tiigitaimed","10":"product_cat-taimed","11":"pa_haiguskindlus-hea","12":"pa_moodud-k-100-150-cm-l-50-100-cm","13":"pa_oie-varv-kollane","14":"pa_oitsemise-aeg-juuli-august","15":"pa_talvekindlus-vaga-hea","16":"pa_tsoon-z-4-9","17":"pa_variatsioon-suurem-pott","18":"pa_variatsioon-vaiksem-pott","20":"first","21":"outofstock","22":"purchasable","23":"product-type-variable"},"acf":[],"_links":{"self":[{"href":"https:\/\/dev.garden.ee\/en\/wp-json\/wp\/v2\/product\/9470","targetHints":{"allow":["GET"]}}],"collection":[{"href":"https:\/\/dev.garden.ee\/en\/wp-json\/wp\/v2\/product"}],"about":[{"href":"https:\/\/dev.garden.ee\/en\/wp-json\/wp\/v2\/types\/product"}],"wp:featuredmedia":[{"embeddable":true,"href":"https:\/\/dev.garden.ee\/en\/wp-json\/wp\/v2\/media\/9471"}],"wp:attachment":[{"href":"https:\/\/dev.garden.ee\/en\/wp-json\/wp\/v2\/media?parent=9470"}],"wp:term":[{"taxonomy":"product_brand","embeddable":true,"href":"https:\/\/dev.garden.ee\/en\/wp-json\/wp\/v2\/product_brand?post=9470"},{"taxonomy":"product_cat","embeddable":true,"href":"https:\/\/dev.garden.ee\/en\/wp-json\/wp\/v2\/product_cat?post=9470"},{"taxonomy":"product_tag","embeddable":true,"href":"https:\/\/dev.garden.ee\/en\/wp-json\/wp\/v2\/product_tag?post=9470"}],"curies":[{"name":"wp","href":"https:\/\/api.w.org\/{rel}","templated":true}]}}