{"id":9450,"date":"2023-01-18T18:19:08","date_gmt":"2023-01-18T16:19:08","guid":{"rendered":"https:\/\/dev.zezz.ee\/garden\/toode\/artemisia-arborescens-powis-castle\/"},"modified":"2026-02-16T23:25:01","modified_gmt":"2026-02-16T21:25:01","slug":"artemisia-arborescens-powis-castle","status":"publish","type":"product","link":"https:\/\/dev.garden.ee\/en\/product\/artemisia-arborescens-powis-castle\/","title":{"rendered":"Artemisia arborescens &#8216;Powis Castle&#8217;"},"content":{"rendered":"<input class=\"fooboxshare_post_id\" type=\"hidden\" value=\"9450\"\/>","protected":false},"excerpt":{"rendered":"<p>Moodustab \u00fcmara h\u00f5behalli lehestikuga pehme padja. Ideaalne taim kuivale ja p\u00e4ikesepaistelisele kohale nt peenra\u00e4\u00e4ristajana. Sobib istutamiseks potti. Vajab jagamist iga 2-3 aasta tagant, siis s\u00e4ilitab oma ilusa kuju.\u00a0\u00a0H\u00f5bedaselt valged, aromaatsed lehed. Lisab aeda kontrasti ja valgust. Sobib ideaalselt rooside seltsiliseks peenrasse, p\u00fcsib kaunilt kogu hooaja, peaaegu igihaljas. Kasutatakse ka kuivatatult lilleseadetes. V\u00f5ivad esineda p\u00fcstise varre otsas \u00fclipisikesed kollakad \u00f5ied, mis on siiski t\u00e4htsusetud ja tuleks eemaldada. Talub kuivemat mulda. Meelitab ligi liblikaid.<\/p>","protected":false},"featured_media":23168,"template":"","meta":[],"product_brand":[],"product_cat":[9637,4415,9200,4401,9550,22],"product_tag":[],"class_list":{"0":"post-9450","1":"product","2":"type-product","3":"status-publish","4":"has-post-thumbnail","6":"product_cat-istutuskast","7":"product_cat-lilleaed","8":"product_cat-pinnakatjad","9":"product_cat-pusikud","10":"product_cat-rodu-ja-terrass","11":"product_cat-taimed","12":"pa_haiguskindlus-hea","13":"pa_kasvukorgus-60-90-cm","14":"pa_laius-60-90-cm","15":"pa_lehestikuvarv-hobehall","16":"pa_lisainfo-dekoratiivne-lehestik","17":"pa_lisainfo-sobilik-istutuskasti-jaoks","18":"pa_oie-varv-kollane","19":"pa_oitsemise-aeg-august-september","20":"pa_talvekindlus-vaga-hea","21":"pa_tingimused-hea-drenaaz","22":"pa_tingimused-kuiv","23":"pa_tingimused-parasniiske","24":"pa_tingimused-viljakas","25":"pa_tsoon-3-10","26":"pa_valguse-tingimused-paike","27":"pa_variatsioon-suurem-pott","28":"pa_variatsioon-vaiksem-pott","30":"first","31":"instock","32":"purchasable","33":"product-type-variable"},"acf":[],"_links":{"self":[{"href":"https:\/\/dev.garden.ee\/en\/wp-json\/wp\/v2\/product\/9450","targetHints":{"allow":["GET"]}}],"collection":[{"href":"https:\/\/dev.garden.ee\/en\/wp-json\/wp\/v2\/product"}],"about":[{"href":"https:\/\/dev.garden.ee\/en\/wp-json\/wp\/v2\/types\/product"}],"wp:featuredmedia":[{"embeddable":true,"href":"https:\/\/dev.garden.ee\/en\/wp-json\/wp\/v2\/media\/23168"}],"wp:attachment":[{"href":"https:\/\/dev.garden.ee\/en\/wp-json\/wp\/v2\/media?parent=9450"}],"wp:term":[{"taxonomy":"product_brand","embeddable":true,"href":"https:\/\/dev.garden.ee\/en\/wp-json\/wp\/v2\/product_brand?post=9450"},{"taxonomy":"product_cat","embeddable":true,"href":"https:\/\/dev.garden.ee\/en\/wp-json\/wp\/v2\/product_cat?post=9450"},{"taxonomy":"product_tag","embeddable":true,"href":"https:\/\/dev.garden.ee\/en\/wp-json\/wp\/v2\/product_tag?post=9450"}],"curies":[{"name":"wp","href":"https:\/\/api.w.org\/{rel}","templated":true}]}}