{"id":9423,"date":"2023-01-18T18:18:51","date_gmt":"2023-01-18T16:18:51","guid":{"rendered":"https:\/\/dev.zezz.ee\/garden\/toode\/lilium-tigermoon\/"},"modified":"2026-01-16T10:07:47","modified_gmt":"2026-01-16T08:07:47","slug":"lilium-tigermoon","status":"publish","type":"product","link":"https:\/\/dev.garden.ee\/en\/product\/lilium-tigermoon\/","title":{"rendered":"Lilium &#8216;Tigermoon&#8217;"},"content":{"rendered":"<input class=\"fooboxshare_post_id\" type=\"hidden\" value=\"9423\"\/>","protected":false},"excerpt":{"rendered":"<p>Endise nimega &#8216;Yellow Tiger&#8217;. Kreemjas \u00f5is, k\u00fclluslikult \u00fclek\u00fclvatud karmiinpunaste t\u00e4hnidega ning kroonlehe keskel kollane triip. \u00d5itseb 2 n\u00e4dalat teistest idah\u00fcbriididest hiljem.\u00a0Tugevakasvuline sort. Istutada p\u00e4ikeselisse kasvukohta, v\u00f5ib istutada r\u00fchmana, sibula vahekaugus istutamisel v\u00f5iks olla 45 cm. V\u00e4etada kevadel orgaanilise v\u00e4etisega.<\/p>","protected":false},"featured_media":9424,"template":"","meta":[],"product_brand":[],"product_cat":[4403,4415,4414,4413,4401,4391,22],"product_tag":[9454,9417],"class_list":{"0":"post-9423","1":"product","2":"type-product","3":"status-publish","4":"has-post-thumbnail","6":"product_cat-kodu","7":"product_cat-lilleaed","8":"product_cat-lohnaaed","9":"product_cat-loikelilleaed","10":"product_cat-pusikud","11":"product_cat-sibullilled","12":"product_cat-taimed","13":"product_tag-idahubriid-liilia","14":"product_tag-soodushind-50","15":"pa_lohn-lohnav","16":"pa_moodud-k-100-cm","17":"pa_oie-varv-kreemjas","18":"pa_oitsemise-aeg-juuli-august","19":"pa_variatsioon-sibul-ainult-kevadel","20":"pa_variatsioon-suurem-pott","22":"first","23":"instock","24":"sale","25":"taxable","26":"shipping-taxable","27":"purchasable","28":"product-type-variable"},"acf":[],"_links":{"self":[{"href":"https:\/\/dev.garden.ee\/en\/wp-json\/wp\/v2\/product\/9423","targetHints":{"allow":["GET"]}}],"collection":[{"href":"https:\/\/dev.garden.ee\/en\/wp-json\/wp\/v2\/product"}],"about":[{"href":"https:\/\/dev.garden.ee\/en\/wp-json\/wp\/v2\/types\/product"}],"wp:featuredmedia":[{"embeddable":true,"href":"https:\/\/dev.garden.ee\/en\/wp-json\/wp\/v2\/media\/9424"}],"wp:attachment":[{"href":"https:\/\/dev.garden.ee\/en\/wp-json\/wp\/v2\/media?parent=9423"}],"wp:term":[{"taxonomy":"product_brand","embeddable":true,"href":"https:\/\/dev.garden.ee\/en\/wp-json\/wp\/v2\/product_brand?post=9423"},{"taxonomy":"product_cat","embeddable":true,"href":"https:\/\/dev.garden.ee\/en\/wp-json\/wp\/v2\/product_cat?post=9423"},{"taxonomy":"product_tag","embeddable":true,"href":"https:\/\/dev.garden.ee\/en\/wp-json\/wp\/v2\/product_tag?post=9423"}],"curies":[{"name":"wp","href":"https:\/\/api.w.org\/{rel}","templated":true}]}}