{"id":9408,"date":"2023-01-18T18:18:44","date_gmt":"2023-01-18T16:18:44","guid":{"rendered":"https:\/\/dev.zezz.ee\/garden\/toode\/lilium-pink-perfection\/"},"modified":"2026-01-15T21:12:34","modified_gmt":"2026-01-15T19:12:34","slug":"lilium-pink-perfection","status":"publish","type":"product","link":"https:\/\/dev.garden.ee\/en\/product\/lilium-pink-perfection\/","title":{"rendered":"Lilium &#8216;Pink Perfection&#8217;"},"content":{"rendered":"<input class=\"fooboxshare_post_id\" type=\"hidden\" value=\"9408\"\/>","protected":false},"excerpt":{"rendered":"<p>Trompetliilia, millel suured (kuni 15 cm) ning tugevalt l\u00f5hnavad \u00f5ied, s\u00fcdamikus pikad oran\u017eid tolmukad. Kroonlehed on \u00f5rnalt lillakasroosad. V\u00e4ga kergesti kasvatatav, kuid v\u00f5ib vajada toestamist. Kohanemisaastatel kasvab umbes 1,2 meetriseks, edaspidi aga v\u00f5ib k\u00f5rguda lausa kuni 1,5 meetriseks. Sibula suurus 24+.<\/p>","protected":false},"featured_media":9409,"template":"","meta":[],"product_brand":[],"product_cat":[4403,4415,4414,4413,4401,4391,22],"product_tag":[9417,9451],"class_list":{"0":"post-9408","1":"product","2":"type-product","3":"status-publish","4":"has-post-thumbnail","6":"product_cat-kodu","7":"product_cat-lilleaed","8":"product_cat-lohnaaed","9":"product_cat-loikelilleaed","10":"product_cat-pusikud","11":"product_cat-sibullilled","12":"product_cat-taimed","13":"product_tag-soodushind-50","14":"product_tag-trompetliilia","15":"pa_lohn-tugev","16":"pa_moodud-k-120-cm","17":"pa_oie-varv-roosa","18":"pa_oitsemise-aeg-juuni-juuli","19":"pa_variatsioon-sibul-ainult-kevadel","20":"pa_variatsioon-suurem-pott","22":"first","23":"instock","24":"sale","25":"taxable","26":"shipping-taxable","27":"purchasable","28":"product-type-variable"},"acf":[],"_links":{"self":[{"href":"https:\/\/dev.garden.ee\/en\/wp-json\/wp\/v2\/product\/9408","targetHints":{"allow":["GET"]}}],"collection":[{"href":"https:\/\/dev.garden.ee\/en\/wp-json\/wp\/v2\/product"}],"about":[{"href":"https:\/\/dev.garden.ee\/en\/wp-json\/wp\/v2\/types\/product"}],"wp:featuredmedia":[{"embeddable":true,"href":"https:\/\/dev.garden.ee\/en\/wp-json\/wp\/v2\/media\/9409"}],"wp:attachment":[{"href":"https:\/\/dev.garden.ee\/en\/wp-json\/wp\/v2\/media?parent=9408"}],"wp:term":[{"taxonomy":"product_brand","embeddable":true,"href":"https:\/\/dev.garden.ee\/en\/wp-json\/wp\/v2\/product_brand?post=9408"},{"taxonomy":"product_cat","embeddable":true,"href":"https:\/\/dev.garden.ee\/en\/wp-json\/wp\/v2\/product_cat?post=9408"},{"taxonomy":"product_tag","embeddable":true,"href":"https:\/\/dev.garden.ee\/en\/wp-json\/wp\/v2\/product_tag?post=9408"}],"curies":[{"name":"wp","href":"https:\/\/api.w.org\/{rel}","templated":true}]}}