{"id":9376,"date":"2023-01-18T18:18:26","date_gmt":"2023-01-18T16:18:26","guid":{"rendered":"https:\/\/dev.zezz.ee\/garden\/toode\/aruncus-dioicus\/"},"modified":"2026-02-17T00:41:26","modified_gmt":"2026-02-16T22:41:26","slug":"aruncus-dioicus","status":"publish","type":"product","link":"https:\/\/dev.garden.ee\/en\/product\/aruncus-dioicus\/","title":{"rendered":"Aruncus dioicus"},"content":{"rendered":"<input class=\"fooboxshare_post_id\" type=\"hidden\" value=\"9376\"\/>","protected":false},"excerpt":{"rendered":"<p>\u00d5ied sulgi meenutavad elevandiluukarva valged. Efektne, veidi s\u00f5najalga meenutav tihe lehestik on atraktiivne l\u00e4bi suve. Armastab niiskust, sobib istutamiseks ka vee \u00e4\u00e4rde. P\u00f5\u00f5sas kasvab kuni 150 cm k\u00f5rguseks ja 120 cm laiuseks. Hea massistutustaim, samuti l\u00f5ikelill. Kui taim j\u00e4\u00e4b kuiva k\u00e4tte, siis l\u00e4heb lehestik kiiresti longu. Taim on m\u00fcrgine.<\/p>","protected":false},"featured_media":9377,"template":"","meta":[],"product_brand":[],"product_cat":[4415,4413,4406,4401,4409,4412,22],"product_tag":[],"class_list":{"0":"post-9376","1":"product","2":"type-product","3":"status-publish","4":"has-post-thumbnail","6":"product_cat-lilleaed","7":"product_cat-loikelilleaed","8":"product_cat-park","9":"product_cat-pusikud","10":"product_cat-tiigiaed","11":"product_cat-varjuaed","12":"product_cat-taimed","13":"pa_haiguskindlus-hea","14":"pa_kasvukorgus-120-150-cm","15":"pa_laius-120-cm","16":"pa_lisainfo-kaldataim","17":"pa_lisainfo-murgine","18":"pa_lisainfo-sobib-loikelilleks","19":"pa_lisainfo-sobib-osalise-varjuga-kasvualale","20":"pa_oie-varv-kreemjas","21":"pa_oitsemise-aeg-mai-juuni","22":"pa_talvekindlus-hea","23":"pa_tingimused-niiske","24":"pa_tingimused-viljakas","25":"pa_tsoon-4-8","26":"pa_valguse-tingimused-paike","27":"pa_valguse-tingimused-poolvari","28":"pa_variatsioon-suurem-pott","29":"pa_variatsioon-vaike-pott","31":"first","32":"instock","33":"purchasable","34":"product-type-variable"},"acf":[],"_links":{"self":[{"href":"https:\/\/dev.garden.ee\/en\/wp-json\/wp\/v2\/product\/9376","targetHints":{"allow":["GET"]}}],"collection":[{"href":"https:\/\/dev.garden.ee\/en\/wp-json\/wp\/v2\/product"}],"about":[{"href":"https:\/\/dev.garden.ee\/en\/wp-json\/wp\/v2\/types\/product"}],"wp:featuredmedia":[{"embeddable":true,"href":"https:\/\/dev.garden.ee\/en\/wp-json\/wp\/v2\/media\/9377"}],"wp:attachment":[{"href":"https:\/\/dev.garden.ee\/en\/wp-json\/wp\/v2\/media?parent=9376"}],"wp:term":[{"taxonomy":"product_brand","embeddable":true,"href":"https:\/\/dev.garden.ee\/en\/wp-json\/wp\/v2\/product_brand?post=9376"},{"taxonomy":"product_cat","embeddable":true,"href":"https:\/\/dev.garden.ee\/en\/wp-json\/wp\/v2\/product_cat?post=9376"},{"taxonomy":"product_tag","embeddable":true,"href":"https:\/\/dev.garden.ee\/en\/wp-json\/wp\/v2\/product_tag?post=9376"}],"curies":[{"name":"wp","href":"https:\/\/api.w.org\/{rel}","templated":true}]}}