{"id":9372,"date":"2023-01-18T18:18:23","date_gmt":"2023-01-18T16:18:23","guid":{"rendered":"https:\/\/dev.zezz.ee\/garden\/toode\/astilbe-arendsii-color-flash\/"},"modified":"2026-02-17T13:40:25","modified_gmt":"2026-02-17T11:40:25","slug":"astilbe-arendsii-color-flash","status":"publish","type":"product","link":"https:\/\/dev.garden.ee\/en\/product\/astilbe-arendsii-color-flash\/","title":{"rendered":"Astilbe arendsii &#8216;Color Flash&#8217;"},"content":{"rendered":"<input class=\"fooboxshare_post_id\" type=\"hidden\" value=\"9372\"\/>","protected":false},"excerpt":{"rendered":"<p>S\u00e4rava v\u00e4rvilise lehestikuga p\u00fcsik. Varred tumedad ja p\u00fcstised, lehed saagjaservalised, \u00f5isikud valged. Vajab kasvamiseks pigem poolvarju kui p\u00e4ikest ja viljakat\u00a0niisket\u00a0pinnast. Ei tohi lasta kuivada, ei talu p\u00f5uda ega lubjast pinnast. Kogu kasvuperioodi s\u00e4ilitavad lehed oma kirju v\u00e4rvi. Paljundamine risoomi jagamise teel kevadel v\u00f5i s\u00fcgisel. Soodsate kasvutingimuste puhul v\u00f5ib kasvada \u00fchel kohal kuni 10 aastat. Sobilik l\u00f5ikelilleks. Meelitab aeda mesilasi ja liblikaid.<\/p>","protected":false},"featured_media":9373,"template":"","meta":[],"product_brand":[],"product_cat":[6934,4406,4401,4409,4392,4412,22],"product_tag":[],"class_list":{"0":"post-9372","1":"product","2":"type-product","3":"status-publish","4":"has-post-thumbnail","6":"product_cat-mesilassobralik-aed","7":"product_cat-park","8":"product_cat-pusikud","9":"product_cat-tiigiaed","10":"product_cat-tiigitaimed","11":"product_cat-varjuaed","12":"product_cat-taimed","13":"pa_haiguskindlus-hea","14":"pa_kasvukorgus-40-cm","15":"pa_laius-40-60-cm","16":"pa_lehestikuvarv-roheline","17":"pa_lehestikuvarv-mitmevarviline","18":"pa_lehestikuvarv-punane","19":"pa_lehestikuvarv-purpurne","20":"pa_lisainfo-mesilaste-lemmik","21":"pa_lisainfo-sobib-loikelilleks","22":"pa_lisainfo-sobib-osalise-varjuga-kasvualale","23":"pa_oie-varv-kreemjas","24":"pa_oitsemise-aeg-juuli-august","25":"pa_talvekindlus-vaga-hea","26":"pa_tingimused-niiske","27":"pa_tingimused-v-a-lubjane","28":"pa_tingimused-viljakas","29":"pa_tsoon-3-9","30":"pa_valguse-tingimused-poolvari","31":"pa_variatsioon-suurem-pott","32":"pa_variatsioon-vaiksem-pott","34":"first","35":"instock","36":"purchasable","37":"product-type-variable"},"acf":[],"_links":{"self":[{"href":"https:\/\/dev.garden.ee\/en\/wp-json\/wp\/v2\/product\/9372","targetHints":{"allow":["GET"]}}],"collection":[{"href":"https:\/\/dev.garden.ee\/en\/wp-json\/wp\/v2\/product"}],"about":[{"href":"https:\/\/dev.garden.ee\/en\/wp-json\/wp\/v2\/types\/product"}],"wp:featuredmedia":[{"embeddable":true,"href":"https:\/\/dev.garden.ee\/en\/wp-json\/wp\/v2\/media\/9373"}],"wp:attachment":[{"href":"https:\/\/dev.garden.ee\/en\/wp-json\/wp\/v2\/media?parent=9372"}],"wp:term":[{"taxonomy":"product_brand","embeddable":true,"href":"https:\/\/dev.garden.ee\/en\/wp-json\/wp\/v2\/product_brand?post=9372"},{"taxonomy":"product_cat","embeddable":true,"href":"https:\/\/dev.garden.ee\/en\/wp-json\/wp\/v2\/product_cat?post=9372"},{"taxonomy":"product_tag","embeddable":true,"href":"https:\/\/dev.garden.ee\/en\/wp-json\/wp\/v2\/product_tag?post=9372"}],"curies":[{"name":"wp","href":"https:\/\/api.w.org\/{rel}","templated":true}]}}