{"id":9368,"date":"2023-01-18T18:18:21","date_gmt":"2023-01-18T16:18:21","guid":{"rendered":"https:\/\/dev.zezz.ee\/garden\/toode\/erigeron-hybridus-rotes-meer\/"},"modified":"2026-02-23T19:24:09","modified_gmt":"2026-02-23T17:24:09","slug":"erigeron-hybridus-rotes-meer","status":"publish","type":"product","link":"https:\/\/dev.garden.ee\/en\/product\/erigeron-hybridus-rotes-meer\/","title":{"rendered":"Erigeron hybridus &#8216;Rotes Meer&#8217;"},"content":{"rendered":"<input class=\"fooboxshare_post_id\" type=\"hidden\" value=\"9368\"\/>","protected":false},"excerpt":{"rendered":"<p>Vana kultuurtaim. Kompaktne, p\u00fcstiste varte ja s\u00fcstjate lehtedega, ca 5 cm\u00a0l\u00e4bim\u00f5\u00f5duga\u00a0kollase s\u00fcdamikuga roosad \u00f5ied. Hea l\u00f5ikelill. Sobib istutamiseks nii \u00e4\u00e4ris- kui r\u00fchmataimena, kiviktaimlasse ja konteinerisse. Kasvab h\u00e4sti kergelt happelises mullas, p\u00e4ikeselises kasvukohas.<\/p>\n<p>Hooldus:\u00a0V\u00e4hen\u00f5udlik, kuid vajab hea vormi s\u00e4ilitamiseks 3 &#8211; 4 aasta tagant jagamist, mida on soovitav teha varakevadel v\u00f5i augustis &#8211; septembris.<\/p>","protected":false},"featured_media":9369,"template":"","meta":[],"product_brand":[],"product_cat":[9637,4415,4413,4401,22],"product_tag":[],"class_list":{"0":"post-9368","1":"product","2":"type-product","3":"status-publish","4":"has-post-thumbnail","6":"product_cat-istutuskast","7":"product_cat-lilleaed","8":"product_cat-loikelilleaed","9":"product_cat-pusikud","10":"product_cat-taimed","11":"pa_haiguskindlus-vaga-hea","12":"pa_kasvukorgus-60-cm","13":"pa_laius-30-40-cm","14":"pa_lisainfo-hirve-kahjustustele-vastupidav","15":"pa_lisainfo-sobilik-istutuskasti-jaoks","16":"pa_lisainfo-sobib-loikelilleks","17":"pa_oie-varv-roosa","18":"pa_oitsemise-aeg-juuli-august","19":"pa_talvekindlus-vaga-hea","20":"pa_tingimused-hea-drenaaz","21":"pa_tingimused-kergelt-happeline","22":"pa_tingimused-kuivema-poolsem","23":"pa_tingimused-neutraalne","24":"pa_tingimused-viljakas","25":"pa_tsoon-4-9","26":"pa_valguse-tingimused-paike","27":"pa_valguse-tingimused-poolvari","28":"pa_variatsioon-suurem-pott","29":"pa_variatsioon-vaiksem-pott","31":"first","32":"instock","33":"purchasable","34":"product-type-variable"},"acf":[],"_links":{"self":[{"href":"https:\/\/dev.garden.ee\/en\/wp-json\/wp\/v2\/product\/9368","targetHints":{"allow":["GET"]}}],"collection":[{"href":"https:\/\/dev.garden.ee\/en\/wp-json\/wp\/v2\/product"}],"about":[{"href":"https:\/\/dev.garden.ee\/en\/wp-json\/wp\/v2\/types\/product"}],"wp:featuredmedia":[{"embeddable":true,"href":"https:\/\/dev.garden.ee\/en\/wp-json\/wp\/v2\/media\/9369"}],"wp:attachment":[{"href":"https:\/\/dev.garden.ee\/en\/wp-json\/wp\/v2\/media?parent=9368"}],"wp:term":[{"taxonomy":"product_brand","embeddable":true,"href":"https:\/\/dev.garden.ee\/en\/wp-json\/wp\/v2\/product_brand?post=9368"},{"taxonomy":"product_cat","embeddable":true,"href":"https:\/\/dev.garden.ee\/en\/wp-json\/wp\/v2\/product_cat?post=9368"},{"taxonomy":"product_tag","embeddable":true,"href":"https:\/\/dev.garden.ee\/en\/wp-json\/wp\/v2\/product_tag?post=9368"}],"curies":[{"name":"wp","href":"https:\/\/api.w.org\/{rel}","templated":true}]}}