{"id":9359,"date":"2023-01-18T18:18:16","date_gmt":"2023-01-18T16:18:16","guid":{"rendered":"https:\/\/dev.zezz.ee\/garden\/toode\/dryopteris-cycadina\/"},"modified":"2026-02-22T12:48:56","modified_gmt":"2026-02-22T10:48:56","slug":"dryopteris-cycadina","status":"publish","type":"product","link":"https:\/\/dev.garden.ee\/en\/product\/dryopteris-cycadina\/","title":{"rendered":"Dryopteris cycadina"},"content":{"rendered":"<input class=\"fooboxshare_post_id\" type=\"hidden\" value=\"9359\"\/>","protected":false},"excerpt":{"rendered":"<p>Tihke ja nahkja v\u00e4limusega, moodustab keskmise suurusega salga heleroheliste lehtedega. Varred kaetud v\u00e4ikeste mustade \u00a0karvakestega, lehe tagumisel poolel pisikesed kollakas-oran\u017eid t\u00e4pid. Kompaktse kasvuga, sobib varjulisemasse, niiskemasse kohta. Samuti sobivad ideaalselt istutuskasti teiste varjulembeliste p\u00fcsikutega nagu hostad v\u00f5i lumeroosid.<\/p>\n<p>Hooldus: Istutamisel lisa k\u00f5dunenud lehekomposti, m\u00e4nniokkamult\u0161i v\u00f5i lihtsalt komposti. L\u00f5ika inetud lehed kevadel, et innustada uut ja v\u00e4rsket kasvu.<\/p>","protected":false},"featured_media":9360,"template":"","meta":[],"product_brand":[],"product_cat":[4406,4401,4399,4412,22],"product_tag":[],"class_list":{"0":"post-9359","1":"product","2":"type-product","3":"status-publish","4":"has-post-thumbnail","6":"product_cat-park","7":"product_cat-pusikud","8":"product_cat-sonajalad","9":"product_cat-varjuaed","10":"product_cat-taimed","11":"pa_haiguskindlus-vaga-hea","12":"pa_kasvukorgus-30-75-cm","13":"pa_laius-45-60-cm","14":"pa_lisainfo-dekoratiivne-lehestik","15":"pa_lisainfo-sobib-osalise-varjuga-kasvualale","16":"pa_talvekindlus-vaga-hea","17":"pa_tingimused-hea-drenaaz","18":"pa_tingimused-niiske","19":"pa_tsoon-4-9","20":"pa_valguse-tingimused-poolvari","21":"pa_valguse-tingimused-vari","22":"pa_variatsioon-suurem-pott","23":"pa_variatsioon-vaiksem-pott","25":"first","26":"instock","27":"purchasable","28":"product-type-variable"},"acf":[],"_links":{"self":[{"href":"https:\/\/dev.garden.ee\/en\/wp-json\/wp\/v2\/product\/9359","targetHints":{"allow":["GET"]}}],"collection":[{"href":"https:\/\/dev.garden.ee\/en\/wp-json\/wp\/v2\/product"}],"about":[{"href":"https:\/\/dev.garden.ee\/en\/wp-json\/wp\/v2\/types\/product"}],"wp:featuredmedia":[{"embeddable":true,"href":"https:\/\/dev.garden.ee\/en\/wp-json\/wp\/v2\/media\/9360"}],"wp:attachment":[{"href":"https:\/\/dev.garden.ee\/en\/wp-json\/wp\/v2\/media?parent=9359"}],"wp:term":[{"taxonomy":"product_brand","embeddable":true,"href":"https:\/\/dev.garden.ee\/en\/wp-json\/wp\/v2\/product_brand?post=9359"},{"taxonomy":"product_cat","embeddable":true,"href":"https:\/\/dev.garden.ee\/en\/wp-json\/wp\/v2\/product_cat?post=9359"},{"taxonomy":"product_tag","embeddable":true,"href":"https:\/\/dev.garden.ee\/en\/wp-json\/wp\/v2\/product_tag?post=9359"}],"curies":[{"name":"wp","href":"https:\/\/api.w.org\/{rel}","templated":true}]}}