{"id":9355,"date":"2023-01-18T18:18:13","date_gmt":"2023-01-18T16:18:13","guid":{"rendered":"https:\/\/dev.zezz.ee\/garden\/toode\/dianthus-pinifolius\/"},"modified":"2026-02-21T20:06:04","modified_gmt":"2026-02-21T18:06:04","slug":"dianthus-pinifolius","status":"publish","type":"product","link":"https:\/\/dev.garden.ee\/en\/product\/dianthus-pinifolius\/","title":{"rendered":"Dianthus pinifolius"},"content":{"rendered":"<input class=\"fooboxshare_post_id\" type=\"hidden\" value=\"9355\"\/>","protected":false},"excerpt":{"rendered":"<p>V\u00e4ikesed h\u00f5behallid lineaarsed lehed moodustavad kuni 40cm padja, mille kohal pisut k\u00f5rgema varre otsa ilmuvad v\u00e4ikesed, \u00fcmarad \u00a0lillakad kuni purpursed pallid, mis koosnevad pisikestest, nelgisarnastest \u00f5itest. \u00d5ied l\u00f5hnavad v\u00fcrtsikalt, mis meelitab mesilasi ja liblikaid. Lehed on igihaljad. Ideaalne taim kiviktaimlasse v\u00f5i tee\u00e4\u00e4ristuseks. M\u00fcrgine.<\/p>","protected":false},"featured_media":9356,"template":"","meta":[],"product_brand":[],"product_cat":[9503,4415,6934,4401,22],"product_tag":[],"class_list":{"0":"post-9355","1":"product","2":"type-product","3":"status-publish","4":"has-post-thumbnail","6":"product_cat-kiviktaimla","7":"product_cat-lilleaed","8":"product_cat-mesilassobralik-aed","9":"product_cat-pusikud","10":"product_cat-taimed","11":"pa_haiguskindlus-hea","12":"pa_kasvukorgus-40-cm","13":"pa_laius-25-cm","14":"pa_lisainfo-igihaljas","15":"pa_lisainfo-mesilaste-lemmik","16":"pa_lisainfo-murgine","17":"pa_oie-varv-lilla","18":"pa_oitsemise-aeg-mai-juuli","19":"pa_talvekindlus-vaga-hea","20":"pa_tingimused-hea-drenaaz","21":"pa_tingimused-koik-mullatuubid","22":"pa_tingimused-kuiv","23":"pa_tingimused-parasniiske","24":"pa_tsoon-4-8","25":"pa_valguse-tingimused-paike","26":"pa_variatsioon-suurem-pott","27":"pa_variatsioon-vaiksem-pott","29":"first","30":"instock","31":"purchasable","32":"product-type-variable"},"acf":[],"_links":{"self":[{"href":"https:\/\/dev.garden.ee\/en\/wp-json\/wp\/v2\/product\/9355","targetHints":{"allow":["GET"]}}],"collection":[{"href":"https:\/\/dev.garden.ee\/en\/wp-json\/wp\/v2\/product"}],"about":[{"href":"https:\/\/dev.garden.ee\/en\/wp-json\/wp\/v2\/types\/product"}],"wp:featuredmedia":[{"embeddable":true,"href":"https:\/\/dev.garden.ee\/en\/wp-json\/wp\/v2\/media\/9356"}],"wp:attachment":[{"href":"https:\/\/dev.garden.ee\/en\/wp-json\/wp\/v2\/media?parent=9355"}],"wp:term":[{"taxonomy":"product_brand","embeddable":true,"href":"https:\/\/dev.garden.ee\/en\/wp-json\/wp\/v2\/product_brand?post=9355"},{"taxonomy":"product_cat","embeddable":true,"href":"https:\/\/dev.garden.ee\/en\/wp-json\/wp\/v2\/product_cat?post=9355"},{"taxonomy":"product_tag","embeddable":true,"href":"https:\/\/dev.garden.ee\/en\/wp-json\/wp\/v2\/product_tag?post=9355"}],"curies":[{"name":"wp","href":"https:\/\/api.w.org\/{rel}","templated":true}]}}