{"id":9343,"date":"2023-01-18T18:18:07","date_gmt":"2023-01-18T16:18:07","guid":{"rendered":"https:\/\/dev.zezz.ee\/garden\/toode\/convallaria-majalis-rosea\/"},"modified":"2026-02-19T19:18:12","modified_gmt":"2026-02-19T17:18:12","slug":"convallaria-majalis-rosea","status":"publish","type":"product","link":"https:\/\/dev.garden.ee\/en\/product\/convallaria-majalis-rosea\/","title":{"rendered":"Convallaria majalis &#8216;Rosea&#8217;"},"content":{"rendered":"<input class=\"fooboxshare_post_id\" type=\"hidden\" value=\"9343\"\/>","protected":false},"excerpt":{"rendered":"<p>See maikellukese sort \u00fcllatab roosade \u00f5itega. Maikuus ilmuvad \u00f5rnroosad, tuttava, intensiivse aroomiga v\u00e4ikesed kellukesed. Hinnatud l\u00f5ikelill. Hea ja ilmekas pinnakatja varjulisematesse paikadesse, lihtne kasvatada. Paljuneb nii seemnete kui risoomi abil.<\/p>\n<p>NB! K\u00f5ik taimeosad on m\u00fcrgised.<\/p>","protected":false},"featured_media":9344,"template":"","meta":[],"product_brand":[],"product_cat":[4413,4406,9200,4401,4412,22],"product_tag":[],"class_list":{"0":"post-9343","1":"product","2":"type-product","3":"status-publish","4":"has-post-thumbnail","6":"product_cat-loikelilleaed","7":"product_cat-park","8":"product_cat-pinnakatjad","9":"product_cat-pusikud","10":"product_cat-varjuaed","11":"product_cat-taimed","12":"pa_haiguskindlus-vaga-hea","13":"pa_kasvukorgus-15-cm","14":"pa_laius-15-30-cm","15":"pa_lisainfo-hea-pinnakatja","16":"pa_lisainfo-murgine","17":"pa_lisainfo-sobib-loikelilleks","18":"pa_lisainfo-talub-kuiva-varjulisemat-kasvukohta","19":"pa_lohn-lohnav","20":"pa_oie-varv-roosa","21":"pa_oitsemise-aeg-mai-juuni","22":"pa_talvekindlus-vaga-hea","23":"pa_tingimused-hea-drenaaz","24":"pa_tingimused-niiske","25":"pa_tingimused-viljakas","26":"pa_tsoon-3-9","27":"pa_valguse-tingimused-poolvari","28":"pa_valguse-tingimused-vari","29":"pa_variatsioon-suurem-pott","30":"pa_variatsioon-vaiksem-pott","32":"first","33":"onbackorder","34":"purchasable","35":"product-type-variable"},"acf":[],"_links":{"self":[{"href":"https:\/\/dev.garden.ee\/en\/wp-json\/wp\/v2\/product\/9343","targetHints":{"allow":["GET"]}}],"collection":[{"href":"https:\/\/dev.garden.ee\/en\/wp-json\/wp\/v2\/product"}],"about":[{"href":"https:\/\/dev.garden.ee\/en\/wp-json\/wp\/v2\/types\/product"}],"wp:featuredmedia":[{"embeddable":true,"href":"https:\/\/dev.garden.ee\/en\/wp-json\/wp\/v2\/media\/9344"}],"wp:attachment":[{"href":"https:\/\/dev.garden.ee\/en\/wp-json\/wp\/v2\/media?parent=9343"}],"wp:term":[{"taxonomy":"product_brand","embeddable":true,"href":"https:\/\/dev.garden.ee\/en\/wp-json\/wp\/v2\/product_brand?post=9343"},{"taxonomy":"product_cat","embeddable":true,"href":"https:\/\/dev.garden.ee\/en\/wp-json\/wp\/v2\/product_cat?post=9343"},{"taxonomy":"product_tag","embeddable":true,"href":"https:\/\/dev.garden.ee\/en\/wp-json\/wp\/v2\/product_tag?post=9343"}],"curies":[{"name":"wp","href":"https:\/\/api.w.org\/{rel}","templated":true}]}}