{"id":9334,"date":"2023-01-18T18:18:02","date_gmt":"2023-01-18T16:18:02","guid":{"rendered":"https:\/\/dev.zezz.ee\/garden\/toode\/carex-comans-bronze-form\/"},"modified":"2026-02-19T09:27:24","modified_gmt":"2026-02-19T07:27:24","slug":"carex-comans-bronze-form","status":"publish","type":"product","link":"https:\/\/dev.garden.ee\/en\/product\/carex-comans-bronze-form\/","title":{"rendered":"Carex comans &#8216;Bronze Form&#8217;"},"content":{"rendered":"<input class=\"fooboxshare_post_id\" type=\"hidden\" value=\"9334\"\/>","protected":false},"excerpt":{"rendered":"<p>Sort hoiab oma omap\u00e4rast pronksjat lehestiku v\u00e4rvi terve hooaja v\u00e4ltel ning on suurep\u00e4rane puhmast moodustav pinnakatja. \u00d5isikup\u00e4hikud ilmuvad varasuvel, kuid need on tema lehestikuga v\u00f5rreldes t\u00e4htsusetud.<\/p>\n<p>On heaks kontrasttaimeks teiste roheliste taustal. Istutada v\u00f5ib r\u00fchmadena v\u00f5i massina. Taime on lihtne paljundada, jagades puhmast varakevadel.<\/p>\n<p>Varakevadel v\u00f5iks korraliku, kompaktse v\u00e4limuse hoidmiseks taime pisut k\u00e4rpida.<\/p>","protected":false},"featured_media":9335,"template":"","meta":[],"product_brand":[],"product_cat":[9637,4400,4401,4412,22],"product_tag":[],"class_list":{"0":"post-9334","1":"product","2":"type-product","3":"status-publish","4":"has-post-thumbnail","6":"product_cat-istutuskast","7":"product_cat-korrelised","8":"product_cat-pusikud","9":"product_cat-varjuaed","10":"product_cat-taimed","11":"pa_haiguskindlus-hea","12":"pa_kasvukorgus-20-30-cm","13":"pa_laius-30-60-cm","14":"pa_lehestikuvarv-pronksjas","15":"pa_lisainfo-dekoratiivne-lehestik","16":"pa_lisainfo-sobilik-istutuskasti-jaoks","17":"pa_lisainfo-sobib-osalise-varjuga-kasvualale","18":"pa_oie-varv-pruun","19":"pa_oitsemise-aeg-juuni-juuli","20":"pa_talvekindlus-keskmine","21":"pa_tingimused-kuiv","22":"pa_tingimused-neutraalne","23":"pa_tsoon-5-9","24":"pa_valguse-tingimused-paike","25":"pa_valguse-tingimused-poolvari","26":"pa_variatsioon-suurem-pott","27":"pa_variatsioon-vaiksem-pott","29":"first","30":"instock","31":"purchasable","32":"product-type-variable"},"acf":[],"_links":{"self":[{"href":"https:\/\/dev.garden.ee\/en\/wp-json\/wp\/v2\/product\/9334","targetHints":{"allow":["GET"]}}],"collection":[{"href":"https:\/\/dev.garden.ee\/en\/wp-json\/wp\/v2\/product"}],"about":[{"href":"https:\/\/dev.garden.ee\/en\/wp-json\/wp\/v2\/types\/product"}],"wp:featuredmedia":[{"embeddable":true,"href":"https:\/\/dev.garden.ee\/en\/wp-json\/wp\/v2\/media\/9335"}],"wp:attachment":[{"href":"https:\/\/dev.garden.ee\/en\/wp-json\/wp\/v2\/media?parent=9334"}],"wp:term":[{"taxonomy":"product_brand","embeddable":true,"href":"https:\/\/dev.garden.ee\/en\/wp-json\/wp\/v2\/product_brand?post=9334"},{"taxonomy":"product_cat","embeddable":true,"href":"https:\/\/dev.garden.ee\/en\/wp-json\/wp\/v2\/product_cat?post=9334"},{"taxonomy":"product_tag","embeddable":true,"href":"https:\/\/dev.garden.ee\/en\/wp-json\/wp\/v2\/product_tag?post=9334"}],"curies":[{"name":"wp","href":"https:\/\/api.w.org\/{rel}","templated":true}]}}