{"id":9324,"date":"2023-01-18T18:17:56","date_gmt":"2023-01-18T16:17:56","guid":{"rendered":"https:\/\/dev.zezz.ee\/garden\/toode\/briza-media-russells\/"},"modified":"2026-02-18T12:50:39","modified_gmt":"2026-02-18T10:50:39","slug":"briza-media-russells","status":"publish","type":"product","link":"https:\/\/dev.garden.ee\/en\/product\/briza-media-russells\/","title":{"rendered":"Briza media &#8216;Russells&#8217;"},"content":{"rendered":"<input class=\"fooboxshare_post_id\" type=\"hidden\" value=\"9324\"\/>","protected":false},"excerpt":{"rendered":"<p>Madalakasvuline, sihvaka siluetiga k\u00f5rreline. Lehed pikad ja kitsad, rohelised valge \u00e4\u00e4rega. \u00d5ied on pisikesed s\u00fcdamekujulised ripatsid, \u00f5ite puhkemisel helerohelised, v\u00f5imalik kerge roosakas varjund. S\u00fcgisel s\u00e4ilitavad oma kuju, muutudes kuldseks.<\/p>\n<p>Taim sobib peenra \u00e4\u00e4ristuseks, seltsilisteks sobivad n\u00e4iteks heucherad.<\/p>","protected":false},"featured_media":9325,"template":"","meta":[],"product_brand":[],"product_cat":[4407,4400,4415,4401,22],"product_tag":[],"class_list":{"0":"post-9324","1":"product","2":"type-product","3":"status-publish","4":"has-post-thumbnail","6":"product_cat-aasad","7":"product_cat-korrelised","8":"product_cat-lilleaed","9":"product_cat-pusikud","10":"product_cat-taimed","11":"pa_kasvukorgus-40-50-cm","12":"pa_laius-30-cm","13":"pa_lehestikuvarv-roheline","14":"pa_lehestikuvarv-valge","15":"pa_lisainfo-dekoratiivne-lehestik","16":"pa_lisainfo-hirve-kahjustustele-vastupidav","17":"pa_oie-varv-kreemjas","18":"pa_oie-varv-roheline","19":"pa_oitsemise-aeg-juuni-juuli","20":"pa_talvekindlus-vaga-hea","21":"pa_tingimused-hea-drenaaz","22":"pa_tingimused-kuiv","23":"pa_tsoon-4-9","24":"pa_valguse-tingimused-paike","25":"pa_variatsioon-suurem-pott","26":"pa_variatsioon-vaiksem-pott","28":"first","29":"instock","30":"purchasable","31":"product-type-variable"},"acf":[],"_links":{"self":[{"href":"https:\/\/dev.garden.ee\/en\/wp-json\/wp\/v2\/product\/9324","targetHints":{"allow":["GET"]}}],"collection":[{"href":"https:\/\/dev.garden.ee\/en\/wp-json\/wp\/v2\/product"}],"about":[{"href":"https:\/\/dev.garden.ee\/en\/wp-json\/wp\/v2\/types\/product"}],"wp:featuredmedia":[{"embeddable":true,"href":"https:\/\/dev.garden.ee\/en\/wp-json\/wp\/v2\/media\/9325"}],"wp:attachment":[{"href":"https:\/\/dev.garden.ee\/en\/wp-json\/wp\/v2\/media?parent=9324"}],"wp:term":[{"taxonomy":"product_brand","embeddable":true,"href":"https:\/\/dev.garden.ee\/en\/wp-json\/wp\/v2\/product_brand?post=9324"},{"taxonomy":"product_cat","embeddable":true,"href":"https:\/\/dev.garden.ee\/en\/wp-json\/wp\/v2\/product_cat?post=9324"},{"taxonomy":"product_tag","embeddable":true,"href":"https:\/\/dev.garden.ee\/en\/wp-json\/wp\/v2\/product_tag?post=9324"}],"curies":[{"name":"wp","href":"https:\/\/api.w.org\/{rel}","templated":true}]}}