{"id":9309,"date":"2023-01-18T18:17:48","date_gmt":"2023-01-18T16:17:48","guid":{"rendered":"https:\/\/dev.zezz.ee\/garden\/toode\/astilbe-chinensis-vision-in-red\/"},"modified":"2026-02-17T16:34:26","modified_gmt":"2026-02-17T14:34:26","slug":"astilbe-chinensis-vision-in-red","status":"publish","type":"product","link":"https:\/\/dev.garden.ee\/en\/product\/astilbe-chinensis-vision-in-red\/","title":{"rendered":"Astilbe chinensis &#8216;Vision in Red&#8217;"},"content":{"rendered":"<input class=\"fooboxshare_post_id\" type=\"hidden\" value=\"9309\"\/>","protected":false},"excerpt":{"rendered":"<p>Astilbe on hea valik varjulisemasse aeda, \u00f5itseb rikkalikult, kuid tuleks j\u00e4lgida, et muld on v\u00e4etatud ja niisutatud. V\u00e4etada kevadel.<\/p>\n<p>\u00d5ied \u00f5hulised, sulgjad, v\u00e4rvuselt purpursed. Lehed saagjaservalised, pronksjasrohelised. Meelitab ligi liblikaid. Sobib konteineritesse, hea l\u00f5ikelill.<\/p>","protected":false},"featured_media":9310,"template":"","meta":[],"product_brand":[],"product_cat":[4406,4401,4409,4392,4412,22],"product_tag":[],"class_list":{"0":"post-9309","1":"product","2":"type-product","3":"status-publish","4":"has-post-thumbnail","6":"product_cat-park","7":"product_cat-pusikud","8":"product_cat-tiigiaed","9":"product_cat-tiigitaimed","10":"product_cat-varjuaed","11":"product_cat-taimed","12":"pa_haiguskindlus-hea","13":"pa_kasvukorgus-30-40-cm","14":"pa_laius-30-50-cm","15":"pa_lisainfo-sobib-osalise-varjuga-kasvualale","16":"pa_oie-varv-purpurne","17":"pa_oitsemise-aeg-juuli-august","18":"pa_talvekindlus-vaga-hea","19":"pa_tingimused-niiske","20":"pa_tingimused-viljakas","21":"pa_tsoon-3-9","22":"pa_valguse-tingimused-poolvari","23":"pa_variatsioon-suurem-pott","24":"pa_variatsioon-vaiksem-pott","26":"first","27":"instock","28":"purchasable","29":"product-type-variable"},"acf":[],"_links":{"self":[{"href":"https:\/\/dev.garden.ee\/en\/wp-json\/wp\/v2\/product\/9309","targetHints":{"allow":["GET"]}}],"collection":[{"href":"https:\/\/dev.garden.ee\/en\/wp-json\/wp\/v2\/product"}],"about":[{"href":"https:\/\/dev.garden.ee\/en\/wp-json\/wp\/v2\/types\/product"}],"wp:featuredmedia":[{"embeddable":true,"href":"https:\/\/dev.garden.ee\/en\/wp-json\/wp\/v2\/media\/9310"}],"wp:attachment":[{"href":"https:\/\/dev.garden.ee\/en\/wp-json\/wp\/v2\/media?parent=9309"}],"wp:term":[{"taxonomy":"product_brand","embeddable":true,"href":"https:\/\/dev.garden.ee\/en\/wp-json\/wp\/v2\/product_brand?post=9309"},{"taxonomy":"product_cat","embeddable":true,"href":"https:\/\/dev.garden.ee\/en\/wp-json\/wp\/v2\/product_cat?post=9309"},{"taxonomy":"product_tag","embeddable":true,"href":"https:\/\/dev.garden.ee\/en\/wp-json\/wp\/v2\/product_tag?post=9309"}],"curies":[{"name":"wp","href":"https:\/\/api.w.org\/{rel}","templated":true}]}}