{"id":9305,"date":"2023-01-18T18:17:46","date_gmt":"2023-01-18T16:17:46","guid":{"rendered":"https:\/\/dev.zezz.ee\/garden\/toode\/astilbe-simplicifolia-sprite\/"},"modified":"2026-02-17T17:06:06","modified_gmt":"2026-02-17T15:06:06","slug":"astilbe-simplicifolia-sprite","status":"publish","type":"product","link":"https:\/\/dev.garden.ee\/en\/product\/astilbe-simplicifolia-sprite\/","title":{"rendered":"Astilbe simplicifolia &#8216;Sprite&#8217;"},"content":{"rendered":"<input class=\"fooboxshare_post_id\" type=\"hidden\" value=\"9305\"\/>","protected":false},"excerpt":{"rendered":"<p>Armas astilbe k\u00e4\u00e4bussort kasvab kuni 30cm k\u00f5rguseks.\u00a0\u00d5ied \u00f5hulised, sulgjad. Astilbe on hea valik varjulisemasse aeda, \u00f5itseb rikkalikult, kuid tuleks j\u00e4lgida, et muld on v\u00e4etatud ja niisutatud.\u00a0\u00d5ied on roosad, lehed kevadel pronksjad, suvel muutuvad roheliseks. V\u00e4etada kevadel. Meelitab ligi liblikaid. Sobib konteineritesse, hea l\u00f5ikelill.\u00a01994.aastal valiti aasta p\u00fcsikuks.<\/p>","protected":false},"featured_media":9306,"template":"","meta":[],"product_brand":[],"product_cat":[9637,4413,6934,4406,4401,4409,4392,4412,22],"product_tag":[],"class_list":{"0":"post-9305","1":"product","2":"type-product","3":"status-publish","4":"has-post-thumbnail","6":"product_cat-istutuskast","7":"product_cat-loikelilleaed","8":"product_cat-mesilassobralik-aed","9":"product_cat-park","10":"product_cat-pusikud","11":"product_cat-tiigiaed","12":"product_cat-tiigitaimed","13":"product_cat-varjuaed","14":"product_cat-taimed","15":"pa_haiguskindlus-hea","16":"pa_kasvukorgus-20-30-cm","17":"pa_laius-25-30-cm","18":"pa_lisainfo-mesilaste-lemmik","19":"pa_lisainfo-sobilik-istutuskasti-jaoks","20":"pa_lisainfo-sobib-loikelilleks","21":"pa_lisainfo-sobib-osalise-varjuga-kasvualale","22":"pa_oie-varv-roosa","23":"pa_oitsemise-aeg-juuni-juuli","24":"pa_talvekindlus-vaga-hea","25":"pa_tingimused-niiske","26":"pa_tingimused-viljakas","27":"pa_tsoon-4-9","28":"pa_valguse-tingimused-poolvari","29":"pa_valguse-tingimused-vari","30":"pa_variatsioon-suurem-pott","31":"pa_variatsioon-vaiksem-pott","33":"first","34":"instock","35":"purchasable","36":"product-type-variable"},"acf":[],"_links":{"self":[{"href":"https:\/\/dev.garden.ee\/en\/wp-json\/wp\/v2\/product\/9305","targetHints":{"allow":["GET"]}}],"collection":[{"href":"https:\/\/dev.garden.ee\/en\/wp-json\/wp\/v2\/product"}],"about":[{"href":"https:\/\/dev.garden.ee\/en\/wp-json\/wp\/v2\/types\/product"}],"wp:featuredmedia":[{"embeddable":true,"href":"https:\/\/dev.garden.ee\/en\/wp-json\/wp\/v2\/media\/9306"}],"wp:attachment":[{"href":"https:\/\/dev.garden.ee\/en\/wp-json\/wp\/v2\/media?parent=9305"}],"wp:term":[{"taxonomy":"product_brand","embeddable":true,"href":"https:\/\/dev.garden.ee\/en\/wp-json\/wp\/v2\/product_brand?post=9305"},{"taxonomy":"product_cat","embeddable":true,"href":"https:\/\/dev.garden.ee\/en\/wp-json\/wp\/v2\/product_cat?post=9305"},{"taxonomy":"product_tag","embeddable":true,"href":"https:\/\/dev.garden.ee\/en\/wp-json\/wp\/v2\/product_tag?post=9305"}],"curies":[{"name":"wp","href":"https:\/\/api.w.org\/{rel}","templated":true}]}}