{"id":9300,"date":"2023-01-18T18:17:43","date_gmt":"2023-01-18T16:17:43","guid":{"rendered":"https:\/\/dev.zezz.ee\/garden\/toode\/anemone-hupehensis-japonica-pamina\/"},"modified":"2026-02-13T22:02:47","modified_gmt":"2026-02-13T20:02:47","slug":"anemone-hupehensis-japonica-pamina","status":"publish","type":"product","link":"https:\/\/dev.garden.ee\/en\/product\/anemone-hupehensis-japonica-pamina\/","title":{"rendered":"Anemone hupehensis var. japonica &#8216;Pamina&#8217;"},"content":{"rendered":"<input class=\"fooboxshare_post_id\" type=\"hidden\" value=\"9300\"\/>","protected":false},"excerpt":{"rendered":"<p>H\u00fcbriid\u00fclase lillakasroosa variant. K\u00f5rgekasvuline puituvate v\u00f5rsetega p\u00fcsik paistab juba kaugelt oma elegantsete \u00f5itega silma. Kaunid, haprad \u00f5ied pikkadel vartel, armas kollane tolmukate s\u00fcdamik. J\u00f5ulise kasvuga! Parim etteaste poolvarjulises kasvualas. Jaga varakevadel v\u00f5i s\u00fcgisel. Taimele ei meeldi liigne \u00fcmberistutamine. V\u00e4ltida kasvukohta, kuhu v\u00f5iks tekkida talve l\u00f5pul liigne vesi.<\/p>\n<p>Autasustatud 1997.aastal\u00a0Garden of Merit auhinnaga.<\/p>","protected":false},"featured_media":9301,"template":"","meta":[],"product_brand":[],"product_cat":[4415,6934,4401,4412,22],"product_tag":[9209],"class_list":{"0":"post-9300","1":"product","2":"type-product","3":"status-publish","4":"has-post-thumbnail","6":"product_cat-lilleaed","7":"product_cat-mesilassobralik-aed","8":"product_cat-pusikud","9":"product_cat-varjuaed","10":"product_cat-taimed","11":"product_tag-rhs-award-of-garden-merit","12":"pa_haiguskindlus-hea","13":"pa_kasvukorgus-80-90-cm","14":"pa_laius-60-90-cm","15":"pa_lisainfo-sobib-osalise-varjuga-kasvualale","16":"pa_oie-varv-roosa","17":"pa_oitsemise-aeg-august-oktoober","18":"pa_talvekindlus-hea","19":"pa_tingimused-hea-drenaaz","20":"pa_tingimused-niiske","21":"pa_tsoon-5-9","22":"pa_valguse-tingimused-paike","23":"pa_valguse-tingimused-poolvari","24":"pa_variatsioon-suurem-pott","25":"pa_variatsioon-vaiksem-pott","27":"first","28":"instock","29":"purchasable","30":"product-type-variable"},"acf":[],"_links":{"self":[{"href":"https:\/\/dev.garden.ee\/en\/wp-json\/wp\/v2\/product\/9300","targetHints":{"allow":["GET"]}}],"collection":[{"href":"https:\/\/dev.garden.ee\/en\/wp-json\/wp\/v2\/product"}],"about":[{"href":"https:\/\/dev.garden.ee\/en\/wp-json\/wp\/v2\/types\/product"}],"wp:featuredmedia":[{"embeddable":true,"href":"https:\/\/dev.garden.ee\/en\/wp-json\/wp\/v2\/media\/9301"}],"wp:attachment":[{"href":"https:\/\/dev.garden.ee\/en\/wp-json\/wp\/v2\/media?parent=9300"}],"wp:term":[{"taxonomy":"product_brand","embeddable":true,"href":"https:\/\/dev.garden.ee\/en\/wp-json\/wp\/v2\/product_brand?post=9300"},{"taxonomy":"product_cat","embeddable":true,"href":"https:\/\/dev.garden.ee\/en\/wp-json\/wp\/v2\/product_cat?post=9300"},{"taxonomy":"product_tag","embeddable":true,"href":"https:\/\/dev.garden.ee\/en\/wp-json\/wp\/v2\/product_tag?post=9300"}],"curies":[{"name":"wp","href":"https:\/\/api.w.org\/{rel}","templated":true}]}}