{"id":9291,"date":"2023-01-18T18:17:38","date_gmt":"2023-01-18T16:17:38","guid":{"rendered":"https:\/\/dev.zezz.ee\/garden\/toode\/viburnum-lantana\/"},"modified":"2023-03-24T12:20:05","modified_gmt":"2023-03-24T10:20:05","slug":"viburnum-lantana","status":"publish","type":"product","link":"https:\/\/dev.garden.ee\/en\/product\/viburnum-lantana\/","title":{"rendered":"Viburnum lantana"},"content":{"rendered":"<input class=\"fooboxshare_post_id\" type=\"hidden\" value=\"9291\"\/>","protected":false},"excerpt":{"rendered":"<p>Rohkelt harunev p\u00fcstise kasvuga p\u00f5\u00f5sas. Noored v\u00f5rsed on kaetud hallide viltjate karvakestega, vanemate okste koor p\u00fcsib hallikas, kuid pole enam karvane. Lehed paksud, pealt tumerohelised, alt hallikasrohelised ning tihedalt karvased. Sarikates asetsevad \u00f5ied moodustuvad eelmise aasta v\u00f5rsele. Valgetest \u00f5itest valmivad septembris mittes\u00f6\u00f6davad piklikud alguses rohelised, vahepeal erepunased ning valmides l\u00e4ikivmustad marjad.<\/p>","protected":false},"featured_media":9292,"template":"","meta":[],"product_brand":[],"product_cat":[4403,4395,6934,4406,4396,22],"product_tag":[],"class_list":{"0":"post-9291","1":"product","2":"type-product","3":"status-publish","4":"has-post-thumbnail","6":"product_cat-kodu","7":"product_cat-hekid","8":"product_cat-mesilassobralik-aed","9":"product_cat-park","10":"product_cat-puud-ja-poosad","11":"product_cat-taimed","12":"pa_moodud-k-2-3-m-l-15-m","13":"pa_muugisuurus-erinevad-suurused","14":"pa_oie-varv-valge","15":"pa_oitsemise-aeg-mai-juuni","16":"pa_variatsioon-poosas-h-120-150-cm","17":"pa_variatsioon-poosas-h-150-175-cm","18":"pa_variatsioon-poosas-h-40-60-cm","19":"pa_variatsioon-poosas-h-80-100-cm","21":"first","22":"instock","23":"taxable","24":"shipping-taxable","25":"purchasable","26":"product-type-variable"},"acf":[],"_links":{"self":[{"href":"https:\/\/dev.garden.ee\/en\/wp-json\/wp\/v2\/product\/9291","targetHints":{"allow":["GET"]}}],"collection":[{"href":"https:\/\/dev.garden.ee\/en\/wp-json\/wp\/v2\/product"}],"about":[{"href":"https:\/\/dev.garden.ee\/en\/wp-json\/wp\/v2\/types\/product"}],"wp:featuredmedia":[{"embeddable":true,"href":"https:\/\/dev.garden.ee\/en\/wp-json\/wp\/v2\/media\/9292"}],"wp:attachment":[{"href":"https:\/\/dev.garden.ee\/en\/wp-json\/wp\/v2\/media?parent=9291"}],"wp:term":[{"taxonomy":"product_brand","embeddable":true,"href":"https:\/\/dev.garden.ee\/en\/wp-json\/wp\/v2\/product_brand?post=9291"},{"taxonomy":"product_cat","embeddable":true,"href":"https:\/\/dev.garden.ee\/en\/wp-json\/wp\/v2\/product_cat?post=9291"},{"taxonomy":"product_tag","embeddable":true,"href":"https:\/\/dev.garden.ee\/en\/wp-json\/wp\/v2\/product_tag?post=9291"}],"curies":[{"name":"wp","href":"https:\/\/api.w.org\/{rel}","templated":true}]}}