{"id":9281,"date":"2023-01-18T18:17:32","date_gmt":"2023-01-18T16:17:32","guid":{"rendered":"https:\/\/dev.zezz.ee\/garden\/toode\/pimpinella-major-rosea\/"},"modified":"2026-03-06T16:16:06","modified_gmt":"2026-03-06T14:16:06","slug":"pimpinella-major-rosea","status":"publish","type":"product","link":"https:\/\/dev.garden.ee\/en\/product\/pimpinella-major-rosea\/","title":{"rendered":"Pimpinella major &#8216;Rosea&#8217;"},"content":{"rendered":"<input class=\"fooboxshare_post_id\" type=\"hidden\" value=\"9281\"\/>","protected":false},"excerpt":{"rendered":"<p>See v\u00e4hetuntud p\u00fcsik on tegelikult t\u00e4nuv\u00e4\u00e4rne taim, peenras moodustab \u00f5hulise, kuid \u00fcsna tiheda kompositsiooni, seemnetest ei paljune ega aja ennast laiali. Samuti on ta suurep\u00e4rane l\u00f5ikelill. \u00d5rnroosad \u00f5iekobarad ilmuvad kevade l\u00f5pus ja \u00f5itsevad veel mitu kuud. Sobib istutamiseks koos roosip\u00f5\u00f5sastega. Meelitab aeda liblikaid. Jagada on veidi keeruline, sest juur on porganditaoline. Kuivemas pinnases j\u00e4\u00e4b madalamaks.<\/p>","protected":false},"featured_media":9282,"template":"","meta":[],"product_brand":[],"product_cat":[4413,4401,22],"product_tag":[],"class_list":{"0":"post-9281","1":"product","2":"type-product","3":"status-publish","4":"has-post-thumbnail","6":"product_cat-loikelilleaed","7":"product_cat-pusikud","8":"product_cat-taimed","9":"pa_haiguskindlus-vaga-hea","10":"pa_lohn-lohnav","11":"pa_moodud-k-60-90-cm-l-45-60-cm","12":"pa_oie-varv-roosa","13":"pa_oitsemise-aeg-mai-juuli","14":"pa_talvekindlus-vaga-hea","15":"pa_tsoon-z-5-9","16":"pa_variatsioon-suurem-pott","17":"pa_variatsioon-vaiksem-pott","19":"first","20":"outofstock","21":"purchasable","22":"product-type-variable"},"acf":[],"_links":{"self":[{"href":"https:\/\/dev.garden.ee\/en\/wp-json\/wp\/v2\/product\/9281","targetHints":{"allow":["GET"]}}],"collection":[{"href":"https:\/\/dev.garden.ee\/en\/wp-json\/wp\/v2\/product"}],"about":[{"href":"https:\/\/dev.garden.ee\/en\/wp-json\/wp\/v2\/types\/product"}],"wp:featuredmedia":[{"embeddable":true,"href":"https:\/\/dev.garden.ee\/en\/wp-json\/wp\/v2\/media\/9282"}],"wp:attachment":[{"href":"https:\/\/dev.garden.ee\/en\/wp-json\/wp\/v2\/media?parent=9281"}],"wp:term":[{"taxonomy":"product_brand","embeddable":true,"href":"https:\/\/dev.garden.ee\/en\/wp-json\/wp\/v2\/product_brand?post=9281"},{"taxonomy":"product_cat","embeddable":true,"href":"https:\/\/dev.garden.ee\/en\/wp-json\/wp\/v2\/product_cat?post=9281"},{"taxonomy":"product_tag","embeddable":true,"href":"https:\/\/dev.garden.ee\/en\/wp-json\/wp\/v2\/product_tag?post=9281"}],"curies":[{"name":"wp","href":"https:\/\/api.w.org\/{rel}","templated":true}]}}