{"id":9183,"date":"2023-01-18T18:16:38","date_gmt":"2023-01-18T16:16:38","guid":{"rendered":"https:\/\/dev.zezz.ee\/garden\/toode\/panicum-virgatum-northwind\/"},"modified":"2026-03-05T12:26:02","modified_gmt":"2026-03-05T10:26:02","slug":"panicum-virgatum-northwind","status":"publish","type":"product","link":"https:\/\/dev.garden.ee\/en\/product\/panicum-virgatum-northwind\/","title":{"rendered":"Panicum virgatum &#8216;Northwind&#8217;"},"content":{"rendered":"<input class=\"fooboxshare_post_id\" type=\"hidden\" value=\"9183\"\/>","protected":false},"excerpt":{"rendered":"<p>Tegemist on suurep\u00e4rase k\u00f5rrelisega, mis suudab v\u00e4ga edukalt asendada nt hiina siidp\u00f6\u00f6riseid. Kasuta kauniks \u00f5hk\u00f5rnaks taustaks p\u00fcsikupeenrale, bord\u00fc\u00fcriks, loodusaeda v\u00f5i koguni veesilma ligidusse. Kasvuperioodil on lehestik p\u00f5nevalt hallikasroheline, s\u00fcgise tulekul muutub aga kaunilt mitmev\u00e4rviliseks. \u00d5hulised, lainetavad seemnepead ilmuvad suvekeskel ning p\u00fcsivad atraktiivsena ka talveperioodil. Istutamisel tuleks kindlasti arvestada sellega, et taimele j\u00e4\u00e4ks piisav kasvuruum. P\u00f5neva efekti annab taim nii massistutusena kui ka koos teiste p\u00fcsikute, k\u00f5rrelistega. Vitshirsid taluvad kehva pinnast, kuivust ning ei vaja liigset v\u00e4etamiset ega hoolitsust. Ainus, mida tuleks teha, on kevadine tagasil\u00f5ikus. Kasvukoht v\u00f5iks olla p\u00e4ikseline, see tagab taime tugeva kasvu.<\/p>","protected":false},"featured_media":9184,"template":"","meta":[],"product_brand":[],"product_cat":[4407,4400,4415,4401,22],"product_tag":[],"class_list":{"0":"post-9183","1":"product","2":"type-product","3":"status-publish","4":"has-post-thumbnail","6":"product_cat-aasad","7":"product_cat-korrelised","8":"product_cat-lilleaed","9":"product_cat-pusikud","10":"product_cat-taimed","11":"pa_haiguskindlus-hea","12":"pa_moodud-k-120-150-cm-l-60-90-cm","13":"pa_oie-varv-roheline","14":"pa_oitsemise-aeg-august-oktoober","15":"pa_talvekindlus-hea","16":"pa_tsoon-z-4-9","17":"pa_variatsioon-suurem-pott","18":"pa_variatsioon-vaiksem-pott","20":"first","21":"outofstock","22":"purchasable","23":"product-type-variable"},"acf":[],"_links":{"self":[{"href":"https:\/\/dev.garden.ee\/en\/wp-json\/wp\/v2\/product\/9183","targetHints":{"allow":["GET"]}}],"collection":[{"href":"https:\/\/dev.garden.ee\/en\/wp-json\/wp\/v2\/product"}],"about":[{"href":"https:\/\/dev.garden.ee\/en\/wp-json\/wp\/v2\/types\/product"}],"wp:featuredmedia":[{"embeddable":true,"href":"https:\/\/dev.garden.ee\/en\/wp-json\/wp\/v2\/media\/9184"}],"wp:attachment":[{"href":"https:\/\/dev.garden.ee\/en\/wp-json\/wp\/v2\/media?parent=9183"}],"wp:term":[{"taxonomy":"product_brand","embeddable":true,"href":"https:\/\/dev.garden.ee\/en\/wp-json\/wp\/v2\/product_brand?post=9183"},{"taxonomy":"product_cat","embeddable":true,"href":"https:\/\/dev.garden.ee\/en\/wp-json\/wp\/v2\/product_cat?post=9183"},{"taxonomy":"product_tag","embeddable":true,"href":"https:\/\/dev.garden.ee\/en\/wp-json\/wp\/v2\/product_tag?post=9183"}],"curies":[{"name":"wp","href":"https:\/\/api.w.org\/{rel}","templated":true}]}}