{"id":9175,"date":"2023-01-18T18:16:33","date_gmt":"2023-01-18T16:16:33","guid":{"rendered":"https:\/\/dev.zezz.ee\/garden\/toode\/aster-divaricatus\/"},"modified":"2026-02-17T11:00:02","modified_gmt":"2026-02-17T09:00:02","slug":"aster-divaricatus","status":"publish","type":"product","link":"https:\/\/dev.garden.ee\/en\/product\/aster-divaricatus\/","title":{"rendered":"Aster divaricatus \/ Eurybia divaricata"},"content":{"rendered":"<input class=\"fooboxshare_post_id\" type=\"hidden\" value=\"9175\"\/>","protected":false},"excerpt":{"rendered":"<p>Erinevalt teistest astritest, kasvab antud sort ka kerges varjus, p\u00f5\u00f5saste all. Suurep\u00e4rane pinnakatja, ideaalne peenarde\u00e4\u00e4ristaja. Taim moodustab madala ererohelise p\u00f5\u00f5sa lehtedest, mille kohale kerkivad pikema tumeda varre otsas olevad, pisemad t\u00e4hekujulised \u00f5ied. \u00d5ied on valged, punase s\u00fcdamikuga.<\/p>","protected":false},"featured_media":9176,"template":"","meta":[],"product_brand":[],"product_cat":[4415,6934,4401,22],"product_tag":[],"class_list":{"0":"post-9175","1":"product","2":"type-product","3":"status-publish","4":"has-post-thumbnail","6":"product_cat-lilleaed","7":"product_cat-mesilassobralik-aed","8":"product_cat-pusikud","9":"product_cat-taimed","10":"pa_haiguskindlus-hea","11":"pa_kasvukorgus-40-60-cm","12":"pa_laius-40-60-cm","13":"pa_lisainfo-mesilaste-lemmik","14":"pa_lisainfo-sobib-osalise-varjuga-kasvualale","15":"pa_lisainfo-talub-ka-tuulisemat-kasvukohta","16":"pa_oie-varv-valge","17":"pa_oitsemise-aeg-august-oktoober","18":"pa_talvekindlus-vaga-hea","19":"pa_tingimused-hea-drenaaz","20":"pa_tingimused-niiske","21":"pa_tingimused-parasniiske","22":"pa_tingimused-viljakas","23":"pa_tsoon-4-9","24":"pa_valguse-tingimused-paike","25":"pa_valguse-tingimused-poolvari","26":"pa_variatsioon-suurem-pott","27":"pa_variatsioon-vaiksem-pott","29":"first","30":"instock","31":"purchasable","32":"product-type-variable"},"acf":[],"_links":{"self":[{"href":"https:\/\/dev.garden.ee\/en\/wp-json\/wp\/v2\/product\/9175","targetHints":{"allow":["GET"]}}],"collection":[{"href":"https:\/\/dev.garden.ee\/en\/wp-json\/wp\/v2\/product"}],"about":[{"href":"https:\/\/dev.garden.ee\/en\/wp-json\/wp\/v2\/types\/product"}],"wp:featuredmedia":[{"embeddable":true,"href":"https:\/\/dev.garden.ee\/en\/wp-json\/wp\/v2\/media\/9176"}],"wp:attachment":[{"href":"https:\/\/dev.garden.ee\/en\/wp-json\/wp\/v2\/media?parent=9175"}],"wp:term":[{"taxonomy":"product_brand","embeddable":true,"href":"https:\/\/dev.garden.ee\/en\/wp-json\/wp\/v2\/product_brand?post=9175"},{"taxonomy":"product_cat","embeddable":true,"href":"https:\/\/dev.garden.ee\/en\/wp-json\/wp\/v2\/product_cat?post=9175"},{"taxonomy":"product_tag","embeddable":true,"href":"https:\/\/dev.garden.ee\/en\/wp-json\/wp\/v2\/product_tag?post=9175"}],"curies":[{"name":"wp","href":"https:\/\/api.w.org\/{rel}","templated":true}]}}