{"id":9155,"date":"2023-01-18T18:16:24","date_gmt":"2023-01-18T16:16:24","guid":{"rendered":"https:\/\/dev.zezz.ee\/garden\/toode\/parrotia-persica\/"},"modified":"2023-03-21T13:15:09","modified_gmt":"2023-03-21T11:15:09","slug":"parrotia-persica","status":"publish","type":"product","link":"https:\/\/dev.garden.ee\/en\/product\/parrotia-persica\/","title":{"rendered":"Parrotia persica"},"content":{"rendered":"<input class=\"fooboxshare_post_id\" type=\"hidden\" value=\"9155\"\/>","protected":false},"excerpt":{"rendered":"<p>Parrootia v\u00f5i raudpuu on n\u00f5iapuu sugulane ja sama varajane \u00f5itseja. Omap\u00e4rased roosakas punased \u00f5ietupsud ilmuvad puule enne lehti, juba talve l\u00f5pul, siis kui k\u00f5ik muud taimed veel puhkavad. Ka parrotia t\u00e4rkvad lehed suudavad \u00fcllatada, sest puhkedes on nad uhkelt punakas-purpursed, lainelise \u00e4\u00e4re ja s\u00fcgava soonega. Ajapikku muutub lehev\u00e4rv kirkaks roheliseks ja s\u00fcgisel muudavad lehed oma tooni uuesti, seekord ehtides end k\u00f5ikidesse s\u00fcgiv\u00e4rvidesse kollasest purpurseni. Parrootia on tunnustatud ka oma erilise, heleda, kooruva t\u00fcve poolest.<\/p>","protected":false},"featured_media":9156,"template":"","meta":[],"product_brand":[],"product_cat":[4403,4406,4396,22],"product_tag":[],"class_list":{"0":"post-9155","1":"product","2":"type-product","3":"status-publish","4":"has-post-thumbnail","6":"product_cat-kodu","7":"product_cat-park","8":"product_cat-puud-ja-poosad","9":"product_cat-taimed","10":"pa_moodud-k-5-79-m-l-5-7-m","11":"pa_muugisuurus-h-200-250-cm","12":"pa_oie-varv-roosa","13":"pa_oitsemise-aeg-aprill","14":"pa_tsoon-4-8","15":"pa_variatsioon-puuvorm-h-200-250-cm","17":"first","18":"outofstock","19":"taxable","20":"shipping-taxable","21":"purchasable","22":"product-type-variable"},"acf":[],"_links":{"self":[{"href":"https:\/\/dev.garden.ee\/en\/wp-json\/wp\/v2\/product\/9155","targetHints":{"allow":["GET"]}}],"collection":[{"href":"https:\/\/dev.garden.ee\/en\/wp-json\/wp\/v2\/product"}],"about":[{"href":"https:\/\/dev.garden.ee\/en\/wp-json\/wp\/v2\/types\/product"}],"wp:featuredmedia":[{"embeddable":true,"href":"https:\/\/dev.garden.ee\/en\/wp-json\/wp\/v2\/media\/9156"}],"wp:attachment":[{"href":"https:\/\/dev.garden.ee\/en\/wp-json\/wp\/v2\/media?parent=9155"}],"wp:term":[{"taxonomy":"product_brand","embeddable":true,"href":"https:\/\/dev.garden.ee\/en\/wp-json\/wp\/v2\/product_brand?post=9155"},{"taxonomy":"product_cat","embeddable":true,"href":"https:\/\/dev.garden.ee\/en\/wp-json\/wp\/v2\/product_cat?post=9155"},{"taxonomy":"product_tag","embeddable":true,"href":"https:\/\/dev.garden.ee\/en\/wp-json\/wp\/v2\/product_tag?post=9155"}],"curies":[{"name":"wp","href":"https:\/\/api.w.org\/{rel}","templated":true}]}}