{"id":9120,"date":"2023-01-18T18:16:06","date_gmt":"2023-01-18T16:16:06","guid":{"rendered":"https:\/\/dev.zezz.ee\/garden\/toode\/paeonia-lactiflora-duchesse-de-nemours\/"},"modified":"2026-03-05T10:32:14","modified_gmt":"2026-03-05T08:32:14","slug":"paeonia-lactiflora-duchesse-de-nemours","status":"publish","type":"product","link":"https:\/\/dev.garden.ee\/en\/product\/paeonia-lactiflora-duchesse-de-nemours\/","title":{"rendered":"Paeonia lactiflora &#8216;Duchesse de Nemours&#8217;"},"content":{"rendered":"<input class=\"fooboxshare_post_id\" type=\"hidden\" value=\"9120\"\/>","protected":false},"excerpt":{"rendered":"<p>Valget v\u00e4rvi, magusalt l\u00f5hnaval suurel t\u00e4idis\u00f5iel on kroonlehtede keskosas kreemikat toonitust. P\u00f5\u00f5sas on puhmjas ja kompaktne, lehestik terve ja tumeroheline kuni s\u00fcgiseni. Laialdase kasutusalaga p\u00fcsik: sobib parki, jalgradade \u00e4\u00e4rde, sisses\u00f5idutee \u00e4\u00e4rde, \u00fcksikult, gruppidena, segapeenrasse. Sobib suurep\u00e4raselt ka l\u00f5ikelilleks. Pojengid armastavad rammusamat mulda ja p\u00e4ikesepaistelist kasvukohta. \u00dcmber istutada vaid \u00e4\u00e4rmisel vajadusel, kindlasti s\u00fcgisel. Istutuss\u00fcgavus v\u00f5iks olla nii, et saaks m\u00f5ned sentimeetrid pungadest oleks mullaga kaetud. V\u00e4rsket s\u00f5nnikut mitte kasutada istutamisel! Hea on kasutada huumuserikast mulda v\u00f5i k\u00f5dus\u00f5nnikut. Pojengid on k\u00fclmakindlad, kuid soovitaks ikkagi esimesel-teisel kasvuaastal, s\u00fcgisel- kergelt kuhjata mulda taime juurtele v\u00f5i kuhjata puulehti v\u00f5i kuuseoksi.<\/p>","protected":false},"featured_media":9121,"template":"","meta":[],"product_brand":[],"product_cat":[4415,4414,4413,4401,22],"product_tag":[],"class_list":{"0":"post-9120","1":"product","2":"type-product","3":"status-publish","4":"has-post-thumbnail","6":"product_cat-lilleaed","7":"product_cat-lohnaaed","8":"product_cat-loikelilleaed","9":"product_cat-pusikud","10":"product_cat-taimed","11":"pa_haiguskindlus-hea","12":"pa_moodud-k-80-l-80-cm","13":"pa_oie-varv-valge","14":"pa_oitsemise-aeg-juuni","15":"pa_talvekindlus-vaga-hea","16":"pa_tsoon-z-3-9","17":"pa_variatsioon-suurem-pott","18":"pa_variatsioon-vaiksem-pott","20":"first","21":"outofstock","22":"purchasable","23":"product-type-variable"},"acf":[],"_links":{"self":[{"href":"https:\/\/dev.garden.ee\/en\/wp-json\/wp\/v2\/product\/9120","targetHints":{"allow":["GET"]}}],"collection":[{"href":"https:\/\/dev.garden.ee\/en\/wp-json\/wp\/v2\/product"}],"about":[{"href":"https:\/\/dev.garden.ee\/en\/wp-json\/wp\/v2\/types\/product"}],"wp:featuredmedia":[{"embeddable":true,"href":"https:\/\/dev.garden.ee\/en\/wp-json\/wp\/v2\/media\/9121"}],"wp:attachment":[{"href":"https:\/\/dev.garden.ee\/en\/wp-json\/wp\/v2\/media?parent=9120"}],"wp:term":[{"taxonomy":"product_brand","embeddable":true,"href":"https:\/\/dev.garden.ee\/en\/wp-json\/wp\/v2\/product_brand?post=9120"},{"taxonomy":"product_cat","embeddable":true,"href":"https:\/\/dev.garden.ee\/en\/wp-json\/wp\/v2\/product_cat?post=9120"},{"taxonomy":"product_tag","embeddable":true,"href":"https:\/\/dev.garden.ee\/en\/wp-json\/wp\/v2\/product_tag?post=9120"}],"curies":[{"name":"wp","href":"https:\/\/api.w.org\/{rel}","templated":true}]}}